{"id":58023,"date":"2023-04-28T17:01:11","date_gmt":"2023-04-28T17:01:11","guid":{"rendered":"https:\/\/selig-group.com\/previous-privacy-policy\/"},"modified":"2023-05-04T20:21:04","modified_gmt":"2023-05-04T20:21:04","slug":"previous-privacy-policy","status":"publish","type":"page","link":"https:\/\/www.seliggroup.com\/de\/previous-privacy-policy\/","title":{"rendered":"Previous Privacy Policy"},"content":{"rendered":"\t\t<div data-elementor-type=\"wp-page\" data-elementor-id=\"58023\" class=\"elementor elementor-58023 elementor-57783\" data-elementor-post-type=\"page\">\n\t\t\t\t<div class=\"elementor-element elementor-element-48e99768 e-con-full normal-horizontal-padding e-flex e-con e-parent\" data-id=\"48e99768\" data-element_type=\"container\" data-e-type=\"container\" data-settings=\"{&quot;background_background&quot;:&quot;classic&quot;}\">\n\t\t<div class=\"elementor-element elementor-element-661a5899 e-con-full e-flex e-con e-parent\" data-id=\"661a5899\" data-element_type=\"container\" data-e-type=\"container\" data-settings=\"{&quot;background_background&quot;:&quot;slideshow&quot;,&quot;background_slideshow_gallery&quot;:[],&quot;background_slideshow_loop&quot;:&quot;yes&quot;,&quot;background_slideshow_slide_duration&quot;:5000,&quot;background_slideshow_slide_transition&quot;:&quot;fade&quot;,&quot;background_slideshow_transition_duration&quot;:500}\">\n\t\t\t\t<div class=\"elementor-element elementor-element-7beb0d7b elementor-widget__width-auto elementor-widget elementor-widget-heading\" data-id=\"7beb0d7b\" data-element_type=\"widget\" data-e-type=\"widget\" data-widget_type=\"heading.default\">\n\t\t\t\t<div class=\"elementor-widget-container\">\n\t\t\t\t\t<span class=\"elementor-heading-title elementor-size-default\"><a href=\"https:\/\/www.seliggroup.com\/de\/\">STARTSEITE\/<\/a><\/span>\t\t\t\t<\/div>\n\t\t\t\t<\/div>\n\t\t\t\t<div class=\"elementor-element elementor-element-4f0468af elementor-widget__width-auto elementor-widget elementor-widget-heading\" data-id=\"4f0468af\" data-element_type=\"widget\" data-e-type=\"widget\" data-widget_type=\"heading.default\">\n\t\t\t\t<div class=\"elementor-widget-container\">\n\t\t\t\t\t<span class=\"elementor-heading-title elementor-size-default\"><a href=\"https:\/\/www.seliggroup.com\/de\/previous-privacy-policy\/\">Datenschutzbestimmungen zu.<\/a><\/span>\t\t\t\t<\/div>\n\t\t\t\t<\/div>\n\t\t\t\t<\/div>\n\t\t<div class=\"elementor-element elementor-element-1576cb75 e-con-full e-flex e-con e-parent\" data-id=\"1576cb75\" data-element_type=\"container\" data-e-type=\"container\">\n\t\t\t\t<div class=\"elementor-element elementor-element-4da3476c elementor-widget__width-initial elementor-widget elementor-widget-heading\" data-id=\"4da3476c\" data-element_type=\"widget\" data-e-type=\"widget\" data-widget_type=\"heading.default\">\n\t\t\t\t<div class=\"elementor-widget-container\">\n\t\t\t\t\t<p class=\"elementor-heading-title elementor-size-default\">Previous Privacy Policy<\/p>\t\t\t\t<\/div>\n\t\t\t\t<\/div>\n\t\t\t\t<\/div>\n\t\t\t\t<\/div>\n\t\t<div class=\"elementor-element elementor-element-9dfbdf4 e-con-full normal-horizontal-padding e-flex e-con e-parent\" data-id=\"9dfbdf4\" data-element_type=\"container\" data-e-type=\"container\">\n\t\t<div class=\"elementor-element elementor-element-3de7e0f8 e-con-full e-flex e-con e-parent\" data-id=\"3de7e0f8\" data-element_type=\"container\" data-e-type=\"container\">\n\t\t<div class=\"elementor-element elementor-element-76535621 e-con-full e-flex e-con e-parent\" data-id=\"76535621\" data-element_type=\"container\" data-e-type=\"container\">\n\t\t<div class=\"elementor-element elementor-element-6b4c885a e-con-full e-flex e-con e-parent\" data-id=\"6b4c885a\" data-element_type=\"container\" data-e-type=\"container\">\n\t\t<div class=\"elementor-element elementor-element-211df1c4 e-con-full e-flex e-con e-parent\" data-id=\"211df1c4\" data-element_type=\"container\" data-e-type=\"container\">\n\t\t\t\t<div class=\"elementor-element elementor-element-c2f0297 elementor-widget elementor-widget-text-editor\" data-id=\"c2f0297\" data-element_type=\"widget\" data-e-type=\"widget\" data-widget_type=\"text-editor.default\">\n\t\t\t\t<div class=\"elementor-widget-container\">\n\t\t\t\t\t\t\t\t\t<h3><b>Datenschutzbestimmungen zu.<\/b><\/h3>\n<p>Diese Datenschutzrichtlinie legt fest, wie Selig Informationen, die Sie Selig geben oder die Selig sammelt, wenn Sie diese Website n\u00fctzen, verwendet und sch\u00fctzt.<\/p>\n<p>Selig setzt sich daf\u00fcr ein, dass Ihre Privatsph\u00e4re gesch\u00fctzt wird. Wenn Sie bei der Nutzung dieser Website bestimmte Informationen zur Verf\u00fcgung stellen, durch die Sie identifiziert werden k\u00f6nnen, dann k\u00f6nnen Sie sicher sein, dass diese nur in \u00dcbereinstimmung mit dieser Datenschutzrichtlinie verwendet werden.<\/p>\n<p>Selig kann diese Richtlinie von Zeit zu Zeit durch Aktualisierung dieser Seite \u00e4ndern. Wir werden sicherstellen, dass Sie \u00fcber alle wesentlichen \u00c4nderungen informiert werden, indem wir eine E-Mail-Nachricht an die E-Mail-Adresse senden, die Sie uns zuletzt zur Verf\u00fcgung gestellt haben, oder indem wir einen Hinweis auf jeder relevanten Website ver\u00f6ffentlichen, so dass Sie sich \u00fcber die Auswirkungen auf die Datenverarbeitungsaktivit\u00e4ten bewusst sind, bevor Sie sich weiter engagieren. Wir empfehlen Ihnen, diese Richtlinie regelm\u00e4ssig zu \u00fcberpr\u00fcfen, damit Sie immer wissen, welche Daten wir sammeln, wie wir sie verwenden und mit wem wir sie teilen.<\/p>\n<p>Informationen, die wir sammeln<\/p>\n<ul>\n<li>Von Ihnen bereitgestellte Informationen\n<ul>\n<li>Konto-Registrierung: Wenn Sie sich f\u00fcr ein Konto registrieren oder Webformulare ausf\u00fcllen, fragen wir Sie m\u00f6glicherweise nach Ihren Kontaktinformationen, einschliesslich Informationen wie Name, Titel, E-Mail-Adresse, physische Adresse, Mobil- und B\u00fcrotelefonnummer(n), bevorzugte Sprache, Berufsbezeichnung, Art der Abteilung und Firmenname Ihres Arbeitgebers.<\/li>\n<li>Pr\u00e4ferenzen und Interessen in Bezug auf unsere Produkte und Dienstleistungen, die Sie f\u00fcr unsere zuk\u00fcnftige Kontaktaufnahme interessieren k\u00f6nnten.<\/li>\n<li>Kommunikation: Wenn Sie uns direkt oder \u00fcber unsere Website kontaktieren, k\u00f6nnen wir Informationen \u00fcber Sie erhalten, wie z. B. Ihren Namen, Ihren Titel, Ihre E-Mail-Adresse, Ihre Telefonnummer, den Inhalt der Kommunikation und Anh\u00e4nge, die Sie senden, sowie andere Informationen, die Sie uns zur Verf\u00fcgung stellen. Wir k\u00f6nnen auch eine Best\u00e4tigung erhalten, wenn Sie eine E-Mail von uns \u00f6ffnen.<\/li>\n<li>Andere Informationen, die f\u00fcr die Kundenzufriedenheit oder -unzufriedenheit relevant sind, wie z. B. Umfragen.<\/li>\n<\/ul>\n<\/li>\n<li>Andere Informationen, die f\u00fcr die Kundenzufriedenheit oder -unzufriedenheit relevant sind, wie z. B. Umfragen.\n<ul>\n<li>Cookies und andere Tracking-Technologien: Wenn Sie mit uns online interagieren, sammeln wir bestimmte Informationen direkt oder durch Dritte, wie z. B. unseren Analysepartner, durch verschiedene Technologien wie Cookies oder Web Beacons. Diese Informationen k\u00f6nnen Details \u00fcber Ihr Ger\u00e4t, Internetprotokoll (IP)-Adressen, Browsertyp, Internet-Service-Provider (ISP), verweisende URL, Ausstiegsseiten, Betriebssystem, Datums-\/Zeitstempel, Clickstream-Daten und Suchbegriffe enthalten. Wir verwenden auch Web-Beacons in E-Mails, um die Nutzung und die Effektivit\u00e4t von Kampagnen zu verstehen und um festzustellen, ob eine E-Mail ge\u00f6ffnet wurde und ob darauf reagiert wurde.<\/li>\n<li>Wie wir Cookies verwenden: Wir verwenden Cookies, um unseren Datenverkehr zu analysieren und grundlegende Website-Funktionen bereitzustellen, wie z. B. das Einloggen auf der Website, Ihren Login speichern und die Spracheinstellung. Wir verwenden analytische Partner von Drittanbietern, um Informationen \u00fcber Ihre Nutzung unserer Website zu verfolgen. Die folgenden Informationen listen die Cookies auf, die wir sammeln und welche Informationen sie speichern.\n<\/li>\n<\/ul>\n<\/li>\n<\/ul>\n<h3><b>Strikt notwendige Cookies<\/b><\/h3>\n<p>Diese Cookies sind f\u00fcr das Funktionieren der Website notwendig und k\u00f6nnen in unseren Systemen nicht abgeschaltet werden. Sie werden in der Regel nur als Reaktion auf von Ihnen durchgef\u00fchrte Aktionen gesetzt, die einer Anfrage nach Dienstleistungen gleichkommen, wie z. B. das Einstellen Ihrer Datenschutzeinstellungen, das Einloggen oder das Ausf\u00fcllen von Formularen. Sie k\u00f6nnen Ihren Browser so einstellen, dass er diese Cookies blockiert oder Sie vor ihnen warnt, aber einige Teile der Website funktionieren dann nicht. Diese Cookies speichern keine pers\u00f6nlich identifizierbaren Informationen.<\/p>\n<p>Verwendete Cookies<\/p>\n<ul>\n<li>SYNAPSE4_synapse_frt_message_referer_params<\/li>\n<li>SYNAPSE4_synapse_frt_message_referer_route<\/li>\n<li>OptanonConsent<\/li>\n<li>OptanonAlertBoxClosed<\/li>\n<\/ul>\n<h3><b><br>Leistungs-Cookies<\/b><\/h3>\n<p>Diese Cookies erm\u00f6glichen es uns, Besuche und Verkehrsquellen zu z\u00e4hlen, damit wir die Leistung unserer Website messen und verbessern k\u00f6nnen. Sie helfen uns zu wissen, welche Seiten am beliebtesten und am unbeliebtesten sind, und zu sehen, wie sich Besucher auf der Website bewegen. Alle Informationen, die diese Cookies sammeln, sind aggregiert und daher anonym. Wenn Sie diese Cookies nicht zulassen, wissen wir nicht, wann Sie unsere Website besucht haben, und k\u00f6nnen deren Leistung nicht \u00fcberwachen.<\/p>\n<p>Verwendete Cookies<\/p>\n<ul>\n<li>_gat<\/li>\n<li>_ga<\/li>\n<li>_gid<\/li>\n<li>JSESSIONID<\/li>\n<\/ul>\n<h3><b><br>Funktionale Cookies<\/b><\/h3>\n<p>Diese Cookies erm\u00f6glichen es der Website, verbesserte Funktionalit\u00e4t und Personalisierung zu bieten. Sie k\u00f6nnen von uns oder von Drittanbietern gesetzt werden, deren Dienste wir auf unseren Seiten hinzugef\u00fcgt haben. Wenn Sie diese Cookies nicht zulassen, k\u00f6nnen einige oder alle dieser Dienste nicht richtig funktionieren.<\/p>\n<p>Verwendete Cookies<\/p>\n<ul>\n<li>revslider_session<\/li>\n<\/ul>\n<h3><b><br>Zielgerichtete Cookies<\/b><\/h3>\n<p>Wir verwenden Cookies, um Ihre Clickstream-Daten aufzuzeichnen, damit wir Ihre Nutzung und Ihre Interessen an unseren Produkten besser verstehen und um unsere Dienstleistungen zu verbessern.<\/p>\n<p>Verwendete Cookies<\/p>\n<ul>\n<li>wp12167<\/li>\n<\/ul>\n<p>Sie k\u00f6nnen Ihre Cookie-Einstellungen hier verwalten: Cookie-Einstellungen<br><br><\/p>\n<p><\/p>\n<p><b>Wie wir Informationen verwenden<\/b><\/p>\n<ul>\n<li>Um Ihre Bed\u00fcrfnisse zu verstehen und Ihnen einen besseren Service zu bieten<\/li>\n<li>Wir k\u00f6nnen die Informationen verwenden, um unsere Website und das Besuchererlebnis zu pflegen, zu \u00fcberwachen, zu sichern, zu personalisieren und zu verbessern.<\/li>\n<li>Wir k\u00f6nnen in regelm\u00e4ssigen Abst\u00e4nden Werbe- und\/oder Bildungs-E-Mails bez\u00fcglich der Branche, Selig oder unserer Produkte und Dienstleistungen an Ihre angegebene E-Mail-Adresse senden. In allen F\u00e4llen werden diese Werbe-E-Mails den Datenschutzbestimmungen wie der Allgemeinen Datenschutzverordnung der Europ\u00e4ischen Union (GDPR) entsprechen.<\/li>\n<li>In regelm\u00e4ssigen Abst\u00e4nden bitten wir Sie um Ihre Meinung zu unseren Produkten, Dienstleistungen oder dem allgemeinen Ruf des Unternehmens, damit wir Sie besser bedienen k\u00f6nnen.<\/li>\n<li>Um Sie \u00fcber \u00c4nderungen an unserer Website und unseren Datenschutzrichtlinien zu benachrichtigen<\/li>\n<li>Direktmarketing\n<ul>\n<li>Es kann sein, dass wir von Zeit zu Zeit Ihre pers\u00f6nlichen Daten und die Aufzeichnung Ihrer fr\u00fcheren Website-Besuchsaktivit\u00e4ten f\u00fcr Direktmarketingzwecke auf der Grundlage berechtigter Interessen verwenden m\u00f6chten. Sie k\u00f6nnen der Verwendung zu Direktmarketingzwecken widersprechen, indem Sie auf den Link &#8220;Abmelden&#8221; klicken, der in allen Direktmarketing-E-Mails enthalten ist.<\/li>\n<li>Wenn Sie der Verwendung Ihrer pers\u00f6nlichen Daten f\u00fcr Direktmarketing widersprechen m\u00f6chten, f\u00fcllen Sie das beigef\u00fcgte Formular aus. [download here]<br><br><\/li>\n<\/ul>\n<\/li>\n<\/ul>\n<p><b>Wie wir Informationen weitergeben<\/b><\/p>\n<ul>\n<li>Wir verkaufen keine Ihrer Informationen an Dritte.<\/li>\n<li>Anbieter und Dienstanbieter: Wir teilen Informationen mit Drittanbietern und Dienstleistern, die in unserem Auftrag Dienstleistungen erbringen. Zu diesen Drittanbietern, die sich vertraglich zur Einhaltung der GDPR-Anforderungen verpflichtet haben, geh\u00f6ren unsere Unternehmen, die L\u00f6sungen anbieten f\u00fcr: Customer Relationship Management, Marketing Automation und Website-Hosting.<br><br><\/li>\n<\/ul>\n<p><b>Sicherheit<\/b><\/p>\n<p>Wir verpflichten uns sicherzustellen, dass Ihre Informationen sicher sind. Um einen unbefugten Zugriff oder eine unbefugte Offenlegung zu verhindern, haben wir geeignete physische, elektronische und verwaltungstechnische Verfahren eingerichtet, um die von uns online erfassten Daten zu sch\u00fctzen und zu sichern, einschliesslich Benutzerzugriffskontrolle, Aktivit\u00e4ts\u00fcberwachung, Systemaktualisierungen und Verschl\u00fcsselung nach Industriestandard.<br><br><\/p>\n<p><b>Datenschutzbestimmungen<\/b><\/p>\n<p>Wenn Sie Ihren Wohnsitz in der EU haben, halten wir uns an die EU-Datenschutzgrundverordnung. Um die Einhaltung unserer Verpflichtungen im Rahmen dieser Vorschriften zu gew\u00e4hrleisten, halten wir personenbezogene Daten auf dem neuesten Stand, speichern und vernichten personenbezogene Daten sicher, sammeln oder speichern keine \u00fcberm\u00e4ssigen Datenmengen und sch\u00fctzen personenbezogene Daten vor Verlust, Missbrauch, unbefugtem Zugriff und Offenlegung.<br><br><\/p>\n<p><b>Links zu anderen Websites<\/b><\/p>\n<p>Unsere Website kann Links zu anderen interessanten Websites enthalten. Sobald Sie jedoch diese Links benutzt haben, um unsere Website zu verlassen, beachten Sie bitte, dass wir keine Kontrolle \u00fcber diese andere Website haben. Daher sind wir nicht f\u00fcr den Schutz und die Vertraulichkeit von Informationen verantwortlich, die Sie beim Besuch solcher Websites zur Verf\u00fcgung stellen. Solche Websites unterliegen nicht dieser Datenschutzrichtlinie. Seien Sie vorsichtig und lesen Sie die f\u00fcr die betreffende Website geltenden Datenschutzrichtlinien.<br><br><\/p>\n<p><b>Wie lange bewahren wir Ihre pers\u00f6nlichen Daten auf?<\/b><\/p>\n<p>Kontodaten: Wir bewahren Ihre Kontodaten so lange auf, wie Ihr Konto aktiv ist und f\u00fcr einen angemessenen Zeitraum danach, um unsere gesch\u00e4ftlichen Anforderungen zu unterst\u00fctzen. Analytik: Analysedaten \u00fcber Google analytics werden 14 Monate lang aufbewahrt. Wir bewahren aggregierte Daten ohne pers\u00f6nlich identifizierbare Informationen auf.<br><br><\/p>\n<p><b>Zugriff auf Ihre eigenen pers\u00f6nlichen Informationen<\/b><\/p>\n<p>Personen, die unter die GDPR der Europ\u00e4ischen Union fallen, k\u00f6nnen Details zu den personenbezogenen Daten anfordern, die wir gem\u00e4ss dieser Verordnung \u00fcber sie speichern. Wenn Sie eine Kopie der Informationen w\u00fcnschen, die wir \u00fcber Sie gespeichert haben, schreiben Sie bitte an den Selig Datenschutzbeauftragten unter privacy@seliggroup.com<br><br><\/p>\n<p>Wenn Sie glauben, dass Informationen, die wir \u00fcber Sie haben, falsch oder unvollst\u00e4ndig sind, schreiben Sie uns bitte so schnell wie m\u00f6glich oder senden Sie eine E-Mail an den Selig Datenschutzbeauftragten unter privacy@seliggroup.com. Wir werden umgehend alle Informationen korrigieren, die sich als falsch herausstellen.<br><br><\/p>\n<p><b>Internationale \u00dcberweisungen<\/b><\/p>\n<p>Einige Stellen innerhalb von Selig, die Zugang zu Ihren personenbezogenen Daten haben, befinden sich ausserhalb der Europ\u00e4ischen Union. Wir k\u00f6nnen Ihre personenbezogenen Daten auch im Ausland weitergeben, zum Beispiel wenn wir eine gesetzliche oder beh\u00f6rdliche Anfrage von einer ausl\u00e4ndischen Strafverfolgungsbeh\u00f6rde erhalten. Wir werden immer Schritte unternehmen, um sicherzustellen, dass jede internationale \u00dcbertragung von Informationen sorgf\u00e4ltig verwaltet wird, um Ihre Rechte und Interessen zu sch\u00fctzen, insbesondere werden wir entweder:<\/p>\n<ul>\n<li>Ihre personenbezogenen Daten nur in L\u00e4nder \u00fcbermitteln, die anerkanntermassen ein angemessenes Rechtsschutzniveau gem\u00e4ss Artikel 45 der GDPR bieten; oder<\/li>\n<li>Sicherstellen, dass \u00dcbertragungen ausserhalb der Europ\u00e4ischen Union einer angemessenen rechtlichen Absicherung unterliegen &#8211; zum Beispiel den EU-Musterklauseln gem\u00e4ss Artikel 46(2) der GDPR und\/oder dem EU &#8211; U.S. Privacy Shield f\u00fcr den Schutz personenbezogener Daten, die in die USA \u00fcbertragen werden (weitere Einzelheiten finden Sie unter https:\/\/ec.europa.eu\/info\/law\/law-topic\/data-protection\/data-transfers-outside-eu\/eu-us-privacy-shield_en ).<\/li>\n<\/ul>\n<p>Sie haben das Recht, von uns weitere Informationen \u00fcber die oben erw\u00e4hnten Schutzmassnahmen zu verlangen. Wenden Sie sich an uns wie im obigen Abschnitt&nbsp;<em>&#8220;Zugang zu Ihren eigenen personenbezogenen Daten&#8221;<\/em> &nbsp;beschrieben, wenn Sie weitere Informationen w\u00fcnschen oder eine Kopie der dokumentierten Schutzmassnahmen anfordern m\u00f6chten, die zur Wahrung der Vertraulichkeit geschw\u00e4rzt sein k\u00f6nnen.<\/p>\t\t\t\t\t\t\t\t<\/div>\n\t\t\t\t<\/div>\n\t\t\t\t<\/div>\n\t\t\t\t<\/div>\n\t\t\t\t<\/div>\n\t\t\t\t<\/div>\n\t\t\t\t<\/div>\n\t\t\t\t<\/div>\n\t\t","protected":false},"excerpt":{"rendered":"<p>STARTSEITE\/ Datenschutzbestimmungen zu. Datenschutzbestimmungen zu. Diese Datenschutzrichtlinie legt fest, wie Selig Informationen, die Sie Selig geben oder die Selig sammelt, wenn Sie diese Website n\u00fctzen, verwendet und sch\u00fctzt. Selig setzt sich daf\u00fcr ein, dass Ihre Privatsph\u00e4re gesch\u00fctzt wird. Wenn Sie bei der Nutzung dieser Website bestimmte Informationen zur Verf\u00fcgung stellen, durch die Sie identifiziert werden [&hellip;]<\/p>\n","protected":false},"author":3,"featured_media":0,"parent":0,"menu_order":0,"comment_status":"closed","ping_status":"closed","template":"","meta":{"_acf_changed":false,"inline_featured_image":false,"_monsterinsights_skip_tracking":false,"_monsterinsights_sitenote_active":false,"_monsterinsights_sitenote_note":"","_monsterinsights_sitenote_category":0,"footnotes":"","_links_to":"","_links_to_target":""},"class_list":["post-58023","page","type-page","status-publish","hentry"],"acf":[],"yoast_head":"<!-- This site is optimized with the Yoast SEO plugin v27.4 - https:\/\/yoast.com\/product\/yoast-seo-wordpress\/ -->\n<title>Previous Privacy Policy - Selig Liners<\/title>\n<meta name=\"robots\" content=\"index, follow, max-snippet:-1, max-image-preview:large, max-video-preview:-1\" \/>\n<link rel=\"canonical\" href=\"https:\/\/www.seliggroup.com\/de\/previous-privacy-policy\/\" \/>\n<meta property=\"og:locale\" content=\"de_DE\" \/>\n<meta property=\"og:type\" content=\"article\" \/>\n<meta property=\"og:title\" content=\"Previous Privacy Policy - Selig Liners\" \/>\n<meta property=\"og:description\" content=\"STARTSEITE\/ Datenschutzbestimmungen zu. Datenschutzbestimmungen zu. Diese Datenschutzrichtlinie legt fest, wie Selig Informationen, die Sie Selig geben oder die Selig sammelt, wenn Sie diese Website n\u00fctzen, verwendet und sch\u00fctzt. Selig setzt sich daf\u00fcr ein, dass Ihre Privatsph\u00e4re gesch\u00fctzt wird. Wenn Sie bei der Nutzung dieser Website bestimmte Informationen zur Verf\u00fcgung stellen, durch die Sie identifiziert werden [&hellip;]\" \/>\n<meta property=\"og:url\" content=\"https:\/\/www.seliggroup.com\/de\/previous-privacy-policy\/\" \/>\n<meta property=\"og:site_name\" content=\"Selig Liners\" \/>\n<meta property=\"article:modified_time\" content=\"2023-05-04T20:21:04+00:00\" \/>\n<meta name=\"twitter:card\" content=\"summary_large_image\" \/>\n<meta name=\"twitter:label1\" content=\"Gesch\u00e4tzte Lesezeit\" \/>\n\t<meta name=\"twitter:data1\" content=\"8\u00a0Minuten\" \/>\n<script type=\"application\/ld+json\" class=\"yoast-schema-graph\">{\"@context\":\"https:\\\/\\\/schema.org\",\"@graph\":[{\"@type\":\"WebPage\",\"@id\":\"https:\\\/\\\/www.seliggroup.com\\\/de\\\/previous-privacy-policy\\\/\",\"url\":\"https:\\\/\\\/www.seliggroup.com\\\/de\\\/previous-privacy-policy\\\/\",\"name\":\"Previous Privacy Policy - Selig Liners\",\"isPartOf\":{\"@id\":\"https:\\\/\\\/www.seliggroup.com\\\/de\\\/#website\"},\"datePublished\":\"2023-04-28T17:01:11+00:00\",\"dateModified\":\"2023-05-04T20:21:04+00:00\",\"breadcrumb\":{\"@id\":\"https:\\\/\\\/www.seliggroup.com\\\/de\\\/previous-privacy-policy\\\/#breadcrumb\"},\"inLanguage\":\"de\",\"potentialAction\":[{\"@type\":\"ReadAction\",\"target\":[\"https:\\\/\\\/www.seliggroup.com\\\/de\\\/previous-privacy-policy\\\/\"]}]},{\"@type\":\"BreadcrumbList\",\"@id\":\"https:\\\/\\\/www.seliggroup.com\\\/de\\\/previous-privacy-policy\\\/#breadcrumb\",\"itemListElement\":[{\"@type\":\"ListItem\",\"position\":1,\"name\":\"Home\",\"item\":\"https:\\\/\\\/www.seliggroup.com\\\/de\\\/\"},{\"@type\":\"ListItem\",\"position\":2,\"name\":\"Previous Privacy Policy\"}]},{\"@type\":\"WebSite\",\"@id\":\"https:\\\/\\\/www.seliggroup.com\\\/de\\\/#website\",\"url\":\"https:\\\/\\\/www.seliggroup.com\\\/de\\\/\",\"name\":\"Selig Liners\",\"description\":\"Protect, Seal and Deliver\u2122\",\"publisher\":{\"@id\":\"https:\\\/\\\/www.seliggroup.com\\\/de\\\/#organization\"},\"potentialAction\":[{\"@type\":\"SearchAction\",\"target\":{\"@type\":\"EntryPoint\",\"urlTemplate\":\"https:\\\/\\\/www.seliggroup.com\\\/de\\\/?s={search_term_string}\"},\"query-input\":{\"@type\":\"PropertyValueSpecification\",\"valueRequired\":true,\"valueName\":\"search_term_string\"}}],\"inLanguage\":\"de\"},{\"@type\":\"Organization\",\"@id\":\"https:\\\/\\\/www.seliggroup.com\\\/de\\\/#organization\",\"name\":\"Selig Group\",\"alternateName\":\"Selig\",\"url\":\"https:\\\/\\\/www.seliggroup.com\\\/de\\\/\",\"logo\":{\"@type\":\"ImageObject\",\"inLanguage\":\"de\",\"@id\":\"https:\\\/\\\/www.seliggroup.com\\\/de\\\/#\\\/schema\\\/logo\\\/image\\\/\",\"url\":\"https:\\\/\\\/www.seliggroup.com\\\/wp-content\\\/uploads\\\/2022\\\/12\\\/SeligGroupLogo_CMYK.jpg\",\"contentUrl\":\"https:\\\/\\\/www.seliggroup.com\\\/wp-content\\\/uploads\\\/2022\\\/12\\\/SeligGroupLogo_CMYK.jpg\",\"width\":720,\"height\":336,\"caption\":\"Selig Group\"},\"image\":{\"@id\":\"https:\\\/\\\/www.seliggroup.com\\\/de\\\/#\\\/schema\\\/logo\\\/image\\\/\"}}]}<\/script>\n<!-- \/ Yoast SEO plugin. -->","yoast_head_json":{"title":"Previous Privacy Policy - Selig Liners","robots":{"index":"index","follow":"follow","max-snippet":"max-snippet:-1","max-image-preview":"max-image-preview:large","max-video-preview":"max-video-preview:-1"},"canonical":"https:\/\/www.seliggroup.com\/de\/previous-privacy-policy\/","og_locale":"de_DE","og_type":"article","og_title":"Previous Privacy Policy - Selig Liners","og_description":"STARTSEITE\/ Datenschutzbestimmungen zu. Datenschutzbestimmungen zu. Diese Datenschutzrichtlinie legt fest, wie Selig Informationen, die Sie Selig geben oder die Selig sammelt, wenn Sie diese Website n\u00fctzen, verwendet und sch\u00fctzt. Selig setzt sich daf\u00fcr ein, dass Ihre Privatsph\u00e4re gesch\u00fctzt wird. Wenn Sie bei der Nutzung dieser Website bestimmte Informationen zur Verf\u00fcgung stellen, durch die Sie identifiziert werden [&hellip;]","og_url":"https:\/\/www.seliggroup.com\/de\/previous-privacy-policy\/","og_site_name":"Selig Liners","article_modified_time":"2023-05-04T20:21:04+00:00","twitter_card":"summary_large_image","twitter_misc":{"Gesch\u00e4tzte Lesezeit":"8\u00a0Minuten"},"schema":{"@context":"https:\/\/schema.org","@graph":[{"@type":"WebPage","@id":"https:\/\/www.seliggroup.com\/de\/previous-privacy-policy\/","url":"https:\/\/www.seliggroup.com\/de\/previous-privacy-policy\/","name":"Previous Privacy Policy - Selig Liners","isPartOf":{"@id":"https:\/\/www.seliggroup.com\/de\/#website"},"datePublished":"2023-04-28T17:01:11+00:00","dateModified":"2023-05-04T20:21:04+00:00","breadcrumb":{"@id":"https:\/\/www.seliggroup.com\/de\/previous-privacy-policy\/#breadcrumb"},"inLanguage":"de","potentialAction":[{"@type":"ReadAction","target":["https:\/\/www.seliggroup.com\/de\/previous-privacy-policy\/"]}]},{"@type":"BreadcrumbList","@id":"https:\/\/www.seliggroup.com\/de\/previous-privacy-policy\/#breadcrumb","itemListElement":[{"@type":"ListItem","position":1,"name":"Home","item":"https:\/\/www.seliggroup.com\/de\/"},{"@type":"ListItem","position":2,"name":"Previous Privacy Policy"}]},{"@type":"WebSite","@id":"https:\/\/www.seliggroup.com\/de\/#website","url":"https:\/\/www.seliggroup.com\/de\/","name":"Selig Liners","description":"Protect, Seal and Deliver\u2122","publisher":{"@id":"https:\/\/www.seliggroup.com\/de\/#organization"},"potentialAction":[{"@type":"SearchAction","target":{"@type":"EntryPoint","urlTemplate":"https:\/\/www.seliggroup.com\/de\/?s={search_term_string}"},"query-input":{"@type":"PropertyValueSpecification","valueRequired":true,"valueName":"search_term_string"}}],"inLanguage":"de"},{"@type":"Organization","@id":"https:\/\/www.seliggroup.com\/de\/#organization","name":"Selig Group","alternateName":"Selig","url":"https:\/\/www.seliggroup.com\/de\/","logo":{"@type":"ImageObject","inLanguage":"de","@id":"https:\/\/www.seliggroup.com\/de\/#\/schema\/logo\/image\/","url":"https:\/\/www.seliggroup.com\/wp-content\/uploads\/2022\/12\/SeligGroupLogo_CMYK.jpg","contentUrl":"https:\/\/www.seliggroup.com\/wp-content\/uploads\/2022\/12\/SeligGroupLogo_CMYK.jpg","width":720,"height":336,"caption":"Selig Group"},"image":{"@id":"https:\/\/www.seliggroup.com\/de\/#\/schema\/logo\/image\/"}}]}},"_links":{"self":[{"href":"https:\/\/www.seliggroup.com\/de\/wp-json\/wp\/v2\/pages\/58023","targetHints":{"allow":["GET"]}}],"collection":[{"href":"https:\/\/www.seliggroup.com\/de\/wp-json\/wp\/v2\/pages"}],"about":[{"href":"https:\/\/www.seliggroup.com\/de\/wp-json\/wp\/v2\/types\/page"}],"author":[{"embeddable":true,"href":"https:\/\/www.seliggroup.com\/de\/wp-json\/wp\/v2\/users\/3"}],"replies":[{"embeddable":true,"href":"https:\/\/www.seliggroup.com\/de\/wp-json\/wp\/v2\/comments?post=58023"}],"version-history":[{"count":0,"href":"https:\/\/www.seliggroup.com\/de\/wp-json\/wp\/v2\/pages\/58023\/revisions"}],"wp:attachment":[{"href":"https:\/\/www.seliggroup.com\/de\/wp-json\/wp\/v2\/media?parent=58023"}],"curies":[{"name":"wp","href":"https:\/\/api.w.org\/{rel}","templated":true}]}}