{"id":58035,"date":"2022-12-07T18:38:56","date_gmt":"2022-12-07T18:38:56","guid":{"rendered":"https:\/\/selig-group.com\/legal-disclaimer\/"},"modified":"2023-05-05T17:47:54","modified_gmt":"2023-05-05T17:47:54","slug":"legal-disclaimer","status":"publish","type":"page","link":"https:\/\/www.seliggroup.com\/de\/legal-disclaimer\/","title":{"rendered":"Haftungsausschluss"},"content":{"rendered":"\t\t<div data-elementor-type=\"wp-page\" data-elementor-id=\"58035\" class=\"elementor elementor-58035 elementor-45246\" data-elementor-post-type=\"page\">\n\t\t\t\t<div class=\"elementor-element elementor-element-48e99768 e-con-full normal-horizontal-padding e-flex e-con e-parent\" data-id=\"48e99768\" data-element_type=\"container\" data-e-type=\"container\" data-settings=\"{&quot;background_background&quot;:&quot;classic&quot;}\">\n\t\t<div class=\"elementor-element elementor-element-661a5899 e-con-full e-flex e-con e-parent\" data-id=\"661a5899\" data-element_type=\"container\" data-e-type=\"container\" data-settings=\"{&quot;background_background&quot;:&quot;slideshow&quot;,&quot;background_slideshow_gallery&quot;:[],&quot;background_slideshow_loop&quot;:&quot;yes&quot;,&quot;background_slideshow_slide_duration&quot;:5000,&quot;background_slideshow_slide_transition&quot;:&quot;fade&quot;,&quot;background_slideshow_transition_duration&quot;:500}\">\n\t\t\t\t<div class=\"elementor-element elementor-element-7beb0d7b elementor-widget__width-auto elementor-widget elementor-widget-heading\" data-id=\"7beb0d7b\" data-element_type=\"widget\" data-e-type=\"widget\" data-widget_type=\"heading.default\">\n\t\t\t\t<div class=\"elementor-widget-container\">\n\t\t\t\t\t<span class=\"elementor-heading-title elementor-size-default\"><a href=\"https:\/\/www.seliggroup.com\/de\/\">STARTSEITE\/<\/a><\/span>\t\t\t\t<\/div>\n\t\t\t\t<\/div>\n\t\t\t\t<div class=\"elementor-element elementor-element-4f0468af elementor-widget__width-auto elementor-widget elementor-widget-heading\" data-id=\"4f0468af\" data-element_type=\"widget\" data-e-type=\"widget\" data-widget_type=\"heading.default\">\n\t\t\t\t<div class=\"elementor-widget-container\">\n\t\t\t\t\t<span class=\"elementor-heading-title elementor-size-default\"><a href=\"https:\/\/www.seliggroup.com\/de\/legal-disclaimer\/\">Haftungsausschluss<\/a><\/span>\t\t\t\t<\/div>\n\t\t\t\t<\/div>\n\t\t\t\t<\/div>\n\t\t<div class=\"elementor-element elementor-element-1576cb75 e-con-full e-flex e-con e-parent\" data-id=\"1576cb75\" data-element_type=\"container\" data-e-type=\"container\">\n\t\t\t\t<div class=\"elementor-element elementor-element-4da3476c elementor-widget__width-initial elementor-widget elementor-widget-heading\" data-id=\"4da3476c\" data-element_type=\"widget\" data-e-type=\"widget\" data-widget_type=\"heading.default\">\n\t\t\t\t<div class=\"elementor-widget-container\">\n\t\t\t\t\t<p class=\"elementor-heading-title elementor-size-default\">Haftungsausschluss<\/p>\t\t\t\t<\/div>\n\t\t\t\t<\/div>\n\t\t\t\t<\/div>\n\t\t\t\t<\/div>\n\t\t<div class=\"elementor-element elementor-element-9dfbdf4 e-con-full normal-horizontal-padding e-flex e-con e-parent\" data-id=\"9dfbdf4\" data-element_type=\"container\" data-e-type=\"container\">\n\t\t<div class=\"elementor-element elementor-element-3de7e0f8 e-con-full e-flex e-con e-parent\" data-id=\"3de7e0f8\" data-element_type=\"container\" data-e-type=\"container\">\n\t\t<div class=\"elementor-element elementor-element-76535621 e-con-full e-flex e-con e-parent\" data-id=\"76535621\" data-element_type=\"container\" data-e-type=\"container\">\n\t\t<div class=\"elementor-element elementor-element-6b4c885a e-con-full e-flex e-con e-parent\" data-id=\"6b4c885a\" data-element_type=\"container\" data-e-type=\"container\">\n\t\t<div class=\"elementor-element elementor-element-211df1c4 e-con-full e-flex e-con e-parent\" data-id=\"211df1c4\" data-element_type=\"container\" data-e-type=\"container\">\n\t\t\t\t<div class=\"elementor-element elementor-element-5b02394a elementor-widget elementor-widget-text-editor\" data-id=\"5b02394a\" data-element_type=\"widget\" data-e-type=\"widget\" data-widget_type=\"text-editor.default\">\n\t\t\t\t<div class=\"elementor-widget-container\">\n\t\t\t\t\t\t\t\t\t<p>Der Zugang zu und die Nutzung dieser Website (\u201eDie SG-Website\u201c) unterliegt diesen Nutzungsbedingungen. BITTE LESEN SIE DIESE BEDINGUNGEN SORGF\u00c4LTIG DURCH, DA DIE NUTZUNG DIESER WEBSITE DIE ANNAHME DIESER NUTZUNGSSBEDINGUNGEN BEDEUTET.<\/p>\n\t\t\t\t\t\t\t\t<\/div>\n\t\t\t\t<\/div>\n\t\t\t\t<\/div>\n\t\t\t\t<\/div>\n\t\t\t\t<div class=\"elementor-element elementor-element-6aaffd2e elementor-widget elementor-widget-text-editor\" data-id=\"6aaffd2e\" data-element_type=\"widget\" data-e-type=\"widget\" data-widget_type=\"text-editor.default\">\n\t\t\t\t<div class=\"elementor-widget-container\">\n\t\t\t\t\t\t\t\t\t<h3><strong>Verwendung von Material auf der SG-Website<\/strong><\/h3>\n<p>Die auf der SG-Website enthaltenen Informationen, Grafiken, Texte, Videos, Audiodateien oder Bilder (zusammenfassend als \u201eMaterialien\u201c bezeichnet) sind urheberrechtlich gesch\u00fctzt. Sie d\u00fcrfen auf die Materialien nur zu pers\u00f6nlichen oder p\u00e4dagogischen Zwecken zugreifen und sie nutzen. Ohne die ausdr\u00fcckliche schriftliche Zustimmung der Selig Group (\u201eSG\u201c) d\u00fcrfen Sie die Materialien nicht ver\u00e4ndern oder f\u00fcr andere Zwecke verwenden. Mit Ausnahme der nachstehenden Bestimmungen d\u00fcrfen Sie die Materialien auf der SG-Website nicht vervielf\u00e4ltigen, neu ver\u00f6ffentlichen, posten, \u00fcbertragen oder verbreiten.<\/p>\n<\/p>\n<p>Sie d\u00fcrfen die Materialien auf der SG-Website f\u00fcr pers\u00f6nliche, p\u00e4dagogische und gesch\u00e4ftliche Zwecke ausdrucken, wobei Sie in allen Kopien den Urheberrechtsvermerk angeben m\u00fcssen, der urspr\u00fcnglich zu den Materialien geh\u00f6rte.<\/p>\n<\/p>\n<p>Jede Computersoftware, die von der SG-Website heruntergeladen werden kann oder auf andere Weise verf\u00fcgbar ist, unterliegt den Bedingungen der jeweiligen Lizenzvereinbarung.<\/p>\n<\/p>\n<p>Die Materialien auf der SG-Website wurden von SG aus einer Vielzahl von Quellen zusammengestellt und k\u00f6nnen ohne vorherige Ank\u00fcndigung ge\u00e4ndert werden.<\/p>\n\t\t\t\t\t\t\t\t<\/div>\n\t\t\t\t<\/div>\n\t\t\t\t<div class=\"elementor-element elementor-element-782831c elementor-widget elementor-widget-text-editor\" data-id=\"782831c\" data-element_type=\"widget\" data-e-type=\"widget\" data-widget_type=\"text-editor.default\">\n\t\t\t\t<div class=\"elementor-widget-container\">\n\t\t\t\t\t\t\t\t\t<h3><strong>Von der SG-Website verlinkte Seiten<\/strong><\/h3>\n<p>Die mit der SG-Website verlinkten Websites unterstehen nicht der Kontrolle von SG, und SG \u00fcbernimmt keinerlei Verantwortung oder Haftung f\u00fcr die auf solchen verlinkten Websites verf\u00fcgbaren Kommunikationen oder Materialien. Die Links auf der SG-Website sind nicht als Empfehlung oder Best\u00e4tigung der verlinkten Unternehmen zu verstehen; sie werden ausschlie\u00dflich aus Gr\u00fcnden der Zweckm\u00e4\u00dfigkeit bereitgestellt.<\/p>\n\t\t\t\t\t\t\t\t<\/div>\n\t\t\t\t<\/div>\n\t\t\t\t<div class=\"elementor-element elementor-element-fa74679 elementor-widget elementor-widget-text-editor\" data-id=\"fa74679\" data-element_type=\"widget\" data-e-type=\"widget\" data-widget_type=\"text-editor.default\">\n\t\t\t\t<div class=\"elementor-widget-container\">\n\t\t\t\t\t\t\t\t\t<h3><strong>Gew\u00e4hrleistungsausschluss<\/strong><\/h3>\n<p>Die auf der SG-Website zur Verf\u00fcgung gestellten Dienstleistungen, Informationen oder Daten (zusammenfassend als \u201eInformationen\u201c bezeichnet) werden \u201ewie besehen\u201c und ohne jegliche Gew\u00e4hrleistung bereitgestellt. SG lehnt ausdr\u00fccklich alle Zusicherungen und Garantien ab, einschlie\u00dflich, aber nicht beschr\u00e4nkt auf die stillschweigenden Garantien der Marktg\u00e4ngigkeit und der Eignung f\u00fcr einen bestimmten Zweck. SG \u00fcbernimmt keinerlei Haftung im Zusammenhang mit Dienstleistungen, einschlie\u00dflich, aber nicht beschr\u00e4nkt auf, Sch\u00e4den an Ihrer Computer-Hardware, Ihren Daten, Informationen, Materialien und gesch\u00e4ftlichen Aktivit\u00e4ten, die aus den Informationen oder dem Fehlen von Informationen auf der SG-Website resultieren. SG \u00fcbernimmt keine Haftung f\u00fcr:<\/p>\n<ul>\n<li>Jegliche Verluste oder Verletzungen, die ganz oder teilweise durch Handlungen, Unterlassungen oder Fahrl\u00e4ssigkeit von SG bei der Beschaffung, Zusammenstellung oder Bereitstellung der Informationen verursacht wurden oder f\u00fcr Zuf\u00e4lligkeiten, die au\u00dferhalb der Kontrolle von SG liegen;<\/li>\n<li>Jegliche Fehler, Auslassungen oder Ungenauigkeiten in den Informationen, unabh\u00e4ngig davon, wie sie verursacht wurden, oder Verz\u00f6gerungen oder Unterbrechungen bei der Bereitstellung der Informationen; oder<\/li>\n<li>Jegliche Entscheidung oder Handlung, die im Vertrauen auf die hierin enthaltenen Informationen getroffen oder nicht getroffen wurde.<\/li>\n<\/ul>\n<p>SG \u00fcbernimmt keine Gew\u00e4hrleistung, Zusicherung oder Garantie f\u00fcr den Inhalt, die Reihenfolge, die Richtigkeit, die Aktualit\u00e4t oder die Vollst\u00e4ndigkeit der Informationen oder daf\u00fcr, dass man sich aus irgendeinem Grund auf die Informationen verlassen kann. SG \u00fcbernimmt keine Haftung, Zusicherung oder Garantie daf\u00fcr, dass die Informationen ohne Unterbrechung oder fehlerfrei zur Verf\u00fcgung stehen oder dass etwaige M\u00e4ngel behoben werden k\u00f6nnen. Zum Zwecke dieses Abschnitts umfasst der Begriff \u201eSG\u201c Selig Sealing Products, Inc. und seine Abteilungen, Tochtergesellschaften, Nachfolger, Muttergesellschaften und deren Mitarbeiter, Partner, Auftraggeber, Agenten und Vertreter sowie alle Drittanbieter oder Quellen von Informationen oder Daten.<\/p>\n<h3> <\/h3>\n<h3><strong>Haftungsbeschr\u00e4nkung<\/strong><\/h3>\n<p>Unter keinen Umst\u00e4nden haftet SG f\u00fcr Verluste oder Sch\u00e4den jeglicher Art, sei es aus Vertrag, unerlaubter Handlung oder anderweitig, die sich aus der Nutzung oder dem Vertrauen auf die Informationen oder aus der Nutzung des Internets im Allgemeinen ergeben. Zum Zwecke dieses Abschnitts umfasst der Begriff \u201eSG\u201c Selig Sealing Products, Inc. und seine Abteilungen, Tochtergesellschaften, Nachfolger, Muttergesellschaften und deren Mitarbeiter, Partner, Auftraggeber, Agenten und Vertreter sowie alle Drittanbieter oder Quellen von Informationen oder Daten.<\/p>\n<\/p>\n<p>Die auf dieser Website enthaltenen Informationen sollten nur als Leitfaden verwendet werden. Wenden Sie sich an Ihren Vertreter, um Ihre spezielle Anwendung zu besprechen. Alle Aussagen, technischen Informationen und Empfehlungen beruhen auf Tests, die wir f\u00fcr zuverl\u00e4ssig halten, deren Richtigkeit oder Vollst\u00e4ndigkeit wir jedoch nicht garantieren k\u00f6nnen. Wir gew\u00e4hren eine Garantie auf unsere Produkte, vorbehaltlich wichtiger Beschr\u00e4nkungen und Einschr\u00e4nkungen, wie in unseren Verkaufsbedingungen beschrieben, welche wir Ihnen auf Anfrage mitteilen werden. Die in den Verkaufsbedingungen enthaltene Garantie ist die einzige von uns gew\u00e4hrte Garantie und tritt an die Stelle aller anderen ausdr\u00fccklichen oder stillschweigenden Garantien, einschlie\u00dflich jeglicher Garantien f\u00fcr die Marktg\u00e4ngigkeit oder die Eignung f\u00fcr einen bestimmten Zweck. WIR lehnen jegliche Garantien ab, die \u00fcber andere Dokumente, Computermedien, m\u00fcndliche oder schriftliche Mitteilungen oder Muster gegeben werden. Unsere Verpflichtungen im Falle einer Verletzung der Garantie beschr\u00e4nken sich nach unserer Wahl auf die Reparatur oder den Ersatz der Waren oder die Gutschrift eines Betrags an Sie, der den Kaufpreis der Produkte nicht \u00fcbersteigt. WIR \u00fcbernehmen keine Haftung f\u00fcr Folgesch\u00e4den, beil\u00e4ufig entstandene Sch\u00e4den, indirekte Sch\u00e4den, Sch\u00e4den mit Strafwirkung, Sondersch\u00e4den oder Sch\u00e4den aus unerlaubter Handlung jeglicher Art, einschlie\u00dflich entgangener Gewinne. Die Haftungsbeschr\u00e4nkungen gelten unabh\u00e4ngig davon, ob der Anspruch gegen uns auf Vertrag, Fahrl\u00e4ssigkeit, Gef\u00e4hrdungshaftung oder Haftpflichtrecht beruht. Die auf dieser Website abgebildeten Produkte wurden durch SG mit einem Siegel versehen. SG ist nicht mit den Produktherstellern verbunden und diese Bilder sind nicht als Sponsoring oder Bef\u00fcrwortung von SG durch diese Hersteller zu verstehen. Die Unternehmens- und Produktmarken sowie urheberrechtlich gesch\u00fctztes Material, die auf dieser Website erscheinen, sind Eigentum der jeweiligen Unternehmen und durch die geltenden Gesetze gesch\u00fctzt. <\/p>\n<\/p>\n<p>\u00a9 2023 Selig Group, Inc.<\/p>\n\t\t\t\t\t\t\t\t<\/div>\n\t\t\t\t<\/div>\n\t\t\t\t<\/div>\n\t\t\t\t<\/div>\n\t\t\t\t<\/div>\n\t\t\t\t<\/div>\n\t\t","protected":false},"excerpt":{"rendered":"<p>STARTSEITE\/ Haftungsausschluss Der Zugang zu und die Nutzung dieser Website (\u201eDie SG-Website\u201c) unterliegt diesen Nutzungsbedingungen. BITTE LESEN SIE DIESE BEDINGUNGEN SORGF\u00c4LTIG DURCH, DA DIE NUTZUNG DIESER WEBSITE DIE ANNAHME DIESER NUTZUNGSSBEDINGUNGEN BEDEUTET. Verwendung von Material auf der SG-Website Die auf der SG-Website enthaltenen Informationen, Grafiken, Texte, Videos, Audiodateien oder Bilder (zusammenfassend als \u201eMaterialien\u201c bezeichnet) sind [&hellip;]<\/p>\n","protected":false},"author":3,"featured_media":0,"parent":0,"menu_order":0,"comment_status":"closed","ping_status":"closed","template":"","meta":{"_acf_changed":false,"inline_featured_image":false,"_monsterinsights_skip_tracking":false,"_monsterinsights_sitenote_active":false,"_monsterinsights_sitenote_note":"","_monsterinsights_sitenote_category":0,"footnotes":"","_links_to":"","_links_to_target":""},"class_list":["post-58035","page","type-page","status-publish","hentry"],"acf":[],"yoast_head":"<!-- This site is optimized with the Yoast SEO plugin v27.4 - https:\/\/yoast.com\/product\/yoast-seo-wordpress\/ -->\n<title>Haftungsausschluss - Selig Liners<\/title>\n<meta name=\"robots\" content=\"index, follow, max-snippet:-1, max-image-preview:large, max-video-preview:-1\" \/>\n<link rel=\"canonical\" href=\"https:\/\/www.seliggroup.com\/de\/legal-disclaimer\/\" \/>\n<meta property=\"og:locale\" content=\"de_DE\" \/>\n<meta property=\"og:type\" content=\"article\" \/>\n<meta property=\"og:title\" content=\"Haftungsausschluss - Selig Liners\" \/>\n<meta property=\"og:description\" content=\"STARTSEITE\/ Haftungsausschluss Der Zugang zu und die Nutzung dieser Website (\u201eDie SG-Website\u201c) unterliegt diesen Nutzungsbedingungen. BITTE LESEN SIE DIESE BEDINGUNGEN SORGF\u00c4LTIG DURCH, DA DIE NUTZUNG DIESER WEBSITE DIE ANNAHME DIESER NUTZUNGSSBEDINGUNGEN BEDEUTET. Verwendung von Material auf der SG-Website Die auf der SG-Website enthaltenen Informationen, Grafiken, Texte, Videos, Audiodateien oder Bilder (zusammenfassend als \u201eMaterialien\u201c bezeichnet) sind [&hellip;]\" \/>\n<meta property=\"og:url\" content=\"https:\/\/www.seliggroup.com\/de\/legal-disclaimer\/\" \/>\n<meta property=\"og:site_name\" content=\"Selig Liners\" \/>\n<meta property=\"article:modified_time\" content=\"2023-05-05T17:47:54+00:00\" \/>\n<meta name=\"twitter:card\" content=\"summary_large_image\" \/>\n<meta name=\"twitter:label1\" content=\"Gesch\u00e4tzte Lesezeit\" \/>\n\t<meta name=\"twitter:data1\" content=\"5\u00a0Minuten\" \/>\n<script type=\"application\/ld+json\" class=\"yoast-schema-graph\">{\"@context\":\"https:\\\/\\\/schema.org\",\"@graph\":[{\"@type\":\"WebPage\",\"@id\":\"https:\\\/\\\/www.seliggroup.com\\\/de\\\/legal-disclaimer\\\/\",\"url\":\"https:\\\/\\\/www.seliggroup.com\\\/de\\\/legal-disclaimer\\\/\",\"name\":\"Haftungsausschluss - Selig Liners\",\"isPartOf\":{\"@id\":\"https:\\\/\\\/www.seliggroup.com\\\/de\\\/#website\"},\"datePublished\":\"2022-12-07T18:38:56+00:00\",\"dateModified\":\"2023-05-05T17:47:54+00:00\",\"breadcrumb\":{\"@id\":\"https:\\\/\\\/www.seliggroup.com\\\/de\\\/legal-disclaimer\\\/#breadcrumb\"},\"inLanguage\":\"de\",\"potentialAction\":[{\"@type\":\"ReadAction\",\"target\":[\"https:\\\/\\\/www.seliggroup.com\\\/de\\\/legal-disclaimer\\\/\"]}]},{\"@type\":\"BreadcrumbList\",\"@id\":\"https:\\\/\\\/www.seliggroup.com\\\/de\\\/legal-disclaimer\\\/#breadcrumb\",\"itemListElement\":[{\"@type\":\"ListItem\",\"position\":1,\"name\":\"Home\",\"item\":\"https:\\\/\\\/www.seliggroup.com\\\/de\\\/\"},{\"@type\":\"ListItem\",\"position\":2,\"name\":\"Haftungsausschluss\"}]},{\"@type\":\"WebSite\",\"@id\":\"https:\\\/\\\/www.seliggroup.com\\\/de\\\/#website\",\"url\":\"https:\\\/\\\/www.seliggroup.com\\\/de\\\/\",\"name\":\"Selig Liners\",\"description\":\"Protect, Seal and Deliver\u2122\",\"publisher\":{\"@id\":\"https:\\\/\\\/www.seliggroup.com\\\/de\\\/#organization\"},\"potentialAction\":[{\"@type\":\"SearchAction\",\"target\":{\"@type\":\"EntryPoint\",\"urlTemplate\":\"https:\\\/\\\/www.seliggroup.com\\\/de\\\/?s={search_term_string}\"},\"query-input\":{\"@type\":\"PropertyValueSpecification\",\"valueRequired\":true,\"valueName\":\"search_term_string\"}}],\"inLanguage\":\"de\"},{\"@type\":\"Organization\",\"@id\":\"https:\\\/\\\/www.seliggroup.com\\\/de\\\/#organization\",\"name\":\"Selig Group\",\"alternateName\":\"Selig\",\"url\":\"https:\\\/\\\/www.seliggroup.com\\\/de\\\/\",\"logo\":{\"@type\":\"ImageObject\",\"inLanguage\":\"de\",\"@id\":\"https:\\\/\\\/www.seliggroup.com\\\/de\\\/#\\\/schema\\\/logo\\\/image\\\/\",\"url\":\"https:\\\/\\\/www.seliggroup.com\\\/wp-content\\\/uploads\\\/2022\\\/12\\\/SeligGroupLogo_CMYK.jpg\",\"contentUrl\":\"https:\\\/\\\/www.seliggroup.com\\\/wp-content\\\/uploads\\\/2022\\\/12\\\/SeligGroupLogo_CMYK.jpg\",\"width\":720,\"height\":336,\"caption\":\"Selig Group\"},\"image\":{\"@id\":\"https:\\\/\\\/www.seliggroup.com\\\/de\\\/#\\\/schema\\\/logo\\\/image\\\/\"}}]}<\/script>\n<!-- \/ Yoast SEO plugin. -->","yoast_head_json":{"title":"Haftungsausschluss - Selig Liners","robots":{"index":"index","follow":"follow","max-snippet":"max-snippet:-1","max-image-preview":"max-image-preview:large","max-video-preview":"max-video-preview:-1"},"canonical":"https:\/\/www.seliggroup.com\/de\/legal-disclaimer\/","og_locale":"de_DE","og_type":"article","og_title":"Haftungsausschluss - Selig Liners","og_description":"STARTSEITE\/ Haftungsausschluss Der Zugang zu und die Nutzung dieser Website (\u201eDie SG-Website\u201c) unterliegt diesen Nutzungsbedingungen. BITTE LESEN SIE DIESE BEDINGUNGEN SORGF\u00c4LTIG DURCH, DA DIE NUTZUNG DIESER WEBSITE DIE ANNAHME DIESER NUTZUNGSSBEDINGUNGEN BEDEUTET. Verwendung von Material auf der SG-Website Die auf der SG-Website enthaltenen Informationen, Grafiken, Texte, Videos, Audiodateien oder Bilder (zusammenfassend als \u201eMaterialien\u201c bezeichnet) sind [&hellip;]","og_url":"https:\/\/www.seliggroup.com\/de\/legal-disclaimer\/","og_site_name":"Selig Liners","article_modified_time":"2023-05-05T17:47:54+00:00","twitter_card":"summary_large_image","twitter_misc":{"Gesch\u00e4tzte Lesezeit":"5\u00a0Minuten"},"schema":{"@context":"https:\/\/schema.org","@graph":[{"@type":"WebPage","@id":"https:\/\/www.seliggroup.com\/de\/legal-disclaimer\/","url":"https:\/\/www.seliggroup.com\/de\/legal-disclaimer\/","name":"Haftungsausschluss - Selig Liners","isPartOf":{"@id":"https:\/\/www.seliggroup.com\/de\/#website"},"datePublished":"2022-12-07T18:38:56+00:00","dateModified":"2023-05-05T17:47:54+00:00","breadcrumb":{"@id":"https:\/\/www.seliggroup.com\/de\/legal-disclaimer\/#breadcrumb"},"inLanguage":"de","potentialAction":[{"@type":"ReadAction","target":["https:\/\/www.seliggroup.com\/de\/legal-disclaimer\/"]}]},{"@type":"BreadcrumbList","@id":"https:\/\/www.seliggroup.com\/de\/legal-disclaimer\/#breadcrumb","itemListElement":[{"@type":"ListItem","position":1,"name":"Home","item":"https:\/\/www.seliggroup.com\/de\/"},{"@type":"ListItem","position":2,"name":"Haftungsausschluss"}]},{"@type":"WebSite","@id":"https:\/\/www.seliggroup.com\/de\/#website","url":"https:\/\/www.seliggroup.com\/de\/","name":"Selig Liners","description":"Protect, Seal and Deliver\u2122","publisher":{"@id":"https:\/\/www.seliggroup.com\/de\/#organization"},"potentialAction":[{"@type":"SearchAction","target":{"@type":"EntryPoint","urlTemplate":"https:\/\/www.seliggroup.com\/de\/?s={search_term_string}"},"query-input":{"@type":"PropertyValueSpecification","valueRequired":true,"valueName":"search_term_string"}}],"inLanguage":"de"},{"@type":"Organization","@id":"https:\/\/www.seliggroup.com\/de\/#organization","name":"Selig Group","alternateName":"Selig","url":"https:\/\/www.seliggroup.com\/de\/","logo":{"@type":"ImageObject","inLanguage":"de","@id":"https:\/\/www.seliggroup.com\/de\/#\/schema\/logo\/image\/","url":"https:\/\/www.seliggroup.com\/wp-content\/uploads\/2022\/12\/SeligGroupLogo_CMYK.jpg","contentUrl":"https:\/\/www.seliggroup.com\/wp-content\/uploads\/2022\/12\/SeligGroupLogo_CMYK.jpg","width":720,"height":336,"caption":"Selig Group"},"image":{"@id":"https:\/\/www.seliggroup.com\/de\/#\/schema\/logo\/image\/"}}]}},"_links":{"self":[{"href":"https:\/\/www.seliggroup.com\/de\/wp-json\/wp\/v2\/pages\/58035","targetHints":{"allow":["GET"]}}],"collection":[{"href":"https:\/\/www.seliggroup.com\/de\/wp-json\/wp\/v2\/pages"}],"about":[{"href":"https:\/\/www.seliggroup.com\/de\/wp-json\/wp\/v2\/types\/page"}],"author":[{"embeddable":true,"href":"https:\/\/www.seliggroup.com\/de\/wp-json\/wp\/v2\/users\/3"}],"replies":[{"embeddable":true,"href":"https:\/\/www.seliggroup.com\/de\/wp-json\/wp\/v2\/comments?post=58035"}],"version-history":[{"count":0,"href":"https:\/\/www.seliggroup.com\/de\/wp-json\/wp\/v2\/pages\/58035\/revisions"}],"wp:attachment":[{"href":"https:\/\/www.seliggroup.com\/de\/wp-json\/wp\/v2\/media?parent=58035"}],"curies":[{"name":"wp","href":"https:\/\/api.w.org\/{rel}","templated":true}]}}