{"id":58049,"date":"2022-09-13T02:01:05","date_gmt":"2022-09-13T02:01:05","guid":{"rendered":"https:\/\/selig-group.com\/accessibility-statement\/"},"modified":"2023-05-05T17:29:28","modified_gmt":"2023-05-05T17:29:28","slug":"accessibility-statement","status":"publish","type":"page","link":"https:\/\/www.seliggroup.com\/de\/accessibility-statement\/","title":{"rendered":"Zug\u00e4nglichkeitserkl\u00e4rung"},"content":{"rendered":"\t\t<div data-elementor-type=\"wp-page\" data-elementor-id=\"58049\" class=\"elementor elementor-58049 elementor-678\" data-elementor-post-type=\"page\">\n\t\t\t\t<div class=\"elementor-element elementor-element-61e15677 e-con-full normal-padding e-flex e-con e-parent\" data-id=\"61e15677\" data-element_type=\"container\" data-e-type=\"container\" data-settings=\"{&quot;background_background&quot;:&quot;classic&quot;}\">\n\t\t<div class=\"elementor-element elementor-element-262ff2e9 e-con-full e-flex e-con e-parent\" data-id=\"262ff2e9\" data-element_type=\"container\" data-e-type=\"container\" data-settings=\"{&quot;background_background&quot;:&quot;slideshow&quot;,&quot;background_slideshow_gallery&quot;:[],&quot;background_slideshow_loop&quot;:&quot;yes&quot;,&quot;background_slideshow_slide_duration&quot;:5000,&quot;background_slideshow_slide_transition&quot;:&quot;fade&quot;,&quot;background_slideshow_transition_duration&quot;:500}\">\n\t\t\t\t<div class=\"elementor-element elementor-element-2d26d9bc elementor-widget__width-auto elementor-widget elementor-widget-heading\" data-id=\"2d26d9bc\" data-element_type=\"widget\" data-e-type=\"widget\" data-widget_type=\"heading.default\">\n\t\t\t\t<div class=\"elementor-widget-container\">\n\t\t\t\t\t<span class=\"elementor-heading-title elementor-size-default\"><a href=\"https:\/\/www.seliggroup.com\/de\/\">Startseite<\/a><\/span>\t\t\t\t<\/div>\n\t\t\t\t<\/div>\n\t\t\t\t<div class=\"elementor-element elementor-element-3be4c335 elementor-widget__width-auto elementor-widget elementor-widget-heading\" data-id=\"3be4c335\" data-element_type=\"widget\" data-e-type=\"widget\" data-widget_type=\"heading.default\">\n\t\t\t\t<div class=\"elementor-widget-container\">\n\t\t\t\t\t<span class=\"elementor-heading-title elementor-size-default\"><a href=\"https:\/\/www.seliggroup.com\/de\/accessibility-statement\/\">\/ Zug\u00e4nglichkeitserkl\u00e4rung<\/a><\/span>\t\t\t\t<\/div>\n\t\t\t\t<\/div>\n\t\t\t\t<\/div>\n\t\t<div class=\"elementor-element elementor-element-15ea557e e-con-full e-flex e-con e-parent\" data-id=\"15ea557e\" data-element_type=\"container\" data-e-type=\"container\">\n\t\t\t\t<div class=\"elementor-element elementor-element-478b39ec elementor-widget elementor-widget-heading\" data-id=\"478b39ec\" data-element_type=\"widget\" data-e-type=\"widget\" data-widget_type=\"heading.default\">\n\t\t\t\t<div class=\"elementor-widget-container\">\n\t\t\t\t\t<p class=\"elementor-heading-title elementor-size-default\">Zug\u00e4nglichkeitserkl\u00e4rung<\/p>\t\t\t\t<\/div>\n\t\t\t\t<\/div>\n\t\t\t\t<\/div>\n\t\t\t\t<\/div>\n\t\t\t\t<section class=\"elementor-section elementor-top-section elementor-element elementor-element-9e3beba elementor-section-boxed elementor-section-height-default elementor-section-height-default\" data-id=\"9e3beba\" data-element_type=\"section\" data-e-type=\"section\">\n\t\t\t\t\t\t<div class=\"elementor-container elementor-column-gap-default\">\n\t\t\t\t\t<div class=\"elementor-column elementor-col-100 elementor-top-column elementor-element elementor-element-5eb80fba\" data-id=\"5eb80fba\" data-element_type=\"column\" data-e-type=\"column\">\n\t\t\t<div class=\"elementor-widget-wrap elementor-element-populated\">\n\t\t\t\t\t\t<div class=\"elementor-element elementor-element-444898cf normal-padding elementor-widget elementor-widget-text-editor\" data-id=\"444898cf\" data-element_type=\"widget\" data-e-type=\"widget\" data-widget_type=\"text-editor.default\">\n\t\t\t\t<div class=\"elementor-widget-container\">\n\t\t\t\t\t\t\t\t\t<p><\/p>\n<h3><strong>Konformit\u00e4tsstatus<\/strong><\/h3>\n<p><\/p>\n<p><\/p>\n<p>Wir sind fest davon \u00fcberzeugt, dass das Internet f\u00fcr jeden verf\u00fcgbar und zug\u00e4nglich sein sollte, und setzen uns f\u00fcr die Bereitstellung einer Website ein, die f\u00fcr ein m\u00f6glichst breites Publikum zug\u00e4nglich ist, ungeachtet der F\u00e4higkeiten.<\/p>\n<p><br><\/p>\n<p><\/p>\n<p><\/p>\n<p>Um dies zu erreichen, halten wir uns so streng wie m\u00f6glich an die Web Content Accessibility Guidelines 2.1 (WCAG 2.1) des World Wide Web Consortium (W3C) auf der Stufe AA. Diese Richtlinien erkl\u00e4ren, wie Webinhalte f\u00fcr Menschen mit einer Vielzahl von Behinderungen zug\u00e4nglich gemacht werden k\u00f6nnen. Durch die Einhaltung dieser Richtlinien k\u00f6nnen wir sicherstellen, dass die Website f\u00fcr blinde Menschen, Menschen mit motorischen Einschr\u00e4nkungen, Sehbehinderungen, kognitiven Behinderungen und mehr zug\u00e4nglich ist.<\/p>\n<p><br><\/p>\n<p><\/p>\n<p><\/p>\n<p>Auf dieser Website kommen verschiedene Technologien zum Einsatz, die daf\u00fcr sorgen sollen, dass sie jederzeit so zug\u00e4nglich wie m\u00f6glich ist. Wir verwenden eine Schnittstelle f\u00fcr die Zug\u00e4nglichkeit, die es Menschen mit bestimmten Behinderungen erm\u00f6glicht, das UI (Benutzeroberfl\u00e4che) der Website anzupassen und sie nach ihren pers\u00f6nlichen Bed\u00fcrfnissen auszurichten.<\/p>\n<p><br><\/p>\n<p><\/p>\n<p><\/p>\n<p>Dar\u00fcber hinaus verwendet die Website eine KI-basierte Anwendung, die im Hintergrund l\u00e4uft und die Zug\u00e4nglichkeit st\u00e4ndig optimiert. Diese Anwendung korrigiert den HTML-Code der Website und passt die Funktionalit\u00e4t und das Verhalten der Website f\u00fcr Screenreader, die von blinden Benutzern verwendet werden, und f\u00fcr Tastaturfunktionen, die von Personen mit motorischen Einschr\u00e4nkungen verwendet werden, an.<\/p>\n<p><br><\/p>\n<p><\/p>\n<p><\/p>\n<p>Wenn Sie den Eigent\u00fcmer der Website kontaktieren m\u00f6chten, verwenden Sie bitte die folgende E-Mail &nbsp;lszkodzinski@seliggroup.com<\/p>\n<p><br><\/p>\n<p><\/p>\n<p><\/p>\n<h3><b>Screenreader und Tastaturnavigation<\/b><\/h3>\n<p><\/p>\n<p><\/p>\n<p>Unsere Website setzt die ARIA-Attribute (Accessible Rich Internet Applications) zusammen mit verschiedenen Verhaltens\u00e4nderungen ein, um sicherzustellen, dass blinde Benutzer, die Screenreadern benutzen, die Funktionen der Website lesen, verstehen und sich daran erfreuen k\u00f6nnen. Sobald ein Benutzer mit einem Screenreader Ihre Website betritt, wird er sofort aufgefordert, das Screenreader-Profil einzugeben, damit er Ihre Website effektiv durchsuchen und bedienen kann. Hier erfahren Sie, wie unsere Website einige der wichtigsten Anforderungen f\u00fcr Screenreader erf\u00fcllt:<br><br><\/p>\n<p><\/p>\n<p><\/p>\n<ol><p><\/p>\n<li><strong>Optimierung f\u00fcr Screenreader:&nbsp;<\/strong>Wir f\u00fchren einen Prozess durch, der die Komponenten der Website von oben nach unten erlernt, um eine kontinuierliche Konformit\u00e4t zu gew\u00e4hrleisten, auch wenn die Website aktualisiert wird. In diesem Prozess versorgen wir Screenreader mit aussagekr\u00e4ftigen Daten unter Verwendung des ARIA-Attributsatzes. So sorgen wir beispielsweise f\u00fcr genaue Formularbeschriftungen, Beschreibungen f\u00fcr Aktionssymbole (Symbole f\u00fcr soziale Medien, Suchsymbole, Einkaufswagen-Symbole usw.), Validierungsanleitungen f\u00fcr Formulareingaben, Elementrollen wie Schaltfl\u00e4chen, Men\u00fcs, modale Dialoge (Popups) und andere.&nbsp;<br><br>Au\u00dferdem scannt der Hintergrundprozess alle Bilder der Website. Es bietet eine genaue und verst\u00e4ndliche, auf Bild-Objekt-Erkennung basierende Beschreibung als ALT Tag (alternativer Text) f\u00fcr Bilder, die keine Beschreibung enthalten. Es extrahiert auch Texte, die in das Bild eingebettet sind, mithilfe einer OCR-Technologie (optische Zeichenerkennung). Um die Screenreader-Anpassungen jederzeit zu aktivieren, m\u00fcssen Benutzer nur die Tastenkombination Alt+1 dr\u00fccken. Benutzer von Screenreadern erhalten au\u00dferdem automatische Ansagen, um den Screenreader-Modus einzuschalten, sobald sie die Website betreten.<br><br>Diese Anpassungen sind mit g\u00e4ngigen Screenreadern wie JAWS, NVDA, VoiceOver und TalkBack kompatibel.<br><br><\/li>\n<p><\/p>\n<p><\/p>\n<li><strong>Optimierung der Tastaturnavigation:&nbsp;<\/strong>Der Hintergrundprozess passt auch den HTML-Code der Website an und f\u00fcgt mithilfe von JavaScript-Code verschiedene Verhaltensweisen hinzu, um die Website \u00fcber die Tastatur bedienbar zu machen. Dazu geh\u00f6rt die M\u00f6glichkeit, mit den Tab- und Shift+Tab-Tasten durch die Website zu navigieren, Dropdowns mit den Pfeiltasten zu bedienen, sie mit Esc zu schlie\u00dfen, Schaltfl\u00e4chen und Links mit der Enter-Taste auszul\u00f6sen, mit den Pfeiltasten zwischen Radio- und Checkbox-Elementen zu navigieren und sie mit der Leertaste oder der Enter-Taste auszuf\u00fcllen.<br><br>Au\u00dferdem finden Tastaturbenutzer jederzeit Men\u00fcs zum \u00dcberspringen von Inhalten, indem sie auf Alt+2 klicken, oder als erstes Element der Seite, wenn sie mit der Tastatur navigieren. Der Hintergrundprozess behandelt auch ausgel\u00f6ste Popups, indem er den Tastaturfokus zu ihnen hinbewegt, sobald sie erscheinen, und nicht zul\u00e4sst, dass der Fokus nach au\u00dfen wandert.<br><br>Benutzer k\u00f6nnen auch Tastenkombinationen wie \u201eM\u201c (Men\u00fcs), \u201eH\u201c (\u00dcberschriften), \u201eF\u201c (Formulare), \u201eB\u201c (Schaltfl\u00e4chen) und \u201eG\u201c (Grafiken) verwenden, um zu bestimmten Elementen zu springen.<br><br><\/li>\n<p><\/p>\n<\/ol>\n<p><\/p>\n<p><\/p>\n<h3><b>Auf unserer Website unterst\u00fctzte Profile f\u00fcr Menschen mit Behinderungen<\/b><\/h3>\n<p><\/p>\n<p><\/p>\n<ul><p><\/p>\n<li><strong>Epilepsiesicheres Profil:<\/strong>&nbsp;Mit diesem Profil k\u00f6nnen Menschen mit Epilepsie die Website sicher benutzen, da das Risiko von Krampfanf\u00e4llen durch blinkende oder blitzende Animationen und riskante Farbkombinationen ausgeschlossen wird.<\/li>\n<p><\/p>\n<p><\/p>\n<li><strong>Profil f\u00fcr Sehbehinderte<\/strong>&nbsp;Mit diesem Profil wird die Website so angepasst, dass sie f\u00fcr die \u00fcberwiegenden Sehbehinderungen wie abnehmende Sehkraft, Tunnelblick, Katarakt, Glaukom und andere zug\u00e4nglich ist<\/li>\n<p><\/p>\n<p><\/p>\n<li><strong>Profil f\u00fcr Menschen mit kognitiven Behinderungen:<\/strong>&nbsp;Mit diesem Profil k\u00f6nnen sich Benutzer mit kognitiven Behinderungen wie Autismus, Legasthenie, CVA und anderen leichter auf das Wesentliche konzentrieren.<\/li>\n<p><\/p>\n<p><\/p>\n<li><strong>ADHS-freundliches Profil<\/strong>: Mit diesem Profil lassen sich Ablenkungen und St\u00f6rger\u00e4usche deutlich reduzieren, sodass Menschen mit ADHS und neurologischen Entwicklungsst\u00f6rungen leichter browsen, lesen und sich auf das Wesentliche konzentrieren k\u00f6nnen.<\/li>\n<p><\/p>\n<p><\/p>\n<li><strong>Profil f\u00fcr blinde Benutzer (Screenreader):<\/strong>&nbsp;Mit diesem Profil wird die Website so angepasst, dass sie f\u00fcr Screenreader wie JAWS, NVDA, VoiceOver und TalkBack geeignet ist. Auf dem Computer des blinden Benutzers ist ein Screenreader installiert, mit dem diese Website kompatibel ist.<\/li>\n<p><\/p>\n<p><\/p>\n<li><strong>Tastaturnavigationsprofil (motorisch behindert):<\/strong>&nbsp;Dieses Profil erm\u00f6glicht motorisch behinderten Personen die Bedienung der Website mit der Tastatur Tab, Shift+Tab und den Enter-Tasten. Benutzer k\u00f6nnen auch Tastenkombinationen wie \u201eM\u201c (Men\u00fcs), \u201eH\u201c (\u00dcberschriften), \u201eF\u201c (Formulare), \u201eB\u201c (Schaltfl\u00e4chen) und \u201eG\u201c (Grafiken) verwenden, um zu bestimmten Elementen zu springen.<\/li>\n<p><\/p>\n<\/ul>\n<p><\/p>\n<p><\/p>\n<h2><br><\/h2><p><\/p>\n<h3><b>Zus\u00e4tzliche Anpassungen der Benutzeroberfl\u00e4che, des Designs und der Lesbarkeit<\/b><\/h3>\n\n<p><\/p>\n<p><\/p>\n<ol><p><\/p>\n<li><strong>&nbsp;Schriftanpassungen&nbsp;\u2013<\/strong>&nbsp;Sie k\u00f6nnen die Schriftgr\u00f6\u00dfe vergr\u00f6\u00dfern und verkleinern, die Schriftfamilie (Typ) \u00e4ndern,&nbsp; den Abstand, die Ausrichtung, die Zeilenh\u00f6he &nbsp;und vieles mehr anpassen.<\/li>\n<p><\/p>\n<p><\/p>\n<li><strong>&nbsp;Farbanpassungen \u2013<\/strong>&nbsp;Farbkontrastprofile ausw\u00e4hlen, z. B. hell, dunkel, invertiert und monochrom. Dar\u00fcber hinaus k\u00f6nnen Benutzer die Farbschemata von Titeln, Texten und Hintergr\u00fcnden in \u00fcber sieben verschiedenen Farboptionen auswechseln.<\/li>\n<p><\/p>\n<p><\/p>\n<li><strong>Animationen \u2013<\/strong>&nbsp;epilepsieanf\u00e4llige Benutzer k\u00f6nnen alle laufenden Animationen mit einem Klick auf eine Schaltfl\u00e4che stoppen. Zu den \u00fcber die Benutzeroberfl\u00e4che gesteuerten Animationen geh\u00f6ren Videos, GIFs und blinkende CSS-\u00dcberg\u00e4nge.<\/li>\n<p><\/p>\n<p><\/p>\n<li><strong>Hervorhebung &nbsp;von Inhalten \u2013<\/strong>&nbsp;Benutzer k\u00f6nnen w\u00e4hlen, ob wichtige Elemente wie Links und Titel hervorgehoben werden sollen. Sie k\u00f6nnen auch w\u00e4hlen, dass nur fokussierte oder mit der Maus gehaltene Elemente hervorgehoben werden.<\/li>\n<p><\/p>\n<p><\/p>\n<li><strong>Audiostummschaltung&nbsp;\u2013<\/strong>&nbsp;Benutzer mit H\u00f6rger\u00e4ten k\u00f6nnen aufgrund der automatischen Audiowiedergabe Kopfschmerzen oder andere Probleme bekommen. Mit dieser Option k\u00f6nnen Sie die gesamte Website sofort stummschalten.<\/li>\n<p><\/p>\n<p><\/p>\n<li><strong>Kognitive&nbsp;St\u00f6rungen \u2013<\/strong>&nbsp;wir verwenden eine Suchmaschine, die mit Wikipedia und Wiktionary verlinket ist, so dass Menschen mit kognitiven St\u00f6rungen die Bedeutung von Ausdr\u00fccken, Initialen, Slang und anderen Begriffen entschl\u00fcsseln k\u00f6nnen.<\/li>\n<p><\/p>\n<p><\/p>\n<li><strong>Zus\u00e4tzliche Funktionen&nbsp;<\/strong><strong>\u2013<\/strong>&nbsp;wir erm\u00f6glichen es Benutzern, die Farbe und Gr\u00f6\u00dfe des Cursors zu \u00e4ndern, einen Druckmodus zu verwenden, eine virtuelle Tastatur zu aktivieren und viele andere Funktionen.<br><br><\/li>\n<p><\/p>\n<\/ol>\n<p><\/p>\n<p><\/p>\n<h3><b>Hilfstechnologien und Browserkompatibilit\u00e4t<\/b><\/h3>\n<p><\/p>\n<p><\/p>\n<p>Wir bem\u00fchen uns, so viele Browser und Hilfstechnologien wie m\u00f6glich zu unterst\u00fctzen, so dass unsere Benutzer die am besten f\u00fcr sie geeigneten Tools mit m\u00f6glichst wenigen Einschr\u00e4nkungen ausw\u00e4hlen k\u00f6nnen. Daher haben wir uns sehr bem\u00fcht, alle wichtigen Systeme zu unterst\u00fctzen, die mehr als 95 % des Marktanteils der Benutzer umfassen,, einschlie\u00dflich Google Chrome, Mozilla Firefox, Apple Safari, Opera und Microsoft Edge, JAWS und NVDA (Bildschirmleseger\u00e4te), sowohl f\u00fcr Windows- als auch f\u00fcr MAC-Nutzer.<\/p>\n<p><\/p>\n<p><\/p>\n<h2><br><h3><b>Anmerkungen, Kommentare und Feedback<\/b><\/h3><\/h2>\n<p><\/p>\n<p><\/p>\n<p>Trotz unserer Bem\u00fchungen, jedem die M\u00f6glichkeit zu geben, die Website an seine Bed\u00fcrfnisse anzupassen, kann es immer noch Seiten oder Abschnitte geben, die nicht vollst\u00e4ndig zug\u00e4nglich sind, die gerade zug\u00e4nglich gemacht werden oder f\u00fcr die keine angemessene technische L\u00f6sung existiert, um sie zug\u00e4nglich zu machen. Dennoch verbessern wir st\u00e4ndig unsere Zug\u00e4nglichkeit, indem wir Optionen und Funktionen hinzuf\u00fcgen, aktualisieren und verbessern und neue Technologien entwickeln und einsetzen. All dies dient dazu, ein optimales Niveau der Zug\u00e4nglichkeit nach dem technologischen Fortschritt zu erreichen. Wenn Sie den Eigent\u00fcmer der Website kontaktieren m\u00f6chten, verwenden Sie bitte die folgende E-Mail &nbsp;lszkodzinski@seliggroup.com.<\/p>\n<p><\/p>\t\t\t\t\t\t\t\t<\/div>\n\t\t\t\t<\/div>\n\t\t\t\t\t<\/div>\n\t\t<\/div>\n\t\t\t\t\t<\/div>\n\t\t<\/section>\n\t\t\t\t<\/div>\n\t\t","protected":false},"excerpt":{"rendered":"<p>Startseite \/ Zug\u00e4nglichkeitserkl\u00e4rung Zug\u00e4nglichkeitserkl\u00e4rung Konformit\u00e4tsstatus Wir sind fest davon \u00fcberzeugt, dass das Internet f\u00fcr jeden verf\u00fcgbar und zug\u00e4nglich sein sollte, und setzen uns f\u00fcr die Bereitstellung einer Website ein, die f\u00fcr ein m\u00f6glichst breites Publikum zug\u00e4nglich ist, ungeachtet der F\u00e4higkeiten. Um dies zu erreichen, halten wir uns so streng wie m\u00f6glich an die Web Content [&hellip;]<\/p>\n","protected":false},"author":4,"featured_media":0,"parent":0,"menu_order":0,"comment_status":"closed","ping_status":"closed","template":"","meta":{"_acf_changed":false,"inline_featured_image":false,"_monsterinsights_skip_tracking":false,"_monsterinsights_sitenote_active":false,"_monsterinsights_sitenote_note":"","_monsterinsights_sitenote_category":0,"footnotes":"","_links_to":"","_links_to_target":""},"class_list":["post-58049","page","type-page","status-publish","hentry"],"acf":[],"yoast_head":"<!-- This site is optimized with the Yoast SEO plugin v27.4 - https:\/\/yoast.com\/product\/yoast-seo-wordpress\/ -->\n<title>Zug\u00e4nglichkeitserkl\u00e4rung - Selig Liners<\/title>\n<meta name=\"robots\" content=\"index, follow, max-snippet:-1, max-image-preview:large, max-video-preview:-1\" \/>\n<link rel=\"canonical\" href=\"https:\/\/www.seliggroup.com\/de\/accessibility-statement\/\" \/>\n<meta property=\"og:locale\" content=\"de_DE\" \/>\n<meta property=\"og:type\" content=\"article\" \/>\n<meta property=\"og:title\" content=\"Zug\u00e4nglichkeitserkl\u00e4rung - Selig Liners\" \/>\n<meta property=\"og:description\" content=\"Startseite \/ Zug\u00e4nglichkeitserkl\u00e4rung Zug\u00e4nglichkeitserkl\u00e4rung Konformit\u00e4tsstatus Wir sind fest davon \u00fcberzeugt, dass das Internet f\u00fcr jeden verf\u00fcgbar und zug\u00e4nglich sein sollte, und setzen uns f\u00fcr die Bereitstellung einer Website ein, die f\u00fcr ein m\u00f6glichst breites Publikum zug\u00e4nglich ist, ungeachtet der F\u00e4higkeiten. Um dies zu erreichen, halten wir uns so streng wie m\u00f6glich an die Web Content [&hellip;]\" \/>\n<meta property=\"og:url\" content=\"https:\/\/www.seliggroup.com\/de\/accessibility-statement\/\" \/>\n<meta property=\"og:site_name\" content=\"Selig Liners\" \/>\n<meta property=\"article:modified_time\" content=\"2023-05-05T17:29:28+00:00\" \/>\n<meta name=\"twitter:card\" content=\"summary_large_image\" \/>\n<meta name=\"twitter:label1\" content=\"Gesch\u00e4tzte Lesezeit\" \/>\n\t<meta name=\"twitter:data1\" content=\"7\u00a0Minuten\" \/>\n<script type=\"application\/ld+json\" class=\"yoast-schema-graph\">{\"@context\":\"https:\\\/\\\/schema.org\",\"@graph\":[{\"@type\":\"WebPage\",\"@id\":\"https:\\\/\\\/www.seliggroup.com\\\/de\\\/accessibility-statement\\\/\",\"url\":\"https:\\\/\\\/www.seliggroup.com\\\/de\\\/accessibility-statement\\\/\",\"name\":\"Zug\u00e4nglichkeitserkl\u00e4rung - Selig Liners\",\"isPartOf\":{\"@id\":\"https:\\\/\\\/www.seliggroup.com\\\/de\\\/#website\"},\"datePublished\":\"2022-09-13T02:01:05+00:00\",\"dateModified\":\"2023-05-05T17:29:28+00:00\",\"breadcrumb\":{\"@id\":\"https:\\\/\\\/www.seliggroup.com\\\/de\\\/accessibility-statement\\\/#breadcrumb\"},\"inLanguage\":\"de\",\"potentialAction\":[{\"@type\":\"ReadAction\",\"target\":[\"https:\\\/\\\/www.seliggroup.com\\\/de\\\/accessibility-statement\\\/\"]}]},{\"@type\":\"BreadcrumbList\",\"@id\":\"https:\\\/\\\/www.seliggroup.com\\\/de\\\/accessibility-statement\\\/#breadcrumb\",\"itemListElement\":[{\"@type\":\"ListItem\",\"position\":1,\"name\":\"Home\",\"item\":\"https:\\\/\\\/www.seliggroup.com\\\/de\\\/\"},{\"@type\":\"ListItem\",\"position\":2,\"name\":\"Zug\u00e4nglichkeitserkl\u00e4rung\"}]},{\"@type\":\"WebSite\",\"@id\":\"https:\\\/\\\/www.seliggroup.com\\\/de\\\/#website\",\"url\":\"https:\\\/\\\/www.seliggroup.com\\\/de\\\/\",\"name\":\"Selig Liners\",\"description\":\"Protect, Seal and Deliver\u2122\",\"publisher\":{\"@id\":\"https:\\\/\\\/www.seliggroup.com\\\/de\\\/#organization\"},\"potentialAction\":[{\"@type\":\"SearchAction\",\"target\":{\"@type\":\"EntryPoint\",\"urlTemplate\":\"https:\\\/\\\/www.seliggroup.com\\\/de\\\/?s={search_term_string}\"},\"query-input\":{\"@type\":\"PropertyValueSpecification\",\"valueRequired\":true,\"valueName\":\"search_term_string\"}}],\"inLanguage\":\"de\"},{\"@type\":\"Organization\",\"@id\":\"https:\\\/\\\/www.seliggroup.com\\\/de\\\/#organization\",\"name\":\"Selig Group\",\"alternateName\":\"Selig\",\"url\":\"https:\\\/\\\/www.seliggroup.com\\\/de\\\/\",\"logo\":{\"@type\":\"ImageObject\",\"inLanguage\":\"de\",\"@id\":\"https:\\\/\\\/www.seliggroup.com\\\/de\\\/#\\\/schema\\\/logo\\\/image\\\/\",\"url\":\"https:\\\/\\\/www.seliggroup.com\\\/wp-content\\\/uploads\\\/2022\\\/12\\\/SeligGroupLogo_CMYK.jpg\",\"contentUrl\":\"https:\\\/\\\/www.seliggroup.com\\\/wp-content\\\/uploads\\\/2022\\\/12\\\/SeligGroupLogo_CMYK.jpg\",\"width\":720,\"height\":336,\"caption\":\"Selig Group\"},\"image\":{\"@id\":\"https:\\\/\\\/www.seliggroup.com\\\/de\\\/#\\\/schema\\\/logo\\\/image\\\/\"}}]}<\/script>\n<!-- \/ Yoast SEO plugin. -->","yoast_head_json":{"title":"Zug\u00e4nglichkeitserkl\u00e4rung - Selig Liners","robots":{"index":"index","follow":"follow","max-snippet":"max-snippet:-1","max-image-preview":"max-image-preview:large","max-video-preview":"max-video-preview:-1"},"canonical":"https:\/\/www.seliggroup.com\/de\/accessibility-statement\/","og_locale":"de_DE","og_type":"article","og_title":"Zug\u00e4nglichkeitserkl\u00e4rung - Selig Liners","og_description":"Startseite \/ Zug\u00e4nglichkeitserkl\u00e4rung Zug\u00e4nglichkeitserkl\u00e4rung Konformit\u00e4tsstatus Wir sind fest davon \u00fcberzeugt, dass das Internet f\u00fcr jeden verf\u00fcgbar und zug\u00e4nglich sein sollte, und setzen uns f\u00fcr die Bereitstellung einer Website ein, die f\u00fcr ein m\u00f6glichst breites Publikum zug\u00e4nglich ist, ungeachtet der F\u00e4higkeiten. Um dies zu erreichen, halten wir uns so streng wie m\u00f6glich an die Web Content [&hellip;]","og_url":"https:\/\/www.seliggroup.com\/de\/accessibility-statement\/","og_site_name":"Selig Liners","article_modified_time":"2023-05-05T17:29:28+00:00","twitter_card":"summary_large_image","twitter_misc":{"Gesch\u00e4tzte Lesezeit":"7\u00a0Minuten"},"schema":{"@context":"https:\/\/schema.org","@graph":[{"@type":"WebPage","@id":"https:\/\/www.seliggroup.com\/de\/accessibility-statement\/","url":"https:\/\/www.seliggroup.com\/de\/accessibility-statement\/","name":"Zug\u00e4nglichkeitserkl\u00e4rung - Selig Liners","isPartOf":{"@id":"https:\/\/www.seliggroup.com\/de\/#website"},"datePublished":"2022-09-13T02:01:05+00:00","dateModified":"2023-05-05T17:29:28+00:00","breadcrumb":{"@id":"https:\/\/www.seliggroup.com\/de\/accessibility-statement\/#breadcrumb"},"inLanguage":"de","potentialAction":[{"@type":"ReadAction","target":["https:\/\/www.seliggroup.com\/de\/accessibility-statement\/"]}]},{"@type":"BreadcrumbList","@id":"https:\/\/www.seliggroup.com\/de\/accessibility-statement\/#breadcrumb","itemListElement":[{"@type":"ListItem","position":1,"name":"Home","item":"https:\/\/www.seliggroup.com\/de\/"},{"@type":"ListItem","position":2,"name":"Zug\u00e4nglichkeitserkl\u00e4rung"}]},{"@type":"WebSite","@id":"https:\/\/www.seliggroup.com\/de\/#website","url":"https:\/\/www.seliggroup.com\/de\/","name":"Selig Liners","description":"Protect, Seal and Deliver\u2122","publisher":{"@id":"https:\/\/www.seliggroup.com\/de\/#organization"},"potentialAction":[{"@type":"SearchAction","target":{"@type":"EntryPoint","urlTemplate":"https:\/\/www.seliggroup.com\/de\/?s={search_term_string}"},"query-input":{"@type":"PropertyValueSpecification","valueRequired":true,"valueName":"search_term_string"}}],"inLanguage":"de"},{"@type":"Organization","@id":"https:\/\/www.seliggroup.com\/de\/#organization","name":"Selig Group","alternateName":"Selig","url":"https:\/\/www.seliggroup.com\/de\/","logo":{"@type":"ImageObject","inLanguage":"de","@id":"https:\/\/www.seliggroup.com\/de\/#\/schema\/logo\/image\/","url":"https:\/\/www.seliggroup.com\/wp-content\/uploads\/2022\/12\/SeligGroupLogo_CMYK.jpg","contentUrl":"https:\/\/www.seliggroup.com\/wp-content\/uploads\/2022\/12\/SeligGroupLogo_CMYK.jpg","width":720,"height":336,"caption":"Selig Group"},"image":{"@id":"https:\/\/www.seliggroup.com\/de\/#\/schema\/logo\/image\/"}}]}},"_links":{"self":[{"href":"https:\/\/www.seliggroup.com\/de\/wp-json\/wp\/v2\/pages\/58049","targetHints":{"allow":["GET"]}}],"collection":[{"href":"https:\/\/www.seliggroup.com\/de\/wp-json\/wp\/v2\/pages"}],"about":[{"href":"https:\/\/www.seliggroup.com\/de\/wp-json\/wp\/v2\/types\/page"}],"author":[{"embeddable":true,"href":"https:\/\/www.seliggroup.com\/de\/wp-json\/wp\/v2\/users\/4"}],"replies":[{"embeddable":true,"href":"https:\/\/www.seliggroup.com\/de\/wp-json\/wp\/v2\/comments?post=58049"}],"version-history":[{"count":0,"href":"https:\/\/www.seliggroup.com\/de\/wp-json\/wp\/v2\/pages\/58049\/revisions"}],"wp:attachment":[{"href":"https:\/\/www.seliggroup.com\/de\/wp-json\/wp\/v2\/media?parent=58049"}],"curies":[{"name":"wp","href":"https:\/\/api.w.org\/{rel}","templated":true}]}}