{"id":56437,"date":"2022-08-18T06:17:00","date_gmt":"2022-08-18T06:17:00","guid":{"rendered":"https:\/\/selig-group.com\/recursos\/hojas-tecnicas\/"},"modified":"2023-04-11T04:35:30","modified_gmt":"2023-04-11T04:35:30","slug":"hojas-tecnicas","status":"publish","type":"page","link":"https:\/\/www.seliggroup.com\/es\/recursos\/hojas-tecnicas\/","title":{"rendered":"Hojas T\u00e9cnicas"},"content":{"rendered":"\t\t<div data-elementor-type=\"wp-page\" data-elementor-id=\"56437\" class=\"elementor elementor-56437 elementor-170\" data-elementor-post-type=\"page\">\n\t\t\t\t<div class=\"elementor-element elementor-element-04635d5 e-con-full e-flex e-con e-parent\" data-id=\"04635d5\" data-element_type=\"container\" data-e-type=\"container\">\n\t\t<div class=\"elementor-element elementor-element-ad71fba e-con-full normal-padding e-flex e-con e-parent\" data-id=\"ad71fba\" data-element_type=\"container\" data-e-type=\"container\" data-settings=\"{&quot;background_background&quot;:&quot;classic&quot;}\">\n\t\t<div class=\"elementor-element elementor-element-6c559e8 e-con-full e-flex e-con e-parent\" data-id=\"6c559e8\" data-element_type=\"container\" data-e-type=\"container\" data-settings=\"{&quot;background_background&quot;:&quot;slideshow&quot;,&quot;background_slideshow_gallery&quot;:[],&quot;background_slideshow_loop&quot;:&quot;yes&quot;,&quot;background_slideshow_slide_duration&quot;:5000,&quot;background_slideshow_slide_transition&quot;:&quot;fade&quot;,&quot;background_slideshow_transition_duration&quot;:500}\">\n\t\t\t\t<div class=\"elementor-element elementor-element-1a750bb elementor-widget__width-auto elementor-widget elementor-widget-heading\" data-id=\"1a750bb\" data-element_type=\"widget\" data-e-type=\"widget\" data-widget_type=\"heading.default\">\n\t\t\t\t<div class=\"elementor-widget-container\">\n\t\t\t\t\t<span class=\"elementor-heading-title elementor-size-default\"><a href=\"https:\/\/www.seliggroup.com\/es\/\">P\u00e1gina principal<\/a><\/span>\t\t\t\t<\/div>\n\t\t\t\t<\/div>\n\t\t\t\t<div class=\"elementor-element elementor-element-c639429 elementor-widget__width-auto elementor-widget elementor-widget-heading\" data-id=\"c639429\" data-element_type=\"widget\" data-e-type=\"widget\" data-widget_type=\"heading.default\">\n\t\t\t\t<div class=\"elementor-widget-container\">\n\t\t\t\t\t<span class=\"elementor-heading-title elementor-size-default\"><a href=\"https:\/\/www.seliggroup.com\/es\/recursos\/\">\/ Recursos<\/a><\/span>\t\t\t\t<\/div>\n\t\t\t\t<\/div>\n\t\t\t\t<div class=\"elementor-element elementor-element-e97e0d3 elementor-widget__width-auto elementor-widget elementor-widget-heading\" data-id=\"e97e0d3\" data-element_type=\"widget\" data-e-type=\"widget\" data-widget_type=\"heading.default\">\n\t\t\t\t<div class=\"elementor-widget-container\">\n\t\t\t\t\t<span class=\"elementor-heading-title elementor-size-default\"><a href=\"https:\/\/www.seliggroup.com\/es\/recursos\/hojas-tecnicas\/\">\/ Hojas T\u00e9cnicas<\/a><\/span>\t\t\t\t<\/div>\n\t\t\t\t<\/div>\n\t\t\t\t<\/div>\n\t\t<div class=\"elementor-element elementor-element-c1931e6 e-con-full e-flex e-con e-parent\" data-id=\"c1931e6\" data-element_type=\"container\" data-e-type=\"container\">\n\t\t\t\t<div class=\"elementor-element elementor-element-c99061c elementor-widget elementor-widget-heading\" data-id=\"c99061c\" data-element_type=\"widget\" data-e-type=\"widget\" data-widget_type=\"heading.default\">\n\t\t\t\t<div class=\"elementor-widget-container\">\n\t\t\t\t\t<p class=\"elementor-heading-title elementor-size-default\">Hojas T\u00e9cnicas<\/p>\t\t\t\t<\/div>\n\t\t\t\t<\/div>\n\t\t\t\t<div class=\"elementor-element elementor-element-9af1552 elementor-widget__width-initial elementor-widget elementor-widget-heading\" data-id=\"9af1552\" data-element_type=\"widget\" data-e-type=\"widget\" data-widget_type=\"heading.default\">\n\t\t\t\t<div class=\"elementor-widget-container\">\n\t\t\t\t\t<p class=\"elementor-heading-title elementor-size-default\">Acceda a las especificaciones t\u00e9cnicas de las soluciones de sellado de contenedores.<\/p>\t\t\t\t<\/div>\n\t\t\t\t<\/div>\n\t\t\t\t<\/div>\n\t\t\t\t<\/div>\n\t\t\t\t<\/div>\n\t\t<div class=\"elementor-element elementor-element-ab1523f e-con-full normal-horizontal-padding e-flex e-con e-parent\" data-id=\"ab1523f\" data-element_type=\"container\" data-e-type=\"container\">\n\t\t\t\t<div class=\"elementor-element elementor-element-190f97d elementor-widget elementor-widget-shortcode\" data-id=\"190f97d\" data-element_type=\"widget\" data-e-type=\"widget\" data-widget_type=\"shortcode.default\">\n\t\t\t\t<div class=\"elementor-widget-container\">\n\t\t\t\t\t\t\t<div class=\"elementor-shortcode\"><div class=\"products-search-bar\">\n\t\t\t\t\t<form class=\"products-search-form\">\n\t\t\t\t\t\t<i aria-hidden=\"true\" class=\"fas fa-search\"><\/i>\n\t\t\t\t\t\t<input type=\"search\" placeholder=\"Search for products\"\/>\n\t\t\t\t\t<\/form>\n\t\t\t\t\t<div class=\"keywords-bar\">\n\t\t\t\t\t\t<div class=\"keywords\"><\/div>\n\t\t\t\t\t\t<div class=\"clear-keywords-btn\">Clear all<\/div>\n\t\t\t\t\t<\/div>\n\t\t\t\t\t<div class=\"products-filter-by-btn\">\n\t\t\t\t\t\tFilter By\n\t\t\t\t\t\t<i class=\"fas fa-filter\"><\/i>\n\t\t\t\t\t\t<div class=\"products-filter-fiklter-content\">\n                \t\t\t<div class=\"dropdown-label\">Liner type<\/div><div class=\"liner-item\" name=\"custom_dispensing\" value=\"Dispensador personalizado\">\n\t\t\t\t\t\t\t<input type=\"hidden\" name=\"custom_dispensing\" value=\"Dispensador personalizado\">\n\t\t\t\t\t\t\t<i class=\"far fa-square\"><\/i>\n\t\t\t\t\t\t\t<i class=\"fas fa-check-square\"><\/i>\n\t\t\t\t\t\t\t<div>Dispensador personalizado<\/div>\n\t\t\t\t\t\t<\/div><div class=\"liner-item\" name=\"direct_seal\" value=\"Sellado directo\">\n\t\t\t\t\t\t\t<input type=\"hidden\" name=\"direct_seal\" value=\"Sellado directo\">\n\t\t\t\t\t\t\t<i class=\"far fa-square\"><\/i>\n\t\t\t\t\t\t\t<i class=\"fas fa-check-square\"><\/i>\n\t\t\t\t\t\t\t<div>Sellado directo<\/div>\n\t\t\t\t\t\t<\/div><div class=\"liner-item\" name=\"foam\" value=\"Espuma\">\n\t\t\t\t\t\t\t<input type=\"hidden\" name=\"foam\" value=\"Espuma\">\n\t\t\t\t\t\t\t<i class=\"far fa-square\"><\/i>\n\t\t\t\t\t\t\t<i class=\"fas fa-check-square\"><\/i>\n\t\t\t\t\t\t\t<div>Espuma<\/div>\n\t\t\t\t\t\t<\/div><div class=\"liner-item\" name=\"gaskets\" value=\"Empaque\">\n\t\t\t\t\t\t\t<input type=\"hidden\" name=\"gaskets\" value=\"Empaque\">\n\t\t\t\t\t\t\t<i class=\"far fa-square\"><\/i>\n\t\t\t\t\t\t\t<i class=\"fas fa-check-square\"><\/i>\n\t\t\t\t\t\t\t<div>Empaque<\/div>\n\t\t\t\t\t\t<\/div><div class=\"liner-item\" name=\"glue_bonded\" value=\"Adherido con adhesivo\">\n\t\t\t\t\t\t\t<input type=\"hidden\" name=\"glue_bonded\" value=\"Adherido con adhesivo\">\n\t\t\t\t\t\t\t<i class=\"far fa-square\"><\/i>\n\t\t\t\t\t\t\t<i class=\"fas fa-check-square\"><\/i>\n\t\t\t\t\t\t\t<div>Adherido con adhesivo<\/div>\n\t\t\t\t\t\t<\/div><div class=\"liner-item\" name=\"induction_seal\" value=\"Sellado por inducci\u00f3n\">\n\t\t\t\t\t\t\t<input type=\"hidden\" name=\"induction_seal\" value=\"Sellado por inducci\u00f3n\">\n\t\t\t\t\t\t\t<i class=\"far fa-square\"><\/i>\n\t\t\t\t\t\t\t<i class=\"fas fa-check-square\"><\/i>\n\t\t\t\t\t\t\t<div>Sellado por inducci\u00f3n<\/div>\n\t\t\t\t\t\t<\/div><div class=\"liner-item\" name=\"pressure_sensitive\" value=\"Sensitivo a la presi\u00f3n\">\n\t\t\t\t\t\t\t<input type=\"hidden\" name=\"pressure_sensitive\" value=\"Sensitivo a la presi\u00f3n\">\n\t\t\t\t\t\t\t<i class=\"far fa-square\"><\/i>\n\t\t\t\t\t\t\t<i class=\"fas fa-check-square\"><\/i>\n\t\t\t\t\t\t\t<div>Sensitivo a la presi\u00f3n<\/div>\n\t\t\t\t\t\t<\/div><div class=\"liner-item\" name=\"primary_liner\" value=\"Empaque primario\">\n\t\t\t\t\t\t\t<input type=\"hidden\" name=\"primary_liner\" value=\"Empaque primario\">\n\t\t\t\t\t\t\t<i class=\"far fa-square\"><\/i>\n\t\t\t\t\t\t\t<i class=\"fas fa-check-square\"><\/i>\n\t\t\t\t\t\t\t<div>Empaque primario<\/div>\n\t\t\t\t\t\t<\/div><div class=\"liner-item\" name=\"tabbed\" value=\"Con pesta\u00f1a\">\n\t\t\t\t\t\t\t<input type=\"hidden\" name=\"tabbed\" value=\"Con pesta\u00f1a\">\n\t\t\t\t\t\t\t<i class=\"far fa-square\"><\/i>\n\t\t\t\t\t\t\t<i class=\"fas fa-check-square\"><\/i>\n\t\t\t\t\t\t\t<div>Con pesta\u00f1a<\/div>\n\t\t\t\t\t\t<\/div><\/div>\n\t\t\t<\/div>\n\t\t<\/div>\n\t\t<div class=\"products-container\"><\/div><\/div>\n\t\t\t\t\t\t<\/div>\n\t\t\t\t<\/div>\n\t\t\t\t<\/div>\n\t\t\t\t<\/div>\n\t\t","protected":false},"excerpt":{"rendered":"<p>P\u00e1gina principal \/ Recursos \/ Hojas T\u00e9cnicas Hojas T\u00e9cnicas Acceda a las especificaciones t\u00e9cnicas de las soluciones de sellado de contenedores.<\/p>\n","protected":false},"author":4,"featured_media":0,"parent":55447,"menu_order":0,"comment_status":"closed","ping_status":"closed","template":"","meta":{"_acf_changed":false,"inline_featured_image":false,"_monsterinsights_skip_tracking":false,"_monsterinsights_sitenote_active":false,"_monsterinsights_sitenote_note":"","_monsterinsights_sitenote_category":0,"footnotes":"","_links_to":"","_links_to_target":""},"class_list":["post-56437","page","type-page","status-publish","hentry"],"acf":[],"yoast_head":"<!-- This site is optimized with the Yoast SEO plugin v27.4 - https:\/\/yoast.com\/product\/yoast-seo-wordpress\/ -->\n<title>Hojas T\u00e9cnicas - Selig Group<\/title>\n<meta name=\"robots\" content=\"index, follow, max-snippet:-1, max-image-preview:large, max-video-preview:-1\" \/>\n<link rel=\"canonical\" href=\"https:\/\/www.seliggroup.com\/es\/recursos\/hojas-tecnicas\/\" \/>\n<meta property=\"og:locale\" content=\"es_ES\" \/>\n<meta property=\"og:type\" content=\"article\" \/>\n<meta property=\"og:title\" content=\"Hojas T\u00e9cnicas - Selig Group\" \/>\n<meta property=\"og:description\" content=\"P\u00e1gina principal \/ Recursos \/ Hojas T\u00e9cnicas Hojas T\u00e9cnicas Acceda a las especificaciones t\u00e9cnicas de las soluciones de sellado de contenedores.\" \/>\n<meta property=\"og:url\" content=\"https:\/\/www.seliggroup.com\/es\/recursos\/hojas-tecnicas\/\" \/>\n<meta property=\"og:site_name\" content=\"Selig Group\" \/>\n<meta property=\"article:modified_time\" content=\"2023-04-11T04:35:30+00:00\" \/>\n<meta name=\"twitter:card\" content=\"summary_large_image\" \/>\n<script type=\"application\/ld+json\" class=\"yoast-schema-graph\">{\"@context\":\"https:\\\/\\\/schema.org\",\"@graph\":[{\"@type\":\"WebPage\",\"@id\":\"https:\\\/\\\/www.seliggroup.com\\\/es\\\/recursos\\\/hojas-tecnicas\\\/\",\"url\":\"https:\\\/\\\/www.seliggroup.com\\\/es\\\/recursos\\\/hojas-tecnicas\\\/\",\"name\":\"Hojas T\u00e9cnicas - Selig Group\",\"isPartOf\":{\"@id\":\"https:\\\/\\\/www.seliggroup.com\\\/es\\\/#website\"},\"datePublished\":\"2022-08-18T06:17:00+00:00\",\"dateModified\":\"2023-04-11T04:35:30+00:00\",\"breadcrumb\":{\"@id\":\"https:\\\/\\\/www.seliggroup.com\\\/es\\\/recursos\\\/hojas-tecnicas\\\/#breadcrumb\"},\"inLanguage\":\"es\",\"potentialAction\":[{\"@type\":\"ReadAction\",\"target\":[\"https:\\\/\\\/www.seliggroup.com\\\/es\\\/recursos\\\/hojas-tecnicas\\\/\"]}]},{\"@type\":\"BreadcrumbList\",\"@id\":\"https:\\\/\\\/www.seliggroup.com\\\/es\\\/recursos\\\/hojas-tecnicas\\\/#breadcrumb\",\"itemListElement\":[{\"@type\":\"ListItem\",\"position\":1,\"name\":\"Home\",\"item\":\"https:\\\/\\\/www.seliggroup.com\\\/es\\\/\"},{\"@type\":\"ListItem\",\"position\":2,\"name\":\"Recursos\",\"item\":\"https:\\\/\\\/www.seliggroup.com\\\/es\\\/recursos\\\/\"},{\"@type\":\"ListItem\",\"position\":3,\"name\":\"Hojas T\u00e9cnicas\"}]},{\"@type\":\"WebSite\",\"@id\":\"https:\\\/\\\/www.seliggroup.com\\\/es\\\/#website\",\"url\":\"https:\\\/\\\/www.seliggroup.com\\\/es\\\/\",\"name\":\"Selig Group\",\"description\":\"Selig Group is a reliable and experienced partner in the global packaging industry, offering quality sealing, venting, flexible packaging, and protection.\",\"publisher\":{\"@id\":\"https:\\\/\\\/www.seliggroup.com\\\/es\\\/#organization\"},\"potentialAction\":[{\"@type\":\"SearchAction\",\"target\":{\"@type\":\"EntryPoint\",\"urlTemplate\":\"https:\\\/\\\/www.seliggroup.com\\\/es\\\/?s={search_term_string}\"},\"query-input\":{\"@type\":\"PropertyValueSpecification\",\"valueRequired\":true,\"valueName\":\"search_term_string\"}}],\"inLanguage\":\"es\"},{\"@type\":\"Organization\",\"@id\":\"https:\\\/\\\/www.seliggroup.com\\\/es\\\/#organization\",\"name\":\"Selig Group\",\"alternateName\":\"Selig\",\"url\":\"https:\\\/\\\/www.seliggroup.com\\\/es\\\/\",\"logo\":{\"@type\":\"ImageObject\",\"inLanguage\":\"es\",\"@id\":\"https:\\\/\\\/www.seliggroup.com\\\/es\\\/#\\\/schema\\\/logo\\\/image\\\/\",\"url\":\"https:\\\/\\\/www.seliggroup.com\\\/wp-content\\\/uploads\\\/2022\\\/12\\\/SeligGroupLogo_CMYK.jpg\",\"contentUrl\":\"https:\\\/\\\/www.seliggroup.com\\\/wp-content\\\/uploads\\\/2022\\\/12\\\/SeligGroupLogo_CMYK.jpg\",\"width\":720,\"height\":336,\"caption\":\"Selig Group\"},\"image\":{\"@id\":\"https:\\\/\\\/www.seliggroup.com\\\/es\\\/#\\\/schema\\\/logo\\\/image\\\/\"}}]}<\/script>\n<!-- \/ Yoast SEO plugin. -->","yoast_head_json":{"title":"Hojas T\u00e9cnicas - Selig Group","robots":{"index":"index","follow":"follow","max-snippet":"max-snippet:-1","max-image-preview":"max-image-preview:large","max-video-preview":"max-video-preview:-1"},"canonical":"https:\/\/www.seliggroup.com\/es\/recursos\/hojas-tecnicas\/","og_locale":"es_ES","og_type":"article","og_title":"Hojas T\u00e9cnicas - Selig Group","og_description":"P\u00e1gina principal \/ Recursos \/ Hojas T\u00e9cnicas Hojas T\u00e9cnicas Acceda a las especificaciones t\u00e9cnicas de las soluciones de sellado de contenedores.","og_url":"https:\/\/www.seliggroup.com\/es\/recursos\/hojas-tecnicas\/","og_site_name":"Selig Group","article_modified_time":"2023-04-11T04:35:30+00:00","twitter_card":"summary_large_image","schema":{"@context":"https:\/\/schema.org","@graph":[{"@type":"WebPage","@id":"https:\/\/www.seliggroup.com\/es\/recursos\/hojas-tecnicas\/","url":"https:\/\/www.seliggroup.com\/es\/recursos\/hojas-tecnicas\/","name":"Hojas T\u00e9cnicas - Selig Group","isPartOf":{"@id":"https:\/\/www.seliggroup.com\/es\/#website"},"datePublished":"2022-08-18T06:17:00+00:00","dateModified":"2023-04-11T04:35:30+00:00","breadcrumb":{"@id":"https:\/\/www.seliggroup.com\/es\/recursos\/hojas-tecnicas\/#breadcrumb"},"inLanguage":"es","potentialAction":[{"@type":"ReadAction","target":["https:\/\/www.seliggroup.com\/es\/recursos\/hojas-tecnicas\/"]}]},{"@type":"BreadcrumbList","@id":"https:\/\/www.seliggroup.com\/es\/recursos\/hojas-tecnicas\/#breadcrumb","itemListElement":[{"@type":"ListItem","position":1,"name":"Home","item":"https:\/\/www.seliggroup.com\/es\/"},{"@type":"ListItem","position":2,"name":"Recursos","item":"https:\/\/www.seliggroup.com\/es\/recursos\/"},{"@type":"ListItem","position":3,"name":"Hojas T\u00e9cnicas"}]},{"@type":"WebSite","@id":"https:\/\/www.seliggroup.com\/es\/#website","url":"https:\/\/www.seliggroup.com\/es\/","name":"Selig Group","description":"Selig Group is a reliable and experienced partner in the global packaging industry, offering quality sealing, venting, flexible packaging, and protection.","publisher":{"@id":"https:\/\/www.seliggroup.com\/es\/#organization"},"potentialAction":[{"@type":"SearchAction","target":{"@type":"EntryPoint","urlTemplate":"https:\/\/www.seliggroup.com\/es\/?s={search_term_string}"},"query-input":{"@type":"PropertyValueSpecification","valueRequired":true,"valueName":"search_term_string"}}],"inLanguage":"es"},{"@type":"Organization","@id":"https:\/\/www.seliggroup.com\/es\/#organization","name":"Selig Group","alternateName":"Selig","url":"https:\/\/www.seliggroup.com\/es\/","logo":{"@type":"ImageObject","inLanguage":"es","@id":"https:\/\/www.seliggroup.com\/es\/#\/schema\/logo\/image\/","url":"https:\/\/www.seliggroup.com\/wp-content\/uploads\/2022\/12\/SeligGroupLogo_CMYK.jpg","contentUrl":"https:\/\/www.seliggroup.com\/wp-content\/uploads\/2022\/12\/SeligGroupLogo_CMYK.jpg","width":720,"height":336,"caption":"Selig Group"},"image":{"@id":"https:\/\/www.seliggroup.com\/es\/#\/schema\/logo\/image\/"}}]}},"_links":{"self":[{"href":"https:\/\/www.seliggroup.com\/es\/wp-json\/wp\/v2\/pages\/56437","targetHints":{"allow":["GET"]}}],"collection":[{"href":"https:\/\/www.seliggroup.com\/es\/wp-json\/wp\/v2\/pages"}],"about":[{"href":"https:\/\/www.seliggroup.com\/es\/wp-json\/wp\/v2\/types\/page"}],"author":[{"embeddable":true,"href":"https:\/\/www.seliggroup.com\/es\/wp-json\/wp\/v2\/users\/4"}],"replies":[{"embeddable":true,"href":"https:\/\/www.seliggroup.com\/es\/wp-json\/wp\/v2\/comments?post=56437"}],"version-history":[{"count":0,"href":"https:\/\/www.seliggroup.com\/es\/wp-json\/wp\/v2\/pages\/56437\/revisions"}],"up":[{"embeddable":true,"href":"https:\/\/www.seliggroup.com\/es\/wp-json\/wp\/v2\/pages\/55447"}],"wp:attachment":[{"href":"https:\/\/www.seliggroup.com\/es\/wp-json\/wp\/v2\/media?parent=56437"}],"curies":[{"name":"wp","href":"https:\/\/api.w.org\/{rel}","templated":true}]}}