{"id":58025,"date":"2023-04-28T17:01:11","date_gmt":"2023-04-28T17:01:11","guid":{"rendered":"https:\/\/selig-group.com\/previous-privacy-policy\/"},"modified":"2023-05-04T20:35:03","modified_gmt":"2023-05-04T20:35:03","slug":"previous-privacy-policy","status":"publish","type":"page","link":"https:\/\/www.seliggroup.com\/es\/previous-privacy-policy\/","title":{"rendered":"Previous Privacy Policy"},"content":{"rendered":"\t\t<div data-elementor-type=\"wp-page\" data-elementor-id=\"58025\" class=\"elementor elementor-58025 elementor-57783\" data-elementor-post-type=\"page\">\n\t\t\t\t<div class=\"elementor-element elementor-element-48e99768 e-con-full normal-horizontal-padding e-flex e-con e-parent\" data-id=\"48e99768\" data-element_type=\"container\" data-e-type=\"container\" data-settings=\"{&quot;background_background&quot;:&quot;classic&quot;}\">\n\t\t<div class=\"elementor-element elementor-element-661a5899 e-con-full e-flex e-con e-parent\" data-id=\"661a5899\" data-element_type=\"container\" data-e-type=\"container\" data-settings=\"{&quot;background_background&quot;:&quot;slideshow&quot;,&quot;background_slideshow_gallery&quot;:[],&quot;background_slideshow_loop&quot;:&quot;yes&quot;,&quot;background_slideshow_slide_duration&quot;:5000,&quot;background_slideshow_slide_transition&quot;:&quot;fade&quot;,&quot;background_slideshow_transition_duration&quot;:500}\">\n\t\t\t\t<div class=\"elementor-element elementor-element-7beb0d7b elementor-widget__width-auto elementor-widget elementor-widget-heading\" data-id=\"7beb0d7b\" data-element_type=\"widget\" data-e-type=\"widget\" data-widget_type=\"heading.default\">\n\t\t\t\t<div class=\"elementor-widget-container\">\n\t\t\t\t\t<span class=\"elementor-heading-title elementor-size-default\"><a href=\"https:\/\/www.seliggroup.com\/es\/\">P\u00c1GINA PRINCIPAL\/<\/a><\/span>\t\t\t\t<\/div>\n\t\t\t\t<\/div>\n\t\t\t\t<div class=\"elementor-element elementor-element-4f0468af elementor-widget__width-auto elementor-widget elementor-widget-heading\" data-id=\"4f0468af\" data-element_type=\"widget\" data-e-type=\"widget\" data-widget_type=\"heading.default\">\n\t\t\t\t<div class=\"elementor-widget-container\">\n\t\t\t\t\t<span class=\"elementor-heading-title elementor-size-default\"><a href=\"https:\/\/www.seliggroup.com\/es\/previous-privacy-policy\/\">Pol\u00edtica de privacidad<\/a><\/span>\t\t\t\t<\/div>\n\t\t\t\t<\/div>\n\t\t\t\t<\/div>\n\t\t<div class=\"elementor-element elementor-element-1576cb75 e-con-full e-flex e-con e-parent\" data-id=\"1576cb75\" data-element_type=\"container\" data-e-type=\"container\">\n\t\t\t\t<div class=\"elementor-element elementor-element-4da3476c elementor-widget__width-initial elementor-widget elementor-widget-heading\" data-id=\"4da3476c\" data-element_type=\"widget\" data-e-type=\"widget\" data-widget_type=\"heading.default\">\n\t\t\t\t<div class=\"elementor-widget-container\">\n\t\t\t\t\t<p class=\"elementor-heading-title elementor-size-default\">Previous Privacy Policy<\/p>\t\t\t\t<\/div>\n\t\t\t\t<\/div>\n\t\t\t\t<\/div>\n\t\t\t\t<\/div>\n\t\t<div class=\"elementor-element elementor-element-9dfbdf4 e-con-full normal-horizontal-padding e-flex e-con e-parent\" data-id=\"9dfbdf4\" data-element_type=\"container\" data-e-type=\"container\">\n\t\t<div class=\"elementor-element elementor-element-3de7e0f8 e-con-full e-flex e-con e-parent\" data-id=\"3de7e0f8\" data-element_type=\"container\" data-e-type=\"container\">\n\t\t<div class=\"elementor-element elementor-element-76535621 e-con-full e-flex e-con e-parent\" data-id=\"76535621\" data-element_type=\"container\" data-e-type=\"container\">\n\t\t<div class=\"elementor-element elementor-element-6b4c885a e-con-full e-flex e-con e-parent\" data-id=\"6b4c885a\" data-element_type=\"container\" data-e-type=\"container\">\n\t\t<div class=\"elementor-element elementor-element-211df1c4 e-con-full e-flex e-con e-parent\" data-id=\"211df1c4\" data-element_type=\"container\" data-e-type=\"container\">\n\t\t\t\t<div class=\"elementor-element elementor-element-c2f0297 elementor-widget elementor-widget-text-editor\" data-id=\"c2f0297\" data-element_type=\"widget\" data-e-type=\"widget\" data-widget_type=\"text-editor.default\">\n\t\t\t\t<div class=\"elementor-widget-container\">\n\t\t\t\t\t\t\t\t\t<h3><b>Pol\u00edtica de privacidad<\/b><\/h3>\n<p>Esta pol\u00edtica de privacidad establece de qu\u00e9 manera Selig utiliza y protege la informaci\u00f3n que usted brinda a Selig, o que Selig recopila, cuando usa este sitio web.<\/p>\n<p>Selig tiene el compromiso de asegurar la protecci\u00f3n de su privacidad. Si usted brinda informaci\u00f3n espec\u00edfica que pueda identificarlo cuando usa el sitio web, puede estar seguro que solo la utilizaremos conforme a nuestra pol\u00edtica de privacidad.<\/p>\n<p>Selig puede cambiar su pol\u00edtica peri\u00f3dicamente cuando actualiza esta p\u00e1gina. Nos aseguraremos de que est\u00e9 informado sobre los cambios significativos y le enviaremos un correo electr\u00f3nico a la direcci\u00f3n de correo que especific\u00f3 recientemente o publicaremos un aviso en cada sitio web relevante para que est\u00e9 informado del impacto de las actividades de procesamiento de datos antes de que contin\u00fae su participaci\u00f3n. Lo alentamos a que consulte y revise la pol\u00edtica peri\u00f3dicamente para que siempre sepa la informaci\u00f3n que recopilamos, c\u00f3mo la usamos y con qui\u00e9n la compartimos.<\/p>\n<p>Informaci\u00f3n que recopilamos<\/p>\n<ul>\n<li>Informaci\u00f3n que nos proporciona\n<ul>\n<li>Registro de cuenta: cuando se registra en una cuenta o completa formularios web, podemos pedirle su informaci\u00f3n de contacto, que incluye, entre otros, su nombre, t\u00edtulo, direcci\u00f3n de correo electr\u00f3nico, direcci\u00f3n postal, n\u00famero de tel\u00e9fono m\u00f3vil o laboral, idioma preferente, puesto de trabajo, tipo de departamento y nombre de la empresa de su empleador.<\/li>\n<li>Preferencias e intereses acerca de nuestros productos y servicios para un contacto a futuro.<\/li>\n<li>Comunicaciones: Si nos contacta directamente o a trav\u00e9s de nuestro sitio web, recibiremos informaci\u00f3n sobre su persona, como su nombre, t\u00edtulo, direcci\u00f3n de correo electr\u00f3nico, n\u00famero de tel\u00e9fono, el contenido de la comunicaci\u00f3n y adjuntos que pueda enviarnos, y cualquier otra informaci\u00f3n que elija proporcionar. Tambi\u00e9n recibimos confirmaci\u00f3n cuando abre un correo electr\u00f3nico que le enviamos.<\/li>\n<li>Otra informaci\u00f3n relevante a la satisfacci\u00f3n o insatisfacci\u00f3n del cliente, como encuestas.<\/li>\n<\/ul>\n<\/li>\n<li>Podemos recopilar la siguiente informaci\u00f3n:\n<ul>\n<li>Cookies y otras tecnolog\u00edas de rastreo: Cuando interact\u00faa con nosotros en l\u00ednea, reunimos cierta informaci\u00f3n directamente o por medio de socios terceros, como nuestro socio de anal\u00edtica, a trav\u00e9s de varios tecnolog\u00edas, como cookies o se\u00f1alizaciones. Esta informaci\u00f3n puede incluir datos sobre su dispositivo, direcciones de protocolo de Internet (IP), tipo de navegador, proveedor de servicio de Internet (ISP), URL de referencia, p\u00e1ginas de salida, sistema operativo, sello de fecha y hora, datos de seguimiento de clics y t\u00e9rminos de b\u00fasqueda. Tambi\u00e9n usamos se\u00f1alizaciones en correos electr\u00f3nicos para ayudarnos a entender el uso y la efectividad de las campa\u00f1as y determinar si se abri\u00f3 o se actu\u00f3 sobre un correo electr\u00f3nico.<\/li>\n<li>C\u00f3mo usamos las cookies: Usamos las cookies para analizar nuestro tr\u00e1fico y proporcionar funcionalidades b\u00e1sicas del sitio web, como el inicio de sesi\u00f3n en el sitio, recordar su inicio de sesi\u00f3n y preferencia de idioma. Utilizamos socios terceros de anal\u00edtica para hacer un seguimiento de la informaci\u00f3n sobre su uso de nuestro sitio web. La informaci\u00f3n siguiente enumera las cookies que recopilamos y qu\u00e9 informaci\u00f3n almacenan.\n<\/li>\n<\/ul>\n<\/li>\n<\/ul>\n<h3><b>Cookies estrictamente necesarias<\/b><\/h3>\n<p>Estas cookies son necesarias para que el sitio web funcione y no pueden desactivarse en nuestros sistemas. Por lo general, est\u00e1n configuradas \u00fanicamente en respuesta a las acciones realizadas que equivalen a una solicitud de servicio, como configurar sus preferencias de privacidad, inicio de sesi\u00f3n o de llenado de formularios. Puede configurar su navegador para que bloquee estas cookies, o le advierta sobre ellas, pero al hacerlo, algunas partes del sitio no funcionar\u00e1n. Estas cookies no guardan ninguna informaci\u00f3n que pueda identificarlo personalmente.<\/p>\n<p>Cookies utilizadas<\/p>\n<ul>\n<li>SYNAPSE4_synapse_frt_message_referer_params<\/li>\n<li>SYNAPSE4_synapse_frt_message_referer_route<\/li>\n<li>OptanonConsent<\/li>\n<li>OptanonAlertBoxClosed<\/li>\n<\/ul>\n<h3><b><br>Cookies de rendimiento<\/b><\/h3>\n<p>Estas cookies nos permiten contar las visitas y las fuentes de tr\u00e1fico, y as\u00ed medir y mejorar el rendimiento de nuestro sitio. Nos ayudan a conocer qu\u00e9 p\u00e1ginas son las m\u00e1s y menos populares y ver cu\u00e1ntos visitantes recorren el sitio. Toda la informaci\u00f3n que recopilan estas cookies es global y, por lo tanto, an\u00f3nima. Si no permite estas cookies, no sabremos cu\u00e1ndo visit\u00f3 nuestro sitio, y no podremos controlar su rendimiento.<\/p>\n<p>Cookies utilizadas<\/p>\n<ul>\n<li>_gat<\/li>\n<li>_ga<\/li>\n<li>_gid<\/li>\n<li>JSESSIONID<\/li>\n<\/ul>\n<h3><b><br>Cookies funcionales<\/b><\/h3>\n<p>Estas cookies permiten que el sitio proporcione funcionalidades mejoradas y personalizaci\u00f3n. Est\u00e1n configuradas por nosotros o por proveedores terceros, cuyos servicios hemos agregado a nuestras p\u00e1ginas. Si no permite estas cookies, es posible que algunos o todos estos servicios no funcionen correctamente.<\/p>\n<p>Cookies utilizadas<\/p>\n<ul>\n<li>revslider_session<\/li>\n<\/ul>\n<h3><b><br>Cookies de segmentaci\u00f3n por comportamiento<\/b><\/h3>\n<p>Usamos estas cookies para registrar los datos de seguimiento de clics para comprender mejor su uso e intereses en nuestros productos y mejorar nuestros servicios.<\/p>\n<p>Cookies utilizadas<\/p>\n<ul>\n<li>wp12167<\/li>\n<\/ul>\n<p>Puede administrar sus preferencias de cookies aqu\u00ed: Configuraci\u00f3n de cookies.<br><br><\/p>\n<p><\/p>\n<p><b>C\u00f3mo usamos la informaci\u00f3n<\/b><\/p>\n<ul>\n<li>Entender sus necesidades y brindarle un mejor servicio<\/li>\n<li>Usaremos la informaci\u00f3n para mantener, controlar, asegurar, personalizar y mejorar nuestro sitio web y la experiencia de los visitantes.<\/li>\n<li>Enviaremos peri\u00f3dicamente correos electr\u00f3nicos promocionales o informativos sobre la industria, Selig o nuestros productos y servicios a la direcci\u00f3n de correo electr\u00f3nico que nos haya proporcionado. En todos los casos, estos correos electr\u00f3nicos cumplir\u00e1n con las reglamentaciones de protecci\u00f3n de datos, como el Reglamento General de Protecci\u00f3n de Datos (GDPR) de la Uni\u00f3n Europea.<\/li>\n<li>Peri\u00f3dicamente, solicitaremos su opini\u00f3n sobre nuestros productos, servicios o la reputaci\u00f3n general de la compa\u00f1\u00eda, lo que nos permitir\u00e1 brindarle una mejor atenci\u00f3n.<\/li>\n<li>Notificar los cambios en nuestro sitio web y en nuestra pol\u00edtica de privacidad<\/li>\n<li>Marketing directo\n<ul>\n<li>En ocasiones, es posible que queramos usar su informaci\u00f3n personal y el registro de actividad de visitas pasadas a los fines de marketing directo con intereses leg\u00edtimos. Puede optar por la exclusi\u00f3n voluntaria de las iniciativas de marketing directo haciendo clic en el enlace &#8220;Opt Out&#8221; (Exclusi\u00f3n voluntaria) que se incluye en todos los correos de marketing directo.<\/li>\n<li>Si decide la exclusi\u00f3n voluntaria respecto al uso de sus datos personales para iniciativas de marketing directo, complete el formulario adjunto. [download here]<br><br><\/li>\n<\/ul>\n<\/li>\n<\/ul>\n<p><b>C\u00f3mo compartimos la informaci\u00f3n<\/b><\/p>\n<ul>\n<li>No vendemos ninguna informaci\u00f3n a terceros.<\/li>\n<li>Vendedores y proveedores de servicios: Compartimos informaci\u00f3n con vendedores terceros y proveedores de servicios que prestan servicios en nuestro nombre. Estos proveedores terceros, que asumieron el compromiso contractual de cumplimiento de los requisitos del GDPR, incluyen a nuestras compa\u00f1\u00edas que ofrecen soluciones para: Gesti\u00f3n de relaciones del cliente, Automatizaci\u00f3n de marketing y Alojamiento del sitio web.<br><br><\/li>\n<\/ul>\n<p><b>Protecci\u00f3n<\/b><\/p>\n<p>Selig tiene el compromiso de asegurar la protecci\u00f3n de su informaci\u00f3n. Con el fin de evitar el acceso o la divulgaci\u00f3n no autorizada, hemos implementado procedimientos f\u00edsicos, electr\u00f3nicos y administrativos adecuados para resguardar y proteger la informaci\u00f3n que recopilamos en l\u00ednea, entre ellos: control de acceso de usuario, monitoreo de actividades, actualizaciones de sistema y cifrado est\u00e1ndar de la industria.<br><br><\/p>\n<p><b>Regulaciones de protecci\u00f3n de datos<\/b><\/p>\n<p>Si usted es residente de la Uni\u00f3n Europea, cumplimos con el Reglamento General de Protecci\u00f3n de Datos de la UE. Para asegurar el cumplimiento de nuestras obligaciones conforme a estos reglamentos, mantenemos los datos personales actualizados, almacenamos y destruimos datos personales de manera segura, no recogemos ni conservamos cantidades excesivas de datos y protegemos los datos personales de p\u00e9rdidas, uso incorrecto, acceso no autorizado y divulgaci\u00f3n.<br><br><\/p>\n<p><b>Enlaces a otros sitios web<\/b><\/p>\n<p>Nuestro sitio web puede incluir enlaces a otros sitios web de inter\u00e9s. No obstante, una vez que usa estos enlaces y abandona nuestro sitio, debe tener en cuenta que ya no tendremos control sobre el otro sitio web. Por lo tanto, no podemos hacernos responsable de la protecci\u00f3n y la privacidad de la informaci\u00f3n que usted proporcione en su visita a estos sitios, y estos sitios no se rigen por los t\u00e9rminos de la presente pol\u00edtica de privacidad. Debe actuar con cautela y consultar la pol\u00edtica de privacidad aplicable al sitio web en cuesti\u00f3n.<br><br><\/p>\n<p><b>\u00bfCu\u00e1nto tiempo guardamos sus datos personales?<\/b><\/p>\n<p>Informaci\u00f3n de la cuenta: Conservamos los datos de su cuenta el tiempo que la cuenta est\u00e9 activa y por un periodo razonable a partir de entonces para respaldar nuestros requisitos comerciales. Anal\u00edtica: Los datos de anal\u00edtica a trav\u00e9s de Google Analytics se conservan por 14 meses. Guardamos datos globales que no incluyen ninguna informaci\u00f3n de identificaci\u00f3n personal.<br><br><\/p>\n<p><b>Acceso a su propia informaci\u00f3n personal<\/b><\/p>\n<p>Los individuos que est\u00e1n contemplados por el reglamento GDPR de la Uni\u00f3n Europea pueden solicitar detalles de la informaci\u00f3n personal que conservamos sobre su persona conforme a dicho reglamento. Si quisiera recibir una copia de la informaci\u00f3n que conservamos sobre usted, no dude en escribir al representante de privacidad de Selig en privacy@seliggroup.com.<br><br><\/p>\n<p>Si considera que alguna informaci\u00f3n que conservamos sobre su persona es incorrecta o est\u00e1 incompleta, escriba o env\u00ede un correo electr\u00f3nico tan pronto como sea posible al representante de privacidad de Selig en privacy@seliggroup.com. Corregiremos oportunamente la informaci\u00f3n que se considere incorrecta.<br><br><\/p>\n<p><b>Transferencias internacionales<\/b><\/p>\n<p>Algunas entidades dentro de Selig, que tienen acceso a sus datos personales, se encuentran fuera de la Uni\u00f3n Europea. Es posible que tambi\u00e9n compartamos sus datos personales en el exterior, por ejemplo, si recibimos una solicitud legal o regulatoria de un organismo de seguridad p\u00fablica extranjero. Siempre adoptaremos medidas para garantizar el manejo cuidadoso de transferencias internacionales de informaci\u00f3n con el fin de proteger sus derechos e intereses. En particular, haremos lo siguiente:<\/p>\n<ul>\n<li>Solo transferiremos sus datos personales a pa\u00edses que son reconocidos por proveer un nivel adecuado de protecci\u00f3n jur\u00eddica de acuerdo con el art\u00edculo 45 del GDPR, o<\/li>\n<li>Aseguraremos de que las transferencias realizadas fuera de la Uni\u00f3n Europea est\u00e9n sujetas a una salvaguarda jur\u00eddica adecuada, por ejemplo: las cl\u00e1usulas modelo de la UE conforme al art\u00edculo 46(2) del GDPR y el Escudo de la privacidad Uni\u00f3n Europea-Estados Unidos para la protecci\u00f3n de datos personales transferidos a los EE. UU. (para obtener m\u00e1s informaci\u00f3n, consulte https:\/\/ec.europa.eu\/info\/law\/law-topic\/data-protection\/data-transfers-outside-eu\/eu-us-privacy-shield_en ).<\/li>\n<\/ul>\n<p>Usted tiene derecho a solicitarnos m\u00e1s informaci\u00f3n sobre las salvaguardas que implementamos, tal como se mencion\u00f3 arriba. P\u00f3ngase en contacto, como se indic\u00f3 en la secci\u00f3n anterior&nbsp;<em>&#8220;Acceso a su propia informaci\u00f3n personal&#8221;<\/em>, &nbsp;si quiere recibir m\u00e1s informaci\u00f3n o solicitar una copia del documento de salvaguardas, que puede elaborarse para garantizar la confidencialidad.<\/p>\t\t\t\t\t\t\t\t<\/div>\n\t\t\t\t<\/div>\n\t\t\t\t<\/div>\n\t\t\t\t<\/div>\n\t\t\t\t<\/div>\n\t\t\t\t<\/div>\n\t\t\t\t<\/div>\n\t\t\t\t<\/div>\n\t\t","protected":false},"excerpt":{"rendered":"<p>P\u00c1GINA PRINCIPAL\/ Pol\u00edtica de privacidad Pol\u00edtica de privacidad Esta pol\u00edtica de privacidad establece de qu\u00e9 manera Selig utiliza y protege la informaci\u00f3n que usted brinda a Selig, o que Selig recopila, cuando usa este sitio web. Selig tiene el compromiso de asegurar la protecci\u00f3n de su privacidad. Si usted brinda informaci\u00f3n espec\u00edfica que pueda identificarlo [&hellip;]<\/p>\n","protected":false},"author":3,"featured_media":0,"parent":0,"menu_order":0,"comment_status":"closed","ping_status":"closed","template":"","meta":{"_acf_changed":false,"inline_featured_image":false,"_monsterinsights_skip_tracking":false,"_monsterinsights_sitenote_active":false,"_monsterinsights_sitenote_note":"","_monsterinsights_sitenote_category":0,"footnotes":"","_links_to":"","_links_to_target":""},"class_list":["post-58025","page","type-page","status-publish","hentry"],"acf":[],"yoast_head":"<!-- This site is optimized with the Yoast SEO plugin v27.4 - https:\/\/yoast.com\/product\/yoast-seo-wordpress\/ -->\n<title>Previous Privacy Policy - Selig Group<\/title>\n<meta name=\"robots\" content=\"index, follow, max-snippet:-1, max-image-preview:large, max-video-preview:-1\" \/>\n<link rel=\"canonical\" href=\"https:\/\/www.seliggroup.com\/es\/previous-privacy-policy\/\" \/>\n<meta property=\"og:locale\" content=\"es_ES\" \/>\n<meta property=\"og:type\" content=\"article\" \/>\n<meta property=\"og:title\" content=\"Previous Privacy Policy - Selig Group\" \/>\n<meta property=\"og:description\" content=\"P\u00c1GINA PRINCIPAL\/ Pol\u00edtica de privacidad Pol\u00edtica de privacidad Esta pol\u00edtica de privacidad establece de qu\u00e9 manera Selig utiliza y protege la informaci\u00f3n que usted brinda a Selig, o que Selig recopila, cuando usa este sitio web. Selig tiene el compromiso de asegurar la protecci\u00f3n de su privacidad. Si usted brinda informaci\u00f3n espec\u00edfica que pueda identificarlo [&hellip;]\" \/>\n<meta property=\"og:url\" content=\"https:\/\/www.seliggroup.com\/es\/previous-privacy-policy\/\" \/>\n<meta property=\"og:site_name\" content=\"Selig Group\" \/>\n<meta property=\"article:modified_time\" content=\"2023-05-04T20:35:03+00:00\" \/>\n<meta name=\"twitter:card\" content=\"summary_large_image\" \/>\n<meta name=\"twitter:label1\" content=\"Tiempo de lectura\" \/>\n\t<meta name=\"twitter:data1\" content=\"9 minutos\" \/>\n<script type=\"application\/ld+json\" class=\"yoast-schema-graph\">{\"@context\":\"https:\\\/\\\/schema.org\",\"@graph\":[{\"@type\":\"WebPage\",\"@id\":\"https:\\\/\\\/www.seliggroup.com\\\/es\\\/previous-privacy-policy\\\/\",\"url\":\"https:\\\/\\\/www.seliggroup.com\\\/es\\\/previous-privacy-policy\\\/\",\"name\":\"Previous Privacy Policy - Selig Group\",\"isPartOf\":{\"@id\":\"https:\\\/\\\/www.seliggroup.com\\\/es\\\/#website\"},\"datePublished\":\"2023-04-28T17:01:11+00:00\",\"dateModified\":\"2023-05-04T20:35:03+00:00\",\"breadcrumb\":{\"@id\":\"https:\\\/\\\/www.seliggroup.com\\\/es\\\/previous-privacy-policy\\\/#breadcrumb\"},\"inLanguage\":\"es\",\"potentialAction\":[{\"@type\":\"ReadAction\",\"target\":[\"https:\\\/\\\/www.seliggroup.com\\\/es\\\/previous-privacy-policy\\\/\"]}]},{\"@type\":\"BreadcrumbList\",\"@id\":\"https:\\\/\\\/www.seliggroup.com\\\/es\\\/previous-privacy-policy\\\/#breadcrumb\",\"itemListElement\":[{\"@type\":\"ListItem\",\"position\":1,\"name\":\"Home\",\"item\":\"https:\\\/\\\/www.seliggroup.com\\\/es\\\/\"},{\"@type\":\"ListItem\",\"position\":2,\"name\":\"Previous Privacy Policy\"}]},{\"@type\":\"WebSite\",\"@id\":\"https:\\\/\\\/www.seliggroup.com\\\/es\\\/#website\",\"url\":\"https:\\\/\\\/www.seliggroup.com\\\/es\\\/\",\"name\":\"Selig Group\",\"description\":\"Selig Group is a reliable and experienced partner in the global packaging industry, offering quality sealing, venting, flexible packaging, and protection.\",\"publisher\":{\"@id\":\"https:\\\/\\\/www.seliggroup.com\\\/es\\\/#organization\"},\"potentialAction\":[{\"@type\":\"SearchAction\",\"target\":{\"@type\":\"EntryPoint\",\"urlTemplate\":\"https:\\\/\\\/www.seliggroup.com\\\/es\\\/?s={search_term_string}\"},\"query-input\":{\"@type\":\"PropertyValueSpecification\",\"valueRequired\":true,\"valueName\":\"search_term_string\"}}],\"inLanguage\":\"es\"},{\"@type\":\"Organization\",\"@id\":\"https:\\\/\\\/www.seliggroup.com\\\/es\\\/#organization\",\"name\":\"Selig Group\",\"alternateName\":\"Selig\",\"url\":\"https:\\\/\\\/www.seliggroup.com\\\/es\\\/\",\"logo\":{\"@type\":\"ImageObject\",\"inLanguage\":\"es\",\"@id\":\"https:\\\/\\\/www.seliggroup.com\\\/es\\\/#\\\/schema\\\/logo\\\/image\\\/\",\"url\":\"https:\\\/\\\/www.seliggroup.com\\\/wp-content\\\/uploads\\\/2022\\\/12\\\/SeligGroupLogo_CMYK.jpg\",\"contentUrl\":\"https:\\\/\\\/www.seliggroup.com\\\/wp-content\\\/uploads\\\/2022\\\/12\\\/SeligGroupLogo_CMYK.jpg\",\"width\":720,\"height\":336,\"caption\":\"Selig Group\"},\"image\":{\"@id\":\"https:\\\/\\\/www.seliggroup.com\\\/es\\\/#\\\/schema\\\/logo\\\/image\\\/\"}}]}<\/script>\n<!-- \/ Yoast SEO plugin. -->","yoast_head_json":{"title":"Previous Privacy Policy - Selig Group","robots":{"index":"index","follow":"follow","max-snippet":"max-snippet:-1","max-image-preview":"max-image-preview:large","max-video-preview":"max-video-preview:-1"},"canonical":"https:\/\/www.seliggroup.com\/es\/previous-privacy-policy\/","og_locale":"es_ES","og_type":"article","og_title":"Previous Privacy Policy - Selig Group","og_description":"P\u00c1GINA PRINCIPAL\/ Pol\u00edtica de privacidad Pol\u00edtica de privacidad Esta pol\u00edtica de privacidad establece de qu\u00e9 manera Selig utiliza y protege la informaci\u00f3n que usted brinda a Selig, o que Selig recopila, cuando usa este sitio web. Selig tiene el compromiso de asegurar la protecci\u00f3n de su privacidad. Si usted brinda informaci\u00f3n espec\u00edfica que pueda identificarlo [&hellip;]","og_url":"https:\/\/www.seliggroup.com\/es\/previous-privacy-policy\/","og_site_name":"Selig Group","article_modified_time":"2023-05-04T20:35:03+00:00","twitter_card":"summary_large_image","twitter_misc":{"Tiempo de lectura":"9 minutos"},"schema":{"@context":"https:\/\/schema.org","@graph":[{"@type":"WebPage","@id":"https:\/\/www.seliggroup.com\/es\/previous-privacy-policy\/","url":"https:\/\/www.seliggroup.com\/es\/previous-privacy-policy\/","name":"Previous Privacy Policy - Selig Group","isPartOf":{"@id":"https:\/\/www.seliggroup.com\/es\/#website"},"datePublished":"2023-04-28T17:01:11+00:00","dateModified":"2023-05-04T20:35:03+00:00","breadcrumb":{"@id":"https:\/\/www.seliggroup.com\/es\/previous-privacy-policy\/#breadcrumb"},"inLanguage":"es","potentialAction":[{"@type":"ReadAction","target":["https:\/\/www.seliggroup.com\/es\/previous-privacy-policy\/"]}]},{"@type":"BreadcrumbList","@id":"https:\/\/www.seliggroup.com\/es\/previous-privacy-policy\/#breadcrumb","itemListElement":[{"@type":"ListItem","position":1,"name":"Home","item":"https:\/\/www.seliggroup.com\/es\/"},{"@type":"ListItem","position":2,"name":"Previous Privacy Policy"}]},{"@type":"WebSite","@id":"https:\/\/www.seliggroup.com\/es\/#website","url":"https:\/\/www.seliggroup.com\/es\/","name":"Selig Group","description":"Selig Group is a reliable and experienced partner in the global packaging industry, offering quality sealing, venting, flexible packaging, and protection.","publisher":{"@id":"https:\/\/www.seliggroup.com\/es\/#organization"},"potentialAction":[{"@type":"SearchAction","target":{"@type":"EntryPoint","urlTemplate":"https:\/\/www.seliggroup.com\/es\/?s={search_term_string}"},"query-input":{"@type":"PropertyValueSpecification","valueRequired":true,"valueName":"search_term_string"}}],"inLanguage":"es"},{"@type":"Organization","@id":"https:\/\/www.seliggroup.com\/es\/#organization","name":"Selig Group","alternateName":"Selig","url":"https:\/\/www.seliggroup.com\/es\/","logo":{"@type":"ImageObject","inLanguage":"es","@id":"https:\/\/www.seliggroup.com\/es\/#\/schema\/logo\/image\/","url":"https:\/\/www.seliggroup.com\/wp-content\/uploads\/2022\/12\/SeligGroupLogo_CMYK.jpg","contentUrl":"https:\/\/www.seliggroup.com\/wp-content\/uploads\/2022\/12\/SeligGroupLogo_CMYK.jpg","width":720,"height":336,"caption":"Selig Group"},"image":{"@id":"https:\/\/www.seliggroup.com\/es\/#\/schema\/logo\/image\/"}}]}},"_links":{"self":[{"href":"https:\/\/www.seliggroup.com\/es\/wp-json\/wp\/v2\/pages\/58025","targetHints":{"allow":["GET"]}}],"collection":[{"href":"https:\/\/www.seliggroup.com\/es\/wp-json\/wp\/v2\/pages"}],"about":[{"href":"https:\/\/www.seliggroup.com\/es\/wp-json\/wp\/v2\/types\/page"}],"author":[{"embeddable":true,"href":"https:\/\/www.seliggroup.com\/es\/wp-json\/wp\/v2\/users\/3"}],"replies":[{"embeddable":true,"href":"https:\/\/www.seliggroup.com\/es\/wp-json\/wp\/v2\/comments?post=58025"}],"version-history":[{"count":0,"href":"https:\/\/www.seliggroup.com\/es\/wp-json\/wp\/v2\/pages\/58025\/revisions"}],"wp:attachment":[{"href":"https:\/\/www.seliggroup.com\/es\/wp-json\/wp\/v2\/media?parent=58025"}],"curies":[{"name":"wp","href":"https:\/\/api.w.org\/{rel}","templated":true}]}}