{"id":58039,"date":"2022-12-07T18:38:56","date_gmt":"2022-12-07T18:38:56","guid":{"rendered":"https:\/\/selig-group.com\/legal-disclaimer\/"},"modified":"2026-02-18T15:56:47","modified_gmt":"2026-02-18T15:56:47","slug":"legal-disclaimer","status":"publish","type":"page","link":"https:\/\/www.seliggroup.com\/es\/legal-disclaimer\/","title":{"rendered":"Aviso legal"},"content":{"rendered":"\t\t<div data-elementor-type=\"wp-page\" data-elementor-id=\"58039\" class=\"elementor elementor-58039 elementor-45246\" data-elementor-post-type=\"page\">\n\t\t\t\t<div class=\"elementor-element elementor-element-48e99768 e-con-full normal-horizontal-padding e-flex e-con e-parent\" data-id=\"48e99768\" data-element_type=\"container\" data-e-type=\"container\" data-settings=\"{&quot;background_background&quot;:&quot;classic&quot;}\">\n\t\t<div class=\"elementor-element elementor-element-661a5899 e-con-full e-flex e-con e-child\" data-id=\"661a5899\" data-element_type=\"container\" data-e-type=\"container\" data-settings=\"{&quot;background_background&quot;:&quot;slideshow&quot;,&quot;background_slideshow_gallery&quot;:[],&quot;background_slideshow_loop&quot;:&quot;yes&quot;,&quot;background_slideshow_slide_duration&quot;:5000,&quot;background_slideshow_slide_transition&quot;:&quot;fade&quot;,&quot;background_slideshow_transition_duration&quot;:500}\">\n\t\t\t\t<div class=\"elementor-element elementor-element-7beb0d7b elementor-widget__width-auto elementor-widget elementor-widget-heading\" data-id=\"7beb0d7b\" data-element_type=\"widget\" data-e-type=\"widget\" data-widget_type=\"heading.default\">\n\t\t\t\t<div class=\"elementor-widget-container\">\n\t\t\t\t\t<span class=\"elementor-heading-title elementor-size-default\"><a href=\"https:\/\/www.seliggroup.com\/es\/\">P\u00c1GINA PRINCIPAL\/<\/a><\/span>\t\t\t\t<\/div>\n\t\t\t\t<\/div>\n\t\t\t\t<div class=\"elementor-element elementor-element-4f0468af elementor-widget__width-auto elementor-widget elementor-widget-heading\" data-id=\"4f0468af\" data-element_type=\"widget\" data-e-type=\"widget\" data-widget_type=\"heading.default\">\n\t\t\t\t<div class=\"elementor-widget-container\">\n\t\t\t\t\t<span class=\"elementor-heading-title elementor-size-default\"><a href=\"https:\/\/www.seliggroup.com\/es\/legal-disclaimer\/\">AVISO LEGAL<\/a><\/span>\t\t\t\t<\/div>\n\t\t\t\t<\/div>\n\t\t\t\t<\/div>\n\t\t<div class=\"elementor-element elementor-element-1576cb75 e-con-full e-flex e-con e-child\" data-id=\"1576cb75\" data-element_type=\"container\" data-e-type=\"container\">\n\t\t\t\t<div class=\"elementor-element elementor-element-4da3476c elementor-widget__width-initial elementor-widget elementor-widget-heading\" data-id=\"4da3476c\" data-element_type=\"widget\" data-e-type=\"widget\" data-widget_type=\"heading.default\">\n\t\t\t\t<div class=\"elementor-widget-container\">\n\t\t\t\t\t<p class=\"elementor-heading-title elementor-size-default\">Aviso legal<\/p>\t\t\t\t<\/div>\n\t\t\t\t<\/div>\n\t\t\t\t<\/div>\n\t\t\t\t<\/div>\n\t\t<div class=\"elementor-element elementor-element-9dfbdf4 e-con-full normal-horizontal-padding e-flex e-con e-parent\" data-id=\"9dfbdf4\" data-element_type=\"container\" data-e-type=\"container\">\n\t\t<div class=\"elementor-element elementor-element-3de7e0f8 e-con-full e-flex e-con e-child\" data-id=\"3de7e0f8\" data-element_type=\"container\" data-e-type=\"container\">\n\t\t<div class=\"elementor-element elementor-element-76535621 e-con-full e-flex e-con e-child\" data-id=\"76535621\" data-element_type=\"container\" data-e-type=\"container\">\n\t\t<div class=\"elementor-element elementor-element-6b4c885a e-con-full e-flex e-con e-child\" data-id=\"6b4c885a\" data-element_type=\"container\" data-e-type=\"container\">\n\t\t<div class=\"elementor-element elementor-element-211df1c4 e-con-full e-flex e-con e-child\" data-id=\"211df1c4\" data-element_type=\"container\" data-e-type=\"container\">\n\t\t\t\t<div class=\"elementor-element elementor-element-5b02394a elementor-widget elementor-widget-text-editor\" data-id=\"5b02394a\" data-element_type=\"widget\" data-e-type=\"widget\" data-widget_type=\"text-editor.default\">\n\t\t\t\t<div class=\"elementor-widget-container\">\n\t\t\t\t\t\t\t\t\t<p>El acceso y la utilizaci\u00f3n de este sitio web (&#8220;sitio web de SG&#8221;) est\u00e1n sujetos a las presentes condiciones. LEA ATENTAMENTE ESTAS CONDICIONES, YA QUE EL USO DE ESTE SITIO IMPLICA LA ACEPTACI\u00d3N DE LAS MISMAS.<\/p>\n\t\t\t\t\t\t\t\t<\/div>\n\t\t\t\t<\/div>\n\t\t\t\t<\/div>\n\t\t\t\t<\/div>\n\t\t\t\t<div class=\"elementor-element elementor-element-6aaffd2e elementor-widget elementor-widget-text-editor\" data-id=\"6aaffd2e\" data-element_type=\"widget\" data-e-type=\"widget\" data-widget_type=\"text-editor.default\">\n\t\t\t\t<div class=\"elementor-widget-container\">\n\t\t\t\t\t\t\t\t\t<h3><strong>Uso del material del sitio web de SG<\/strong><\/h3>\n<p>La informaci\u00f3n, material gr\u00e1fico, texto, v\u00eddeo, audio o im\u00e1genes (colectivamente, los &#8220;Materiales&#8221;) contenidos en el sitio web de SG est\u00e1n protegidos por las leyes de propiedad intelectual. Solo podr\u00e1 acceder a los Materiales y utilizarlos con fines personales o educativos. Usted no puede modificar o utilizar los Materiales para ninguna otra finalidad sin el consentimiento expreso por escrito de Selig Group (&#8220;SG&#8221;). Salvo lo dispuesto a continuaci\u00f3n, no podr\u00e1 reproducir, volver a publicar, enviar, transmitir ni distribuir ning\u00fan material del sitio web de SG.<\/p>\n<\/p>\n<p>Usted puede imprimir los Materiales en el sitio web de SG para finalidades personales, educacionales y de negocios, y usted debe incluir cualquier aviso de derechos de autor originalmente incluido con los Materiales en todas las copias.<\/p>\n<\/p>\n<p>Cualquier programa inform\u00e1tico que se pueda descargar o que est\u00e9 disponible de cualquier otro modo en el sitio web de SG est\u00e1 sujeto a los t\u00e9rminos del acuerdo de licencia aplicable.<\/p>\n<\/p>\n<p>Los Materiales incluidos en el sitio web de SG han sido recopilados por SG a partir de diversas fuentes y est\u00e1n sujetos a cambios sin previo aviso.<\/p>\n\t\t\t\t\t\t\t\t<\/div>\n\t\t\t\t<\/div>\n\t\t\t\t<div class=\"elementor-element elementor-element-782831c elementor-widget elementor-widget-text-editor\" data-id=\"782831c\" data-element_type=\"widget\" data-e-type=\"widget\" data-widget_type=\"text-editor.default\">\n\t\t\t\t<div class=\"elementor-widget-container\">\n\t\t\t\t\t\t\t\t\t<h3><strong>Sitios enlazados desde el sitio web de SG<\/strong><\/h3>\n<p>Los sitios enlazados desde el sitio web de SG no est\u00e1n bajo el control de SG, y SG no asume ninguna responsabilidad por cualquier comunicaci\u00f3n o materiales disponibles en dichos sitios enlazados. SG no pretende que los enlaces en el sitio web de SG sean referencias o aprobaciones de las entidades enlazadas; se proporcionan \u00fanicamente por conveniencia.<\/p>\n\t\t\t\t\t\t\t\t<\/div>\n\t\t\t\t<\/div>\n\t\t\t\t<div class=\"elementor-element elementor-element-fa74679 elementor-widget elementor-widget-text-editor\" data-id=\"fa74679\" data-element_type=\"widget\" data-e-type=\"widget\" data-widget_type=\"text-editor.default\">\n\t\t\t\t<div class=\"elementor-widget-container\">\n\t\t\t\t\t\t\t\t\t<h3><strong>Renuncia de la garant\u00eda<\/strong><\/h3><p>Los servicios, informaci\u00f3n o datos (denominados colectivamente &#8220;Informaci\u00f3n&#8221;) disponibles en el sitio web de SG se proporcionan &#8220;TAL CUAL&#8221;, sin garant\u00edas de ning\u00fan tipo. SG rechaza expresamente cualquier declaraci\u00f3n y garant\u00eda, incluidas, entre otras, las garant\u00edas impl\u00edcitas de comerciabilidad e idoneidad para un fin determinado. SG no tendr\u00e1 absolutamente ninguna responsabilidad en relaci\u00f3n con los servicios, incluidos, entre otros, cualquier responsabilidad por da\u00f1os a su hardware, datos, informaci\u00f3n, Materiales y negocios resultantes de la Informaci\u00f3n o la falta de informaci\u00f3n disponible en el sitio web de SG. SG no tendr\u00e1 responsabilidad alguna por:<\/p><ul><li>Cualquier p\u00e9rdida o perjuicio causado, en todo o en parte, por sus acciones, omisiones o negligencia, o por contingencias fuera de su control, en la obtenci\u00f3n, compilaci\u00f3n o entrega de la Informaci\u00f3n;<\/li><li>Cualquier error, omisi\u00f3n o inexactitud en la Informaci\u00f3n, independientemente de su causa, o retrasos o interrupciones en la entrega de la Informaci\u00f3n; o<\/li><li>Cualquier decisi\u00f3n tomada o acci\u00f3n emprendida o no emprendida bas\u00e1ndose en la Informaci\u00f3n facilitada en virtud del presente documento.<\/li><\/ul><p>SG no garantiza el contenido, la secuencia, la exactitud, la puntualidad o la exhaustividad de la informaci\u00f3n, ni que esta informaci\u00f3n sea fiable por cualquier motivo. SG no garantiza que la Informaci\u00f3n no sufra interrupciones, est\u00e9 libre de errores o pueda corregirse cualquier defecto. Para las finalidades de esta secci\u00f3n, &#8220;SG&#8221; incluir\u00e1 Selig Sealing Products, Inc., y sus divisiones, subsidiarias, sucesores, compa\u00f1\u00edas matrices, y sus empleados, socios, directores, agentes y representantes, y cualquier proveedor de terceros o fuentes de informaci\u00f3n o datos.<\/p><h3>\u00a0<\/h3><h3><strong>Limitaciones de responsabilidad<\/strong><\/h3><p>En ning\u00fan caso SG ser\u00e1 responsable de p\u00e9rdidas o da\u00f1os de cualquier tipo, ya sean contractuales, extracontractuales o de otro tipo, derivados del uso de la Informaci\u00f3n o de la confianza depositada en ella, o del uso de Internet en general. Para las finalidades de esta secci\u00f3n, &#8220;SG&#8221; incluir\u00e1 Selig Sealing Products, Inc., y sus divisiones, subsidiarias, sucesores, compa\u00f1\u00edas matrices, y sus empleados, socios, directores, agentes y representantes, y cualquier proveedor de terceros o fuentes de informaci\u00f3n o datos.<\/p><p>La informaci\u00f3n contenida en este sitio web debe utilizarse \u00fanicamente a modo orientativo. Hable con su representante de ventas para analizar su aplicaci\u00f3n espec\u00edfica. Todas las afirmaciones, informaci\u00f3n t\u00e9cnica y recomendaciones se basan en pruebas que consideramos fiables, pero no se garantiza la exactitud o integridad de las mismas. Proporcionamos una garant\u00eda para nuestros productos, sujeta a importantes limitaciones y restricciones, todas ellas descritas en nuestras Condiciones de venta, que le facilitaremos si lo solicita. La garant\u00eda contenida en nuestras Condiciones de Venta es la \u00fanica garant\u00eda extendida por nosotros, y sustituye a cualquier otra garant\u00eda, expresa o impl\u00edcita, incluyendo cualquier garant\u00eda de comerciabilidad de idoneidad para un prop\u00f3sito particular. Renunciamos a cualquier otra garant\u00eda ofrecida a trav\u00e9s de cualquier otro documento, medio inform\u00e1tico, comunicaci\u00f3n verbal o escrita, o muestra. Nuestras obligaciones en caso de incumplimiento de la garant\u00eda se limitan, a nuestra elecci\u00f3n, a la reparaci\u00f3n o sustituci\u00f3n de los productos o al abono a su favor de una cantidad que no supere el precio de compra de los productos. No vamos a responsabilizarnos de pagar de ning\u00fan da\u00f1o consecuente, incidental, indirecto, punitivo, especial o extracontractual de ning\u00fan tipo, incluyendo, la p\u00e9rdida de beneficios. Las limitaciones de nuestra responsabilidad se aplican independientemente de si la forma del escrito de demanda contra nosotros se basa en el contrato, la negligencia, la responsabilidad objetiva o el derecho de responsabilidad extracontractual. Los productos que aparecen en este sitio web han sido precintados por SG. SG no est\u00e1 afiliada a los fabricantes de los productos y estas im\u00e1genes no deben interpretarse como un patrocinio o respaldo de SG por parte de dichos fabricantes. Las marcas comerciales de empresas y productos y el material protegido por derechos de autor que aparecen en este sitio web son propiedad de las respectivas empresas y est\u00e1n protegidos por las leyes aplicables.<\/p><h3><span style=\"font-size: 28px;\"><b><br \/>Declaraci\u00f3n sobre la lucha contra el trabajo forzoso e infantil en las cadenas de suministro<\/b><\/span><\/h3><p>Vea la pol\u00edtica de Selig Group <a href=\"https:\/\/www.seliggroup.com\/wp-content\/uploads\/2024\/05\/Selig-Group-Fighting-Against-Forced-Labor-in-Supply-Chain.pdf\" target=\"_blank\" rel=\"noopener\">aqu\u00ed<\/a>.<\/p><h3 style=\"font-family: 'Source Sans Pro', 'Source Sans Pro'; color: #707383;\"><span style=\"font-weight: bold;\">Declaraci\u00f3n de Selig UK sobre la esclavitud moderna<\/span><\/h3><p>Vea la pol\u00edtica de Selig Group <a href=\"https:\/\/www.seliggroup.com\/wp-content\/uploads\/2025\/10\/Selig-UK-Modern-Slavery-Statement-2024-signed.pdf\" target=\"_blank\" rel=\"noopener\">aqu\u00ed<\/a>.<\/p><h3 style=\"font-family: 'Source Sans Pro', 'Source Sans Pro'; color: #707383;\"><span style=\"font-weight: bold;\">\u00cdndice de igualdad de g\u00e9nero (Chazay -2025)<\/span><\/h3><p><a href=\"https:\/\/www.seliggroup.com\/wp-content\/uploads\/2026\/02\/2026_declaration_egapro_663780211_2026.pdf\" target=\"_blank\" rel=\"noopener\">Ver resultados<\/a><\/p><p>\u00a9 2026 Selig Group, Inc.<\/p>\t\t\t\t\t\t\t\t<\/div>\n\t\t\t\t<\/div>\n\t\t\t\t<\/div>\n\t\t\t\t<\/div>\n\t\t\t\t<\/div>\n\t\t\t\t<\/div>\n\t\t","protected":false},"excerpt":{"rendered":"<p>P\u00c1GINA PRINCIPAL\/ AVISO LEGAL El acceso y la utilizaci\u00f3n de este sitio web (&#8220;sitio web de SG&#8221;) est\u00e1n sujetos a las presentes condiciones. LEA ATENTAMENTE ESTAS CONDICIONES, YA QUE EL USO DE ESTE SITIO IMPLICA LA ACEPTACI\u00d3N DE LAS MISMAS. Uso del material del sitio web de SG La informaci\u00f3n, material gr\u00e1fico, texto, v\u00eddeo, audio [&hellip;]<\/p>\n","protected":false},"author":3,"featured_media":0,"parent":0,"menu_order":0,"comment_status":"closed","ping_status":"closed","template":"","meta":{"_acf_changed":false,"inline_featured_image":false,"_monsterinsights_skip_tracking":false,"_monsterinsights_sitenote_active":false,"_monsterinsights_sitenote_note":"","_monsterinsights_sitenote_category":0,"footnotes":"","_links_to":"","_links_to_target":""},"class_list":["post-58039","page","type-page","status-publish","hentry"],"acf":[],"yoast_head":"<!-- This site is optimized with the Yoast SEO plugin v27.4 - https:\/\/yoast.com\/product\/yoast-seo-wordpress\/ -->\n<title>Aviso legal - Selig Group<\/title>\n<meta name=\"robots\" content=\"index, follow, max-snippet:-1, max-image-preview:large, max-video-preview:-1\" \/>\n<link rel=\"canonical\" href=\"https:\/\/www.seliggroup.com\/es\/legal-disclaimer\/\" \/>\n<meta property=\"og:locale\" content=\"es_ES\" \/>\n<meta property=\"og:type\" content=\"article\" \/>\n<meta property=\"og:title\" content=\"Aviso legal - Selig Group\" \/>\n<meta property=\"og:description\" content=\"P\u00c1GINA PRINCIPAL\/ AVISO LEGAL El acceso y la utilizaci\u00f3n de este sitio web (&#8220;sitio web de SG&#8221;) est\u00e1n sujetos a las presentes condiciones. LEA ATENTAMENTE ESTAS CONDICIONES, YA QUE EL USO DE ESTE SITIO IMPLICA LA ACEPTACI\u00d3N DE LAS MISMAS. Uso del material del sitio web de SG La informaci\u00f3n, material gr\u00e1fico, texto, v\u00eddeo, audio [&hellip;]\" \/>\n<meta property=\"og:url\" content=\"https:\/\/www.seliggroup.com\/es\/legal-disclaimer\/\" \/>\n<meta property=\"og:site_name\" content=\"Selig Group\" \/>\n<meta property=\"article:modified_time\" content=\"2026-02-18T15:56:47+00:00\" \/>\n<meta name=\"twitter:card\" content=\"summary_large_image\" \/>\n<meta name=\"twitter:label1\" content=\"Tiempo de lectura\" \/>\n\t<meta name=\"twitter:data1\" content=\"5 minutos\" \/>\n<script type=\"application\/ld+json\" class=\"yoast-schema-graph\">{\"@context\":\"https:\\\/\\\/schema.org\",\"@graph\":[{\"@type\":\"WebPage\",\"@id\":\"https:\\\/\\\/www.seliggroup.com\\\/es\\\/legal-disclaimer\\\/\",\"url\":\"https:\\\/\\\/www.seliggroup.com\\\/es\\\/legal-disclaimer\\\/\",\"name\":\"Aviso legal - Selig Group\",\"isPartOf\":{\"@id\":\"https:\\\/\\\/www.seliggroup.com\\\/es\\\/#website\"},\"datePublished\":\"2022-12-07T18:38:56+00:00\",\"dateModified\":\"2026-02-18T15:56:47+00:00\",\"breadcrumb\":{\"@id\":\"https:\\\/\\\/www.seliggroup.com\\\/es\\\/legal-disclaimer\\\/#breadcrumb\"},\"inLanguage\":\"es\",\"potentialAction\":[{\"@type\":\"ReadAction\",\"target\":[\"https:\\\/\\\/www.seliggroup.com\\\/es\\\/legal-disclaimer\\\/\"]}]},{\"@type\":\"BreadcrumbList\",\"@id\":\"https:\\\/\\\/www.seliggroup.com\\\/es\\\/legal-disclaimer\\\/#breadcrumb\",\"itemListElement\":[{\"@type\":\"ListItem\",\"position\":1,\"name\":\"Home\",\"item\":\"https:\\\/\\\/www.seliggroup.com\\\/es\\\/\"},{\"@type\":\"ListItem\",\"position\":2,\"name\":\"Aviso legal\"}]},{\"@type\":\"WebSite\",\"@id\":\"https:\\\/\\\/www.seliggroup.com\\\/es\\\/#website\",\"url\":\"https:\\\/\\\/www.seliggroup.com\\\/es\\\/\",\"name\":\"Selig Group\",\"description\":\"Selig Group is a reliable and experienced partner in the global packaging industry, offering quality sealing, venting, flexible packaging, and protection.\",\"publisher\":{\"@id\":\"https:\\\/\\\/www.seliggroup.com\\\/es\\\/#organization\"},\"potentialAction\":[{\"@type\":\"SearchAction\",\"target\":{\"@type\":\"EntryPoint\",\"urlTemplate\":\"https:\\\/\\\/www.seliggroup.com\\\/es\\\/?s={search_term_string}\"},\"query-input\":{\"@type\":\"PropertyValueSpecification\",\"valueRequired\":true,\"valueName\":\"search_term_string\"}}],\"inLanguage\":\"es\"},{\"@type\":\"Organization\",\"@id\":\"https:\\\/\\\/www.seliggroup.com\\\/es\\\/#organization\",\"name\":\"Selig Group\",\"alternateName\":\"Selig\",\"url\":\"https:\\\/\\\/www.seliggroup.com\\\/es\\\/\",\"logo\":{\"@type\":\"ImageObject\",\"inLanguage\":\"es\",\"@id\":\"https:\\\/\\\/www.seliggroup.com\\\/es\\\/#\\\/schema\\\/logo\\\/image\\\/\",\"url\":\"https:\\\/\\\/www.seliggroup.com\\\/wp-content\\\/uploads\\\/2022\\\/12\\\/SeligGroupLogo_CMYK.jpg\",\"contentUrl\":\"https:\\\/\\\/www.seliggroup.com\\\/wp-content\\\/uploads\\\/2022\\\/12\\\/SeligGroupLogo_CMYK.jpg\",\"width\":720,\"height\":336,\"caption\":\"Selig Group\"},\"image\":{\"@id\":\"https:\\\/\\\/www.seliggroup.com\\\/es\\\/#\\\/schema\\\/logo\\\/image\\\/\"}}]}<\/script>\n<!-- \/ Yoast SEO plugin. -->","yoast_head_json":{"title":"Aviso legal - Selig Group","robots":{"index":"index","follow":"follow","max-snippet":"max-snippet:-1","max-image-preview":"max-image-preview:large","max-video-preview":"max-video-preview:-1"},"canonical":"https:\/\/www.seliggroup.com\/es\/legal-disclaimer\/","og_locale":"es_ES","og_type":"article","og_title":"Aviso legal - Selig Group","og_description":"P\u00c1GINA PRINCIPAL\/ AVISO LEGAL El acceso y la utilizaci\u00f3n de este sitio web (&#8220;sitio web de SG&#8221;) est\u00e1n sujetos a las presentes condiciones. LEA ATENTAMENTE ESTAS CONDICIONES, YA QUE EL USO DE ESTE SITIO IMPLICA LA ACEPTACI\u00d3N DE LAS MISMAS. Uso del material del sitio web de SG La informaci\u00f3n, material gr\u00e1fico, texto, v\u00eddeo, audio [&hellip;]","og_url":"https:\/\/www.seliggroup.com\/es\/legal-disclaimer\/","og_site_name":"Selig Group","article_modified_time":"2026-02-18T15:56:47+00:00","twitter_card":"summary_large_image","twitter_misc":{"Tiempo de lectura":"5 minutos"},"schema":{"@context":"https:\/\/schema.org","@graph":[{"@type":"WebPage","@id":"https:\/\/www.seliggroup.com\/es\/legal-disclaimer\/","url":"https:\/\/www.seliggroup.com\/es\/legal-disclaimer\/","name":"Aviso legal - Selig Group","isPartOf":{"@id":"https:\/\/www.seliggroup.com\/es\/#website"},"datePublished":"2022-12-07T18:38:56+00:00","dateModified":"2026-02-18T15:56:47+00:00","breadcrumb":{"@id":"https:\/\/www.seliggroup.com\/es\/legal-disclaimer\/#breadcrumb"},"inLanguage":"es","potentialAction":[{"@type":"ReadAction","target":["https:\/\/www.seliggroup.com\/es\/legal-disclaimer\/"]}]},{"@type":"BreadcrumbList","@id":"https:\/\/www.seliggroup.com\/es\/legal-disclaimer\/#breadcrumb","itemListElement":[{"@type":"ListItem","position":1,"name":"Home","item":"https:\/\/www.seliggroup.com\/es\/"},{"@type":"ListItem","position":2,"name":"Aviso legal"}]},{"@type":"WebSite","@id":"https:\/\/www.seliggroup.com\/es\/#website","url":"https:\/\/www.seliggroup.com\/es\/","name":"Selig Group","description":"Selig Group is a reliable and experienced partner in the global packaging industry, offering quality sealing, venting, flexible packaging, and protection.","publisher":{"@id":"https:\/\/www.seliggroup.com\/es\/#organization"},"potentialAction":[{"@type":"SearchAction","target":{"@type":"EntryPoint","urlTemplate":"https:\/\/www.seliggroup.com\/es\/?s={search_term_string}"},"query-input":{"@type":"PropertyValueSpecification","valueRequired":true,"valueName":"search_term_string"}}],"inLanguage":"es"},{"@type":"Organization","@id":"https:\/\/www.seliggroup.com\/es\/#organization","name":"Selig Group","alternateName":"Selig","url":"https:\/\/www.seliggroup.com\/es\/","logo":{"@type":"ImageObject","inLanguage":"es","@id":"https:\/\/www.seliggroup.com\/es\/#\/schema\/logo\/image\/","url":"https:\/\/www.seliggroup.com\/wp-content\/uploads\/2022\/12\/SeligGroupLogo_CMYK.jpg","contentUrl":"https:\/\/www.seliggroup.com\/wp-content\/uploads\/2022\/12\/SeligGroupLogo_CMYK.jpg","width":720,"height":336,"caption":"Selig Group"},"image":{"@id":"https:\/\/www.seliggroup.com\/es\/#\/schema\/logo\/image\/"}}]}},"_links":{"self":[{"href":"https:\/\/www.seliggroup.com\/es\/wp-json\/wp\/v2\/pages\/58039","targetHints":{"allow":["GET"]}}],"collection":[{"href":"https:\/\/www.seliggroup.com\/es\/wp-json\/wp\/v2\/pages"}],"about":[{"href":"https:\/\/www.seliggroup.com\/es\/wp-json\/wp\/v2\/types\/page"}],"author":[{"embeddable":true,"href":"https:\/\/www.seliggroup.com\/es\/wp-json\/wp\/v2\/users\/3"}],"replies":[{"embeddable":true,"href":"https:\/\/www.seliggroup.com\/es\/wp-json\/wp\/v2\/comments?post=58039"}],"version-history":[{"count":3,"href":"https:\/\/www.seliggroup.com\/es\/wp-json\/wp\/v2\/pages\/58039\/revisions"}],"predecessor-version":[{"id":63888,"href":"https:\/\/www.seliggroup.com\/es\/wp-json\/wp\/v2\/pages\/58039\/revisions\/63888"}],"wp:attachment":[{"href":"https:\/\/www.seliggroup.com\/es\/wp-json\/wp\/v2\/media?parent=58039"}],"curies":[{"name":"wp","href":"https:\/\/api.w.org\/{rel}","templated":true}]}}