{"id":58051,"date":"2022-09-13T02:01:05","date_gmt":"2022-09-13T02:01:05","guid":{"rendered":"https:\/\/selig-group.com\/accessibility-statement\/"},"modified":"2023-05-05T17:29:47","modified_gmt":"2023-05-05T17:29:47","slug":"accessibility-statement","status":"publish","type":"page","link":"https:\/\/www.seliggroup.com\/es\/accessibility-statement\/","title":{"rendered":"Declaraci\u00f3n de accesibilidad"},"content":{"rendered":"\t\t<div data-elementor-type=\"wp-page\" data-elementor-id=\"58051\" class=\"elementor elementor-58051 elementor-678\" data-elementor-post-type=\"page\">\n\t\t\t\t<div class=\"elementor-element elementor-element-61e15677 e-con-full normal-padding e-flex e-con e-parent\" data-id=\"61e15677\" data-element_type=\"container\" data-e-type=\"container\" data-settings=\"{&quot;background_background&quot;:&quot;classic&quot;}\">\n\t\t<div class=\"elementor-element elementor-element-262ff2e9 e-con-full e-flex e-con e-parent\" data-id=\"262ff2e9\" data-element_type=\"container\" data-e-type=\"container\" data-settings=\"{&quot;background_background&quot;:&quot;slideshow&quot;,&quot;background_slideshow_gallery&quot;:[],&quot;background_slideshow_loop&quot;:&quot;yes&quot;,&quot;background_slideshow_slide_duration&quot;:5000,&quot;background_slideshow_slide_transition&quot;:&quot;fade&quot;,&quot;background_slideshow_transition_duration&quot;:500}\">\n\t\t\t\t<div class=\"elementor-element elementor-element-2d26d9bc elementor-widget__width-auto elementor-widget elementor-widget-heading\" data-id=\"2d26d9bc\" data-element_type=\"widget\" data-e-type=\"widget\" data-widget_type=\"heading.default\">\n\t\t\t\t<div class=\"elementor-widget-container\">\n\t\t\t\t\t<span class=\"elementor-heading-title elementor-size-default\"><a href=\"https:\/\/www.seliggroup.com\/es\/\">P\u00e1gina principal<\/a><\/span>\t\t\t\t<\/div>\n\t\t\t\t<\/div>\n\t\t\t\t<div class=\"elementor-element elementor-element-3be4c335 elementor-widget__width-auto elementor-widget elementor-widget-heading\" data-id=\"3be4c335\" data-element_type=\"widget\" data-e-type=\"widget\" data-widget_type=\"heading.default\">\n\t\t\t\t<div class=\"elementor-widget-container\">\n\t\t\t\t\t<span class=\"elementor-heading-title elementor-size-default\"><a href=\"https:\/\/www.seliggroup.com\/es\/accessibility-statement\/\">\/ Declaraci\u00f3n de accesibilidad<\/a><\/span>\t\t\t\t<\/div>\n\t\t\t\t<\/div>\n\t\t\t\t<\/div>\n\t\t<div class=\"elementor-element elementor-element-15ea557e e-con-full e-flex e-con e-parent\" data-id=\"15ea557e\" data-element_type=\"container\" data-e-type=\"container\">\n\t\t\t\t<div class=\"elementor-element elementor-element-478b39ec elementor-widget elementor-widget-heading\" data-id=\"478b39ec\" data-element_type=\"widget\" data-e-type=\"widget\" data-widget_type=\"heading.default\">\n\t\t\t\t<div class=\"elementor-widget-container\">\n\t\t\t\t\t<p class=\"elementor-heading-title elementor-size-default\">Declaraci\u00f3n de accesibilidad<\/p>\t\t\t\t<\/div>\n\t\t\t\t<\/div>\n\t\t\t\t<\/div>\n\t\t\t\t<\/div>\n\t\t\t\t<section class=\"elementor-section elementor-top-section elementor-element elementor-element-9e3beba elementor-section-boxed elementor-section-height-default elementor-section-height-default\" data-id=\"9e3beba\" data-element_type=\"section\" data-e-type=\"section\">\n\t\t\t\t\t\t<div class=\"elementor-container elementor-column-gap-default\">\n\t\t\t\t\t<div class=\"elementor-column elementor-col-100 elementor-top-column elementor-element elementor-element-5eb80fba\" data-id=\"5eb80fba\" data-element_type=\"column\" data-e-type=\"column\">\n\t\t\t<div class=\"elementor-widget-wrap elementor-element-populated\">\n\t\t\t\t\t\t<div class=\"elementor-element elementor-element-444898cf normal-padding elementor-widget elementor-widget-text-editor\" data-id=\"444898cf\" data-element_type=\"widget\" data-e-type=\"widget\" data-widget_type=\"text-editor.default\">\n\t\t\t\t<div class=\"elementor-widget-container\">\n\t\t\t\t\t\t\t\t\t<p><\/p>\n<h3><strong>Estado de cumplimiento<\/strong><\/h3>\n<p><\/p>\n<p><\/p>\n<p>Creemos firmemente que Internet debe estar al alcance de todos y nos comprometemos a ofrecer un sitio web que sea accesible para el mayor n\u00famero de personas que sea posible, independientemente de las capacidades.<\/p>\n<p><br><\/p>\n<p><\/p>\n<p><\/p>\n<p>Para ello, nuestro objetivo es adherirnos, de la manera m\u00e1s exacta que sea posible, a las Pautas de Accesibilidad al Contenido en la Web 2.1 (WCAG 2.1) del Consorcio World Wide Web (W3C) en el nivel AA. Las presentes directrices explican c\u00f3mo hacer que los contenidos web sean accesibles para personas con una amplia gama de discapacidades. Cumplir esas directrices nos ayuda a garantizar que personas invidentes, personas con deficiencias motrices, visuales o cognitivas, para nombrar algunas, puedan acceder al sitio web f\u00e1cilmente.<\/p>\n<p><br><\/p>\n<p><\/p>\n<p><\/p>\n<p>Este sitio web utiliza diversas tecnolog\u00edas que tienen el objetivo de hacer que en todo momento sea m\u00e1s accesible en la medida de lo posible. Utilizamos una interfaz de accesibilidad que permite a las personas con discapacidades espec\u00edficas ajustar la interfaz de usuario del sitio web y dise\u00f1arla a su medida.<\/p>\n<p><br><\/p>\n<p><\/p>\n<p><\/p>\n<p>Adem\u00e1s, el sitio web utiliza una aplicaci\u00f3n basada en la inteligencia artificial que se ejecuta en segundo plano y optimiza su nivel de accesibilidad constantemente. Esta aplicaci\u00f3n corrige el c\u00f3digo HTML del sitio web y adapta su funcionalidad y comportamiento a los lectores de pantalla que utilizan los usuarios invidentes y las adapta tambi\u00e9n a las funciones del teclado que utilizan las personas con deficiencias motrices.<\/p>\n<p><br><\/p>\n<p><\/p>\n<p><\/p>\n<p>Si quiere ponerse en contacto con el propietario del sitio web, utilice el siguiente correo electr\u00f3nico &nbsp;lszkodzinski@seliggroup.com<\/p>\n<p><br><\/p>\n<p><\/p>\n<p><\/p>\n<h3><b>Lector de pantalla y navegaci\u00f3n por teclado<\/b><\/h3>\n<p><\/p>\n<p><\/p>\n<p>Nuestro sitio web aplica la t\u00e9cnica de atributos ARIA (Aplicaciones de Internet enriquecidas y accesibles), junto con diversos cambios de comportamiento, para garantizar que los usuarios invidentes que nos visitan y que utilizan lectores de pantalla puedan leer, comprender y disfrutar de las funciones del sitio web. Cuando un usuario que utiliza un lector de pantalla entra en su sitio web, recibe inmediatamente un aviso para que introduzca el perfil de lector de pantalla, de este modo podr\u00e1 navegar y utilizar su sitio web de manera eficaz. Nuestro sitio web cubre algunos de los requisitos m\u00e1s importantes de los lectores de pantalla:<br><br><\/p>\n<p><\/p>\n<p><\/p>\n<ol><p><\/p>\n<li><strong>Optimizaci\u00f3n para lectores de pantalla:&nbsp;<\/strong> llevamos a cabo un proceso que aprende los componentes del sitio web de arriba abajo, para garantizar la conformidad continua incluso cuando se actualiza el sitio web. En este proceso, proporcionamos a los lectores de pantalla datos significativos utilizando el conjunto de atributos ARIA. Por ejemplo, proporcionamos etiquetas precisas para formularios; descripciones de iconos que se pueden procesar (iconos de redes sociales, iconos de b\u00fasqueda, iconos de carritos, etc.); orientaci\u00f3n para la validaci\u00f3n de entradas de formularios; funciones de elementos como botones, men\u00fas, di\u00e1logos modales (ventanas emergentes) y otros.&nbsp;<br><br>Adem\u00e1s, el proceso en segundo plano escanea todas las im\u00e1genes del sitio web. Proporciona una descripci\u00f3n precisa y significativa basada en el reconocimiento de objetos como etiqueta ALT (texto alternativo) para las im\u00e1genes que no est\u00e1n descritas. Tambi\u00e9n extraer\u00e1 textos incrustados en la imagen usando la tecnolog\u00eda OCR (reconocimiento \u00f3ptico de caracteres). Para activar los ajustes del lector de pantalla en cualquier momento, los usuarios solo deben pulsar la combinaci\u00f3n de teclado Alt+1. Los usuarios de lectores de pantalla tambi\u00e9n reciben anuncios autom\u00e1ticos para activar el modo lector de pantalla en cuanto entran en el sitio web.<br><br>Estos ajustes son compatibles con lectores de pantalla populares como JAWS, NVDA, VoiceOver y TalkBack.<br><br><\/li>\n<p><\/p>\n<p><\/p>\n<li><strong>Optimizaci\u00f3n de la navegaci\u00f3n con el teclado:&nbsp;<\/strong>El proceso en segundo plano tambi\u00e9n ajusta el HTML del sitio web y a\u00f1ade diversos comportamientos mediante c\u00f3digo JavaScript para que se pueda operar el sitio web mediante el teclado. Esto incluye la posibilidad de navegar por la web con las teclas Tabulador y May\u00fascula+Tabulador, manejar desplegables con las flechas del teclado, cerrarlos con Esc, activar botones y enlaces con la tecla Intro, navegar entre elementos de radio y casillas de verificaci\u00f3n con las flechas del teclado y rellenarlos con la barra espaciadora o la tecla Intro.<br><br>Adem\u00e1s, los usuarios de teclado encontrar\u00e1n men\u00fas de omisi\u00f3n de contenidos disponibles en cualquier momento pulsando Alt+2, o como primer elemento del sitio al navegar con el teclado. El proceso en segundo plano tambi\u00e9n gestiona las ventanas emergentes activadas moviendo el foco del teclado hacia ellas en cuanto aparecen, sin dejar que el foco se desv\u00ede hacia fuera.<br><br>Los usuarios tambi\u00e9n pueden utilizar atajos como &#8220;M&#8221; (men\u00fas), &#8220;H&#8221; (encabezados), &#8220;F&#8221; (formularios), &#8220;B&#8221; (botones) y &#8220;G&#8221; (gr\u00e1ficos) para ir directamente a elementos espec\u00edficos.<br><br><\/li>\n<p><\/p>\n<\/ol>\n<p><\/p>\n<p><\/p>\n<h3><b>Perfiles de discapacidad en nuestro sitio web<\/b><\/h3>\n<p><\/p>\n<p><\/p>\n<ul><p><\/p>\n<li><strong>Perfil seguro para personas con epilepsia:<\/strong>&nbsp;este perfil permite que las personas que padecen epilepsia puedan utilizar el sitio web de forma segura, eliminando el riesgo de que sufran convulsiones por las animaciones intermitentes o parpadeantes o por las combinaciones de colores arriesgadas.<\/li>\n<p><\/p>\n<p><\/p>\n<li><strong>Perfil para personas con deficiencias visuales:<\/strong>&nbsp;este perfil ajusta el sitio web para que sea accesible para la mayor\u00eda de las personas que padecen alguna deficiencia visual, como degradaci\u00f3n de la vista, visi\u00f3n en t\u00fanel, cataratas, glaucoma y otros.<\/li>\n<p><\/p>\n<p><\/p>\n<li><strong>Perfil de discapacidad cognitiva:<\/strong>&nbsp;este perfil ofrece diversas funciones de asistencia para ayudar a los usuarios que padecen alguna discapacidad cognitiva (como el autismo, la dislexia o los accidentes cerebrovasculares, entre otras) a centrarse m\u00e1s f\u00e1cilmente en los elementos esenciales.<\/li>\n<p><\/p>\n<p><\/p>\n<li><strong>Perfil sensible para personas con TDAH<\/strong>: este perfil reduce de manera significativa las distracciones y el ruido para ayudar a que las personas que padecen TDAH y trastornos del neurodesarrollo puedan navegar, leer y centrarse en los elementos esenciales con mayor facilidad.<\/li>\n<p><\/p>\n<p><\/p>\n<li><strong>Perfil para personas invidentes (lectores de pantalla):<\/strong>&nbsp;este perfil ajusta el sitio web para que sea compatible con lectores de pantalla como JAWS, NVDA, VoiceOver y TalkBack. El usuario invidente tiene instalado un lector de pantalla en su ordenador y este sitio es compatible con \u00e9l.<\/li>\n<p><\/p>\n<p><\/p>\n<li><strong>Perfil de navegaci\u00f3n por teclado (discapacitados motrices):<\/strong>&nbsp;este perfil permite a las personas que padecen alguna discapacidad motriz manejar el sitio web mediante el tabulador del teclado, May\u00fascula+Tabulador y las teclas Intro. Los usuarios tambi\u00e9n pueden utilizar atajos como &#8220;M&#8221; (men\u00fas), &#8220;H&#8221; (encabezados), &#8220;F&#8221; (formularios), &#8220;B&#8221; (botones) y &#8220;G&#8221; (gr\u00e1ficos) para ir directamente a elementos espec\u00edficos.<\/li>\n<p><\/p>\n<\/ul>\n<p><\/p>\n<p><\/p>\n<h2><br><\/h2><p><\/p>\n<h3><b>Ajustes adicionales de interfaz de usuario, dise\u00f1o y legibilidad<\/b><\/h3>\n\n<p><\/p>\n<p><\/p>\n<ol><p><\/p>\n<li><strong>Ajustes&nbsp;de fuentes&nbsp;\u2013<\/strong>&nbsp;los usuarios pueden aumentar y reducir su tama\u00f1o, cambiar su familia (tipo), ajustar el espaciado,&nbsp; la alineaci\u00f3n, la altura de l\u00ednea,&nbsp; etc.<\/li>\n<p><\/p>\n<p><\/p>\n<li><strong>Ajustes&nbsp;de color\u2013<\/strong>&nbsp;los usuarios pueden seleccionar varios perfiles de contraste de color, como claro, oscuro, invertido y monocromo. Adem\u00e1s, los usuarios pueden cambiar los esquemas de color de t\u00edtulos, textos y fondos con m\u00e1s de siete opciones de coloraci\u00f3n diferentes.<\/li>\n<p><\/p>\n<p><\/p>\n<li><strong>Animaciones \u2013<\/strong>&nbsp;los usuarios que padecen epilepsia pueden detener todas las animaciones en ejecuci\u00f3n solamente pulsando un bot\u00f3n. Las animaciones controladas por la interfaz incluyen v\u00eddeos, GIF y transiciones intermitentes CSS.<\/li>\n<p><\/p>\n<p><\/p>\n<li><strong>Resaltar&nbsp;el contenido\u2013<\/strong>&nbsp;los usuarios pueden elegir resaltar elementos esenciales como enlaces y t\u00edtulos. Tambi\u00e9n pueden elegir resaltar solamente los elementos enfocados o sobre los que se pasa el rat\u00f3n.<\/li>\n<p><\/p>\n<p><\/p>\n<li><strong>Silenciar el audio&nbsp;\u2013<\/strong>&nbsp; los usuarios con dispositivos auditivos pueden sufrir dolores de cabeza o tener otros problemas debido a la reproducci\u00f3n autom\u00e1tica de audio. Esta opci\u00f3n permite a los usuarios silenciar todo el sitio web al instante.<\/li>\n<p><\/p>\n<p><\/p>\n<li><strong>Trastornos&nbsp;cognitivos: \u2013<\/strong>&nbsp;utilizamos un motor de b\u00fasqueda vinculado a Wikipedia y Wikcionario, que permite a las personas con trastornos cognitivos descifrar significados de frases, iniciales, argot y otros.<\/li>\n<p><\/p>\n<p><\/p>\n<li><strong>Funciones adicionales&nbsp;<\/strong><strong>\u2013<\/strong>&nbsp;permitimos a los usuarios cambiar el color y el tama\u00f1o del cursor, utilizar un modo de impresi\u00f3n, activar un teclado virtual y muchas otras funciones.<br><br><\/li>\n<p><\/p>\n<\/ol>\n<p><\/p>\n<p><\/p>\n<h3><b>Tecnolog\u00eda de asistencia y compatibilidad de navegadores<\/b><\/h3>\n<p><\/p>\n<p><\/p>\n<p>Nuestro objetivo es admitir el mayor n\u00famero posible de navegadores y tecnolog\u00edas de asistencia, para que nuestros usuarios puedan elegir las herramientas que mejor se adapten a ellos, con el menor n\u00famero posible de limitaciones. Por lo tanto, hemos trabajado muy duro para poder ofrecer un soporte adecuado para los principales sistemas que comprenden m\u00e1s del 95 % de la cuota de mercado de usuarios, incluidos Google Chrome, Mozilla Firefox, Apple Safari, Opera y Microsoft Edge, JAWS y NVDA (lectores de pantalla), tanto para usuarios de Windows como de MAC.<\/p>\n<p><\/p>\n<p><\/p>\n<h2><br><h3><b>Notas, comentarios y opiniones<\/b><\/h3><\/h2>\n<p><\/p>\n<p><\/p>\n<p>A pesar de que hacemos todo lo posible para que cualquier persona pueda adaptar el sitio web a sus necesidades, puede que haya p\u00e1ginas o secciones que no sean totalmente accesibles, que est\u00e9n en proceso de serlo o que carezcan de una soluci\u00f3n tecnol\u00f3gica adecuada para hacerlas accesibles. Aun as\u00ed, mejoramos continuamente nuestra accesibilidad, a\u00f1adiendo, actualizando y mejorando sus opciones y funciones, y desarrollando y adoptando nuevas tecnolog\u00edas. Todo ello para alcanzar el nivel \u00f3ptimo de accesibilidad tras los avances tecnol\u00f3gicos. Si quiere ponerse en contacto con el propietario del sitio web, utilice el siguiente correo electr\u00f3nico &nbsp; lszkodzinski@seliggroup.com.<\/p>\n<p><\/p>\t\t\t\t\t\t\t\t<\/div>\n\t\t\t\t<\/div>\n\t\t\t\t\t<\/div>\n\t\t<\/div>\n\t\t\t\t\t<\/div>\n\t\t<\/section>\n\t\t\t\t<\/div>\n\t\t","protected":false},"excerpt":{"rendered":"<p>P\u00e1gina principal \/ Declaraci\u00f3n de accesibilidad Declaraci\u00f3n de accesibilidad Estado de cumplimiento Creemos firmemente que Internet debe estar al alcance de todos y nos comprometemos a ofrecer un sitio web que sea accesible para el mayor n\u00famero de personas que sea posible, independientemente de las capacidades. Para ello, nuestro objetivo es adherirnos, de la manera [&hellip;]<\/p>\n","protected":false},"author":4,"featured_media":0,"parent":0,"menu_order":0,"comment_status":"closed","ping_status":"closed","template":"","meta":{"_acf_changed":false,"inline_featured_image":false,"_monsterinsights_skip_tracking":false,"_monsterinsights_sitenote_active":false,"_monsterinsights_sitenote_note":"","_monsterinsights_sitenote_category":0,"footnotes":"","_links_to":"","_links_to_target":""},"class_list":["post-58051","page","type-page","status-publish","hentry"],"acf":[],"yoast_head":"<!-- This site is optimized with the Yoast SEO plugin v27.4 - https:\/\/yoast.com\/product\/yoast-seo-wordpress\/ -->\n<title>Declaraci\u00f3n de accesibilidad - Selig Group<\/title>\n<meta name=\"robots\" content=\"index, follow, max-snippet:-1, max-image-preview:large, max-video-preview:-1\" \/>\n<link rel=\"canonical\" href=\"https:\/\/www.seliggroup.com\/es\/accessibility-statement\/\" \/>\n<meta property=\"og:locale\" content=\"es_ES\" \/>\n<meta property=\"og:type\" content=\"article\" \/>\n<meta property=\"og:title\" content=\"Declaraci\u00f3n de accesibilidad - Selig Group\" \/>\n<meta property=\"og:description\" content=\"P\u00e1gina principal \/ Declaraci\u00f3n de accesibilidad Declaraci\u00f3n de accesibilidad Estado de cumplimiento Creemos firmemente que Internet debe estar al alcance de todos y nos comprometemos a ofrecer un sitio web que sea accesible para el mayor n\u00famero de personas que sea posible, independientemente de las capacidades. Para ello, nuestro objetivo es adherirnos, de la manera [&hellip;]\" \/>\n<meta property=\"og:url\" content=\"https:\/\/www.seliggroup.com\/es\/accessibility-statement\/\" \/>\n<meta property=\"og:site_name\" content=\"Selig Group\" \/>\n<meta property=\"article:modified_time\" content=\"2023-05-05T17:29:47+00:00\" \/>\n<meta name=\"twitter:card\" content=\"summary_large_image\" \/>\n<meta name=\"twitter:label1\" content=\"Tiempo de lectura\" \/>\n\t<meta name=\"twitter:data1\" content=\"8 minutos\" \/>\n<script type=\"application\/ld+json\" class=\"yoast-schema-graph\">{\"@context\":\"https:\\\/\\\/schema.org\",\"@graph\":[{\"@type\":\"WebPage\",\"@id\":\"https:\\\/\\\/www.seliggroup.com\\\/es\\\/accessibility-statement\\\/\",\"url\":\"https:\\\/\\\/www.seliggroup.com\\\/es\\\/accessibility-statement\\\/\",\"name\":\"Declaraci\u00f3n de accesibilidad - Selig Group\",\"isPartOf\":{\"@id\":\"https:\\\/\\\/www.seliggroup.com\\\/es\\\/#website\"},\"datePublished\":\"2022-09-13T02:01:05+00:00\",\"dateModified\":\"2023-05-05T17:29:47+00:00\",\"breadcrumb\":{\"@id\":\"https:\\\/\\\/www.seliggroup.com\\\/es\\\/accessibility-statement\\\/#breadcrumb\"},\"inLanguage\":\"es\",\"potentialAction\":[{\"@type\":\"ReadAction\",\"target\":[\"https:\\\/\\\/www.seliggroup.com\\\/es\\\/accessibility-statement\\\/\"]}]},{\"@type\":\"BreadcrumbList\",\"@id\":\"https:\\\/\\\/www.seliggroup.com\\\/es\\\/accessibility-statement\\\/#breadcrumb\",\"itemListElement\":[{\"@type\":\"ListItem\",\"position\":1,\"name\":\"Home\",\"item\":\"https:\\\/\\\/www.seliggroup.com\\\/es\\\/\"},{\"@type\":\"ListItem\",\"position\":2,\"name\":\"Declaraci\u00f3n de accesibilidad\"}]},{\"@type\":\"WebSite\",\"@id\":\"https:\\\/\\\/www.seliggroup.com\\\/es\\\/#website\",\"url\":\"https:\\\/\\\/www.seliggroup.com\\\/es\\\/\",\"name\":\"Selig Group\",\"description\":\"Selig Group is a reliable and experienced partner in the global packaging industry, offering quality sealing, venting, flexible packaging, and protection.\",\"publisher\":{\"@id\":\"https:\\\/\\\/www.seliggroup.com\\\/es\\\/#organization\"},\"potentialAction\":[{\"@type\":\"SearchAction\",\"target\":{\"@type\":\"EntryPoint\",\"urlTemplate\":\"https:\\\/\\\/www.seliggroup.com\\\/es\\\/?s={search_term_string}\"},\"query-input\":{\"@type\":\"PropertyValueSpecification\",\"valueRequired\":true,\"valueName\":\"search_term_string\"}}],\"inLanguage\":\"es\"},{\"@type\":\"Organization\",\"@id\":\"https:\\\/\\\/www.seliggroup.com\\\/es\\\/#organization\",\"name\":\"Selig Group\",\"alternateName\":\"Selig\",\"url\":\"https:\\\/\\\/www.seliggroup.com\\\/es\\\/\",\"logo\":{\"@type\":\"ImageObject\",\"inLanguage\":\"es\",\"@id\":\"https:\\\/\\\/www.seliggroup.com\\\/es\\\/#\\\/schema\\\/logo\\\/image\\\/\",\"url\":\"https:\\\/\\\/www.seliggroup.com\\\/wp-content\\\/uploads\\\/2022\\\/12\\\/SeligGroupLogo_CMYK.jpg\",\"contentUrl\":\"https:\\\/\\\/www.seliggroup.com\\\/wp-content\\\/uploads\\\/2022\\\/12\\\/SeligGroupLogo_CMYK.jpg\",\"width\":720,\"height\":336,\"caption\":\"Selig Group\"},\"image\":{\"@id\":\"https:\\\/\\\/www.seliggroup.com\\\/es\\\/#\\\/schema\\\/logo\\\/image\\\/\"}}]}<\/script>\n<!-- \/ Yoast SEO plugin. -->","yoast_head_json":{"title":"Declaraci\u00f3n de accesibilidad - Selig Group","robots":{"index":"index","follow":"follow","max-snippet":"max-snippet:-1","max-image-preview":"max-image-preview:large","max-video-preview":"max-video-preview:-1"},"canonical":"https:\/\/www.seliggroup.com\/es\/accessibility-statement\/","og_locale":"es_ES","og_type":"article","og_title":"Declaraci\u00f3n de accesibilidad - Selig Group","og_description":"P\u00e1gina principal \/ Declaraci\u00f3n de accesibilidad Declaraci\u00f3n de accesibilidad Estado de cumplimiento Creemos firmemente que Internet debe estar al alcance de todos y nos comprometemos a ofrecer un sitio web que sea accesible para el mayor n\u00famero de personas que sea posible, independientemente de las capacidades. Para ello, nuestro objetivo es adherirnos, de la manera [&hellip;]","og_url":"https:\/\/www.seliggroup.com\/es\/accessibility-statement\/","og_site_name":"Selig Group","article_modified_time":"2023-05-05T17:29:47+00:00","twitter_card":"summary_large_image","twitter_misc":{"Tiempo de lectura":"8 minutos"},"schema":{"@context":"https:\/\/schema.org","@graph":[{"@type":"WebPage","@id":"https:\/\/www.seliggroup.com\/es\/accessibility-statement\/","url":"https:\/\/www.seliggroup.com\/es\/accessibility-statement\/","name":"Declaraci\u00f3n de accesibilidad - Selig Group","isPartOf":{"@id":"https:\/\/www.seliggroup.com\/es\/#website"},"datePublished":"2022-09-13T02:01:05+00:00","dateModified":"2023-05-05T17:29:47+00:00","breadcrumb":{"@id":"https:\/\/www.seliggroup.com\/es\/accessibility-statement\/#breadcrumb"},"inLanguage":"es","potentialAction":[{"@type":"ReadAction","target":["https:\/\/www.seliggroup.com\/es\/accessibility-statement\/"]}]},{"@type":"BreadcrumbList","@id":"https:\/\/www.seliggroup.com\/es\/accessibility-statement\/#breadcrumb","itemListElement":[{"@type":"ListItem","position":1,"name":"Home","item":"https:\/\/www.seliggroup.com\/es\/"},{"@type":"ListItem","position":2,"name":"Declaraci\u00f3n de accesibilidad"}]},{"@type":"WebSite","@id":"https:\/\/www.seliggroup.com\/es\/#website","url":"https:\/\/www.seliggroup.com\/es\/","name":"Selig Group","description":"Selig Group is a reliable and experienced partner in the global packaging industry, offering quality sealing, venting, flexible packaging, and protection.","publisher":{"@id":"https:\/\/www.seliggroup.com\/es\/#organization"},"potentialAction":[{"@type":"SearchAction","target":{"@type":"EntryPoint","urlTemplate":"https:\/\/www.seliggroup.com\/es\/?s={search_term_string}"},"query-input":{"@type":"PropertyValueSpecification","valueRequired":true,"valueName":"search_term_string"}}],"inLanguage":"es"},{"@type":"Organization","@id":"https:\/\/www.seliggroup.com\/es\/#organization","name":"Selig Group","alternateName":"Selig","url":"https:\/\/www.seliggroup.com\/es\/","logo":{"@type":"ImageObject","inLanguage":"es","@id":"https:\/\/www.seliggroup.com\/es\/#\/schema\/logo\/image\/","url":"https:\/\/www.seliggroup.com\/wp-content\/uploads\/2022\/12\/SeligGroupLogo_CMYK.jpg","contentUrl":"https:\/\/www.seliggroup.com\/wp-content\/uploads\/2022\/12\/SeligGroupLogo_CMYK.jpg","width":720,"height":336,"caption":"Selig Group"},"image":{"@id":"https:\/\/www.seliggroup.com\/es\/#\/schema\/logo\/image\/"}}]}},"_links":{"self":[{"href":"https:\/\/www.seliggroup.com\/es\/wp-json\/wp\/v2\/pages\/58051","targetHints":{"allow":["GET"]}}],"collection":[{"href":"https:\/\/www.seliggroup.com\/es\/wp-json\/wp\/v2\/pages"}],"about":[{"href":"https:\/\/www.seliggroup.com\/es\/wp-json\/wp\/v2\/types\/page"}],"author":[{"embeddable":true,"href":"https:\/\/www.seliggroup.com\/es\/wp-json\/wp\/v2\/users\/4"}],"replies":[{"embeddable":true,"href":"https:\/\/www.seliggroup.com\/es\/wp-json\/wp\/v2\/comments?post=58051"}],"version-history":[{"count":0,"href":"https:\/\/www.seliggroup.com\/es\/wp-json\/wp\/v2\/pages\/58051\/revisions"}],"wp:attachment":[{"href":"https:\/\/www.seliggroup.com\/es\/wp-json\/wp\/v2\/media?parent=58051"}],"curies":[{"name":"wp","href":"https:\/\/api.w.org\/{rel}","templated":true}]}}