{"id":57831,"date":"2022-12-07T18:38:56","date_gmt":"2022-12-07T18:38:56","guid":{"rendered":"https:\/\/selig-group.com\/mentions-legales-et-responsabilite\/"},"modified":"2026-02-18T15:48:12","modified_gmt":"2026-02-18T15:48:12","slug":"mentions-legales-et-responsabilite","status":"publish","type":"page","link":"https:\/\/www.seliggroup.com\/fr\/mentions-legales-et-responsabilite\/","title":{"rendered":"Mentions l\u00e9gales"},"content":{"rendered":"\t\t<div data-elementor-type=\"wp-page\" data-elementor-id=\"57831\" class=\"elementor elementor-57831 elementor-45246\" data-elementor-post-type=\"page\">\n\t\t\t\t<div class=\"elementor-element elementor-element-48e99768 e-con-full normal-horizontal-padding e-flex e-con e-parent\" data-id=\"48e99768\" data-element_type=\"container\" data-settings=\"{&quot;background_background&quot;:&quot;classic&quot;}\">\n\t\t<div class=\"elementor-element elementor-element-661a5899 e-con-full e-flex e-con e-child\" data-id=\"661a5899\" data-element_type=\"container\" data-settings=\"{&quot;background_background&quot;:&quot;slideshow&quot;,&quot;background_slideshow_gallery&quot;:[],&quot;background_slideshow_loop&quot;:&quot;yes&quot;,&quot;background_slideshow_slide_duration&quot;:5000,&quot;background_slideshow_slide_transition&quot;:&quot;fade&quot;,&quot;background_slideshow_transition_duration&quot;:500}\">\n\t\t\t\t<div class=\"elementor-element elementor-element-7beb0d7b elementor-widget__width-auto elementor-widget elementor-widget-heading\" data-id=\"7beb0d7b\" data-element_type=\"widget\" data-widget_type=\"heading.default\">\n\t\t\t\t<div class=\"elementor-widget-container\">\n\t\t\t<span class=\"elementor-heading-title elementor-size-default\"><a href=\"https:\/\/www.seliggroup.com\/fr\/\">Page d'accueil\/<\/a><\/span>\t\t<\/div>\n\t\t\t\t<\/div>\n\t\t\t\t<div class=\"elementor-element elementor-element-4f0468af elementor-widget__width-auto elementor-widget elementor-widget-heading\" data-id=\"4f0468af\" data-element_type=\"widget\" data-widget_type=\"heading.default\">\n\t\t\t\t<div class=\"elementor-widget-container\">\n\t\t\t<span class=\"elementor-heading-title elementor-size-default\"><a href=\"https:\/\/www.seliggroup.com\/fr\/mentions-legales-et-responsabilite\/\">Mentions l\u00e9gales<\/a><\/span>\t\t<\/div>\n\t\t\t\t<\/div>\n\t\t\t\t<\/div>\n\t\t<div class=\"elementor-element elementor-element-1576cb75 e-con-full e-flex e-con e-child\" data-id=\"1576cb75\" data-element_type=\"container\">\n\t\t\t\t<div class=\"elementor-element elementor-element-4da3476c elementor-widget__width-initial elementor-widget elementor-widget-heading\" data-id=\"4da3476c\" data-element_type=\"widget\" data-widget_type=\"heading.default\">\n\t\t\t\t<div class=\"elementor-widget-container\">\n\t\t\t<p class=\"elementor-heading-title elementor-size-default\">Mentions l\u00e9gales<\/p>\t\t<\/div>\n\t\t\t\t<\/div>\n\t\t\t\t<\/div>\n\t\t\t\t<\/div>\n\t\t<div class=\"elementor-element elementor-element-9dfbdf4 e-con-full normal-horizontal-padding e-flex e-con e-parent\" data-id=\"9dfbdf4\" data-element_type=\"container\">\n\t\t<div class=\"elementor-element elementor-element-3de7e0f8 e-con-full e-flex e-con e-child\" data-id=\"3de7e0f8\" data-element_type=\"container\">\n\t\t<div class=\"elementor-element elementor-element-76535621 e-con-full e-flex e-con e-child\" data-id=\"76535621\" data-element_type=\"container\">\n\t\t<div class=\"elementor-element elementor-element-6b4c885a e-con-full e-flex e-con e-child\" data-id=\"6b4c885a\" data-element_type=\"container\">\n\t\t<div class=\"elementor-element elementor-element-211df1c4 e-con-full e-flex e-con e-child\" data-id=\"211df1c4\" data-element_type=\"container\">\n\t\t\t\t<div class=\"elementor-element elementor-element-5b02394a elementor-widget elementor-widget-text-editor\" data-id=\"5b02394a\" data-element_type=\"widget\" data-widget_type=\"text-editor.default\">\n\t\t\t\t<div class=\"elementor-widget-container\">\n\t\t\t\t\t\t\t<p>L&#8217;acc\u00e8s et l&#8217;utilisation du pr\u00e9sent site web (\u00ab le site web du SG \u00bb) sont r\u00e9gis par les pr\u00e9sentes conditions g\u00e9n\u00e9rales. VEUILLEZ LIRE ATTENTIVEMENT CES CONDITIONS, CAR L&#8217;UTILISATION DE CE SITE CONSTITUE UN CONSENTEMENT \u00c0 CES CONDITIONS.<\/p>\n\t\t\t\t\t\t<\/div>\n\t\t\t\t<\/div>\n\t\t\t\t<\/div>\n\t\t\t\t<\/div>\n\t\t\t\t<div class=\"elementor-element elementor-element-6aaffd2e elementor-widget elementor-widget-text-editor\" data-id=\"6aaffd2e\" data-element_type=\"widget\" data-widget_type=\"text-editor.default\">\n\t\t\t\t<div class=\"elementor-widget-container\">\n\t\t\t\t\t\t\t<h3><strong>Utilisation du contenu du site web de SG<\/strong><\/h3>\n<p>Les informations, les illustrations, les textes, les vid\u00e9os, les audios ou les images (collectivement, les \u00ab \u00c9l\u00e9ments \u00bb) contenus sur le site web du SG sont prot\u00e9g\u00e9s par les lois sur les droits d&#8217;auteur. Vous ne pouvez acc\u00e9der et utiliser les \u00c9l\u00e9ments qu&#8217;\u00e0 des fins personnelles ou \u00e9ducatives. La modification ou l&#8217;utilisation des \u00c9l\u00e9ments \u00e0 d&#8217;autres fins est interdite sans l&#8217;autorisation \u00e9crite expresse de Selig Group (\u00ab SG \u00bb). Sous r\u00e9serve des dispositions ci-dessous, vous n&#8217;\u00eates pas autoris\u00e9 \u00e0 reproduire, republier, poster, transmettre ou distribuer des documents sur le site web de SG.<\/p>\n<\/p>\n<p>Vous pouvez imprimer les \u00c9l\u00e9ments du site web SG \u00e0 des fins personnelles, \u00e9ducatives et professionnelles, et vous devez inclure dans toutes les copies tout avis de droit d&#8217;auteur initialement inclus dans les \u00c9l\u00e9ments.<\/p>\n<\/p>\n<p>Tout logiciel informatique t\u00e9l\u00e9chargeable ou autrement disponible sur le site web de SG est r\u00e9gi par les termes du contrat de licence en vigueur.<\/p>\n<\/p>\n<p>Les \u00c9l\u00e9ments figurant sur le site web de SG ont \u00e9t\u00e9 compil\u00e9s par SG sur la base de diverses sources et sont susceptibles d&#8217;\u00eatre modifi\u00e9s sans pr\u00e9avis.<\/p>\n\t\t\t\t\t\t<\/div>\n\t\t\t\t<\/div>\n\t\t\t\t<div class=\"elementor-element elementor-element-782831c elementor-widget elementor-widget-text-editor\" data-id=\"782831c\" data-element_type=\"widget\" data-widget_type=\"text-editor.default\">\n\t\t\t\t<div class=\"elementor-widget-container\">\n\t\t\t\t\t\t\t<h3><strong>Sites li\u00e9s au site web de SG<\/strong><\/h3>\n<p>Les sites li\u00e9s au site web de SG ne sont pas sous la responsabilit\u00e9 du SG, et SG n&#8217;assume aucune responsabilit\u00e9 pour les communications ou les documents disponibles sur ces sites li\u00e9s. Le SG ne consid\u00e8re pas les liens figurant sur son site web comme des r\u00e9f\u00e9rences ou des recommandations des entit\u00e9s li\u00e9es ; ils ne sont fournis qu&#8217;\u00e0 titre indicatif.<\/p>\n\t\t\t\t\t\t<\/div>\n\t\t\t\t<\/div>\n\t\t\t\t<div class=\"elementor-element elementor-element-fa74679 elementor-widget elementor-widget-text-editor\" data-id=\"fa74679\" data-element_type=\"widget\" data-widget_type=\"text-editor.default\">\n\t\t\t\t<div class=\"elementor-widget-container\">\n\t\t\t\t\t\t\t<h3><strong>Exon\u00e9ration de garantie<\/strong><\/h3><p>Les services, informations ou donn\u00e9es (collectivement, les \u00ab informations \u00bb) disponibles sur le site web de SG sont fournis \u00ab EN L&#8217;\u00c9TAT \u00bb, sans aucune garantie. SG renonce express\u00e9ment \u00e0 toute repr\u00e9sentation et garantie, y compris, mais sans s&#8217;y limiter, les garanties implicites de qualit\u00e9 marchande et d&#8217;ad\u00e9quation pour un usage particulier. SG rejette toute responsabilit\u00e9 en rapport avec les services, y compris, mais sans s&#8217;y limiter, toute responsabilit\u00e9 pour les dommages caus\u00e9s \u00e0 votre mat\u00e9riel informatique, \u00e0 vos donn\u00e9es, \u00e0 vos informations, \u00e0 vos Supports et \u00e0 votre entreprise, r\u00e9sultant des informations ou du manque d&#8217;informations disponibles sur le site web de SG. SG n&#8217;est pas responsable de :<\/p><ul><li>toute perte ou blessure caus\u00e9e, en tout ou en partie, par ses actions, ses omissions ou sa n\u00e9gligence, ou par des circonstances ind\u00e9pendantes de sa volont\u00e9, lors de l&#8217;obtention, de la compilation ou de la fourniture des informations ;<\/li><li>toute erreur, omission ou inexactitude dans les informations, quelle qu&#8217;en soit la cause, ou tout retard ou interruption dans la fourniture des informations ; ou<\/li><li>toute d\u00e9cision ou action prise ou non sur la base des informations fournies dans le cadre des pr\u00e9sentes.<\/li><\/ul><p>SG d\u00e9cline toute garantie concernant le contenu, la s\u00e9quence, l&#8217;exactitude, l&#8217;actualit\u00e9 ou l&#8217;exhaustivit\u00e9 de l&#8217;information et ne garantit pas que l&#8217;on puisse s&#8217;appuyer sur l&#8217;information pour quelque raison que ce soit. SG ne garantit pas que les informations seront disponibles de mani\u00e8re ininterrompue ou sans erreur, ni que tout d\u00e9faut pourra \u00eatre corrig\u00e9. Dans le cadre de cette section, \u00ab SG \u00bb inclut Selig Sealing Products, Inc. et ses divisions, filiales, successeurs, soci\u00e9t\u00e9s m\u00e8res, ainsi que leurs employ\u00e9s, partenaires, mandants, agents et repr\u00e9sentants, et tout fournisseur tiers ou source d&#8217;informations ou de donn\u00e9es.<\/p><h3>\u00a0<\/h3><h3><strong>Limitation de responsabilit\u00e9<\/strong><\/h3><p>SG ne sera en aucun cas responsable des pertes ou dommages quels qu&#8217;ils soient, qu&#8217;ils soient contractuels, d\u00e9lictuels ou autres, r\u00e9sultant de l&#8217;utilisation ou de la confiance accord\u00e9e aux informations, ou de l&#8217;utilisation de l&#8217;Internet en g\u00e9n\u00e9ral. Dans le cadre de cette section, \u00ab SG \u00bb inclut Selig Sealing Products, Inc, et ses divisions, filiales, successeurs, soci\u00e9t\u00e9s m\u00e8res, ainsi que leurs employ\u00e9s, partenaires, mandants, agents et repr\u00e9sentants, et tout fournisseur tiers ou source d&#8217;informations ou de donn\u00e9es.<\/p><p>Les informations contenues dans ce site Web ne doivent \u00eatre utilis\u00e9es qu&#8217;\u00e0 titre indicatif. Veuillez contacter votre repr\u00e9sentant commercial pour discuter de votre application sp\u00e9cifique. Toutes les d\u00e9clarations, informations techniques et recommandations sont bas\u00e9es sur des tests que nous estimons fiables, mais l&#8217;exactitude ou l&#8217;exhaustivit\u00e9 des tests n&#8217;est pas garantie. Nous offrons une garantie pour nos produits, sous r\u00e9serve de limitations et de restrictions importantes, telles que d\u00e9crites dans nos Conditions de vente, que nous vous fournirons sur demande. La garantie contenue dans nos Cde vente est la seule garantie que nous accordons et remplace toute autre garantie, expresse ou implicite, y compris toute garantie de qualit\u00e9 marchande ou d&#8217;ad\u00e9quation \u00e0 un usage particulier. Nous rejetons toute garantie accord\u00e9e \u00e0 travers tout autre document, support informatique, communication verbale ou \u00e9crite, ou \u00e9chantillon. Nos obligations en cas de violation de la garantie se limitent, \u00e0 notre discr\u00e9tion, \u00e0 la r\u00e9paration ou au remplacement des produits ou \u00e0 l&#8217;octroi d&#8217;un cr\u00e9dit d&#8217;un montant ne d\u00e9passant pas le prix d&#8217;achat des produits. Nous ne sommes pas responsables du paiement de tout dommage cons\u00e9cutif, accidentel, indirect, punitif, sp\u00e9cial ou d\u00e9lictuel de quelque nature que ce soit, y compris toute perte de profits. Les limitations de notre responsabilit\u00e9 s&#8217;appliquent ind\u00e9pendamment de la forme de la r\u00e9clamation \u00e0 notre encontre, qu&#8217;elle soit fond\u00e9e sur le contrat, la n\u00e9gligence, la responsabilit\u00e9 stricte ou la responsabilit\u00e9 civile. Les produits illustr\u00e9s sur ce site web ont \u00e9t\u00e9 scell\u00e9s herm\u00e9tiquement par SG. SG n&#8217;est pas affili\u00e9 aux fabricants de produits et ces images ne doivent pas \u00eatre consid\u00e9r\u00e9es comme un parrainage ou une promotion de SG par ces fabricants. Les marques d\u00e9pos\u00e9es des entreprises et des produits, ainsi que les documents prot\u00e9g\u00e9s par le droit d&#8217;auteur qui apparaissent sur ce site web, sont la propri\u00e9t\u00e9 des entreprises respectives et sont prot\u00e9g\u00e9s par les lois en vigueur.<br \/><br \/><\/p><h3><span style=\"font-size: 28px;\"><b>D\u00e9claration sur la lutte contre le travail forc\u00e9 et le travail des enfants dans les cha\u00eenes d&#8217;approvisionnement<\/b><\/span><\/h3><p><a href=\"https:\/\/www.seliggroup.com\/wp-content\/uploads\/2024\/05\/Selig-Group-Fighting-Against-Forced-Labor-in-Supply-Chain.pdf\" target=\"_blank\" rel=\"noopener\">Consultez ici la politique du groupe Selig<\/a><\/p><h3 style=\"font-family: 'Source Sans Pro', 'Source Sans Pro'; color: #707383;\"><span style=\"font-weight: bold;\">D\u00e9claration de Selig UK sur l&#8217;esclavage moderne<\/span><\/h3><p><a href=\"https:\/\/www.seliggroup.com\/wp-content\/uploads\/2025\/10\/Selig-UK-Modern-Slavery-Statement-2024-signed.pdf\" target=\"_blank\" rel=\"noopener\">Consultez la police d&#8217;assurance du groupe Selig ici.<\/a><\/p><h3 style=\"font-family: 'Source Sans Pro', 'Source Sans Pro'; color: #707383;\"><span style=\"font-weight: bold;\">Indice d&#8217;\u00e9galit\u00e9 des sexes (Chazay -2025)<\/span><\/h3><p><a href=\"https:\/\/www.seliggroup.com\/wp-content\/uploads\/2026\/02\/2026_declaration_egapro_663780211_2026.pdf\" target=\"_blank\" rel=\"noopener\">Afficher les r\u00e9sultats<\/a><\/p><p><br \/>\u00a9 2026 Selig Group, Inc.<\/p>\t\t\t\t\t\t<\/div>\n\t\t\t\t<\/div>\n\t\t\t\t<\/div>\n\t\t\t\t<\/div>\n\t\t\t\t<\/div>\n\t\t\t\t<\/div>\n\t\t","protected":false},"excerpt":{"rendered":"<p>Page d&#8217;accueil\/ Mentions l\u00e9gales L&#8217;acc\u00e8s et l&#8217;utilisation du pr\u00e9sent site web (\u00ab le site web du SG \u00bb) sont r\u00e9gis par les pr\u00e9sentes conditions g\u00e9n\u00e9rales. VEUILLEZ LIRE ATTENTIVEMENT CES CONDITIONS, CAR L&#8217;UTILISATION DE CE SITE CONSTITUE UN CONSENTEMENT \u00c0 CES CONDITIONS. Utilisation du contenu du site web de SG Les informations, les illustrations, les textes, [&hellip;]<\/p>\n","protected":false},"author":3,"featured_media":0,"parent":0,"menu_order":0,"comment_status":"closed","ping_status":"closed","template":"","meta":{"_acf_changed":false,"inline_featured_image":false,"_monsterinsights_skip_tracking":false,"_monsterinsights_sitenote_active":false,"_monsterinsights_sitenote_note":"","_monsterinsights_sitenote_category":0,"footnotes":"","_links_to":"","_links_to_target":""},"class_list":["post-57831","page","type-page","status-publish","hentry"],"acf":[],"yoast_head":"<!-- This site is optimized with the Yoast SEO plugin v25.1 - https:\/\/yoast.com\/wordpress\/plugins\/seo\/ -->\n<title>Mentions l\u00e9gales - Selig Group<\/title>\n<meta name=\"robots\" content=\"index, follow, max-snippet:-1, max-image-preview:large, max-video-preview:-1\" \/>\n<link rel=\"canonical\" href=\"https:\/\/www.seliggroup.com\/fr\/mentions-legales-et-responsabilite\/\" \/>\n<meta property=\"og:locale\" content=\"fr_FR\" \/>\n<meta property=\"og:type\" content=\"article\" \/>\n<meta property=\"og:title\" content=\"Mentions l\u00e9gales - Selig Group\" \/>\n<meta property=\"og:description\" content=\"Page d&#8217;accueil\/ Mentions l\u00e9gales L&#8217;acc\u00e8s et l&#8217;utilisation du pr\u00e9sent site web (\u00ab le site web du SG \u00bb) sont r\u00e9gis par les pr\u00e9sentes conditions g\u00e9n\u00e9rales. VEUILLEZ LIRE ATTENTIVEMENT CES CONDITIONS, CAR L&#8217;UTILISATION DE CE SITE CONSTITUE UN CONSENTEMENT \u00c0 CES CONDITIONS. Utilisation du contenu du site web de SG Les informations, les illustrations, les textes, [&hellip;]\" \/>\n<meta property=\"og:url\" content=\"https:\/\/www.seliggroup.com\/fr\/mentions-legales-et-responsabilite\/\" \/>\n<meta property=\"og:site_name\" content=\"Selig Group\" \/>\n<meta property=\"article:modified_time\" content=\"2026-02-18T15:48:12+00:00\" \/>\n<meta name=\"twitter:card\" content=\"summary_large_image\" \/>\n<meta name=\"twitter:label1\" content=\"Dur\u00e9e de lecture estim\u00e9e\" \/>\n\t<meta name=\"twitter:data1\" content=\"6 minutes\" \/>\n<script type=\"application\/ld+json\" class=\"yoast-schema-graph\">{\"@context\":\"https:\/\/schema.org\",\"@graph\":[{\"@type\":\"WebPage\",\"@id\":\"https:\/\/www.seliggroup.com\/fr\/mentions-legales-et-responsabilite\/\",\"url\":\"https:\/\/www.seliggroup.com\/fr\/mentions-legales-et-responsabilite\/\",\"name\":\"Mentions l\u00e9gales - Selig Group\",\"isPartOf\":{\"@id\":\"https:\/\/www.seliggroup.com\/fr\/#website\"},\"datePublished\":\"2022-12-07T18:38:56+00:00\",\"dateModified\":\"2026-02-18T15:48:12+00:00\",\"breadcrumb\":{\"@id\":\"https:\/\/www.seliggroup.com\/fr\/mentions-legales-et-responsabilite\/#breadcrumb\"},\"inLanguage\":\"fr-FR\",\"potentialAction\":[{\"@type\":\"ReadAction\",\"target\":[\"https:\/\/www.seliggroup.com\/fr\/mentions-legales-et-responsabilite\/\"]}]},{\"@type\":\"BreadcrumbList\",\"@id\":\"https:\/\/www.seliggroup.com\/fr\/mentions-legales-et-responsabilite\/#breadcrumb\",\"itemListElement\":[{\"@type\":\"ListItem\",\"position\":1,\"name\":\"Home\",\"item\":\"https:\/\/www.seliggroup.com\/fr\/\"},{\"@type\":\"ListItem\",\"position\":2,\"name\":\"Mentions l\u00e9gales\"}]},{\"@type\":\"WebSite\",\"@id\":\"https:\/\/www.seliggroup.com\/fr\/#website\",\"url\":\"https:\/\/www.seliggroup.com\/fr\/\",\"name\":\"Selig Group\",\"description\":\"Selig Group is a reliable and experienced partner in the global packaging industry, offering quality sealing, venting, flexible packaging, and protection.\",\"publisher\":{\"@id\":\"https:\/\/www.seliggroup.com\/fr\/#organization\"},\"potentialAction\":[{\"@type\":\"SearchAction\",\"target\":{\"@type\":\"EntryPoint\",\"urlTemplate\":\"https:\/\/www.seliggroup.com\/fr\/?s={search_term_string}\"},\"query-input\":{\"@type\":\"PropertyValueSpecification\",\"valueRequired\":true,\"valueName\":\"search_term_string\"}}],\"inLanguage\":\"fr-FR\"},{\"@type\":\"Organization\",\"@id\":\"https:\/\/www.seliggroup.com\/fr\/#organization\",\"name\":\"Selig Group\",\"alternateName\":\"Selig\",\"url\":\"https:\/\/www.seliggroup.com\/fr\/\",\"logo\":{\"@type\":\"ImageObject\",\"inLanguage\":\"fr-FR\",\"@id\":\"https:\/\/www.seliggroup.com\/fr\/#\/schema\/logo\/image\/\",\"url\":\"https:\/\/www.seliggroup.com\/wp-content\/uploads\/2022\/12\/SeligGroupLogo_CMYK.jpg\",\"contentUrl\":\"https:\/\/www.seliggroup.com\/wp-content\/uploads\/2022\/12\/SeligGroupLogo_CMYK.jpg\",\"width\":720,\"height\":336,\"caption\":\"Selig Group\"},\"image\":{\"@id\":\"https:\/\/www.seliggroup.com\/fr\/#\/schema\/logo\/image\/\"}}]}<\/script>\n<!-- \/ Yoast SEO plugin. -->","yoast_head_json":{"title":"Mentions l\u00e9gales - Selig Group","robots":{"index":"index","follow":"follow","max-snippet":"max-snippet:-1","max-image-preview":"max-image-preview:large","max-video-preview":"max-video-preview:-1"},"canonical":"https:\/\/www.seliggroup.com\/fr\/mentions-legales-et-responsabilite\/","og_locale":"fr_FR","og_type":"article","og_title":"Mentions l\u00e9gales - Selig Group","og_description":"Page d&#8217;accueil\/ Mentions l\u00e9gales L&#8217;acc\u00e8s et l&#8217;utilisation du pr\u00e9sent site web (\u00ab le site web du SG \u00bb) sont r\u00e9gis par les pr\u00e9sentes conditions g\u00e9n\u00e9rales. VEUILLEZ LIRE ATTENTIVEMENT CES CONDITIONS, CAR L&#8217;UTILISATION DE CE SITE CONSTITUE UN CONSENTEMENT \u00c0 CES CONDITIONS. Utilisation du contenu du site web de SG Les informations, les illustrations, les textes, [&hellip;]","og_url":"https:\/\/www.seliggroup.com\/fr\/mentions-legales-et-responsabilite\/","og_site_name":"Selig Group","article_modified_time":"2026-02-18T15:48:12+00:00","twitter_card":"summary_large_image","twitter_misc":{"Dur\u00e9e de lecture estim\u00e9e":"6 minutes"},"schema":{"@context":"https:\/\/schema.org","@graph":[{"@type":"WebPage","@id":"https:\/\/www.seliggroup.com\/fr\/mentions-legales-et-responsabilite\/","url":"https:\/\/www.seliggroup.com\/fr\/mentions-legales-et-responsabilite\/","name":"Mentions l\u00e9gales - Selig Group","isPartOf":{"@id":"https:\/\/www.seliggroup.com\/fr\/#website"},"datePublished":"2022-12-07T18:38:56+00:00","dateModified":"2026-02-18T15:48:12+00:00","breadcrumb":{"@id":"https:\/\/www.seliggroup.com\/fr\/mentions-legales-et-responsabilite\/#breadcrumb"},"inLanguage":"fr-FR","potentialAction":[{"@type":"ReadAction","target":["https:\/\/www.seliggroup.com\/fr\/mentions-legales-et-responsabilite\/"]}]},{"@type":"BreadcrumbList","@id":"https:\/\/www.seliggroup.com\/fr\/mentions-legales-et-responsabilite\/#breadcrumb","itemListElement":[{"@type":"ListItem","position":1,"name":"Home","item":"https:\/\/www.seliggroup.com\/fr\/"},{"@type":"ListItem","position":2,"name":"Mentions l\u00e9gales"}]},{"@type":"WebSite","@id":"https:\/\/www.seliggroup.com\/fr\/#website","url":"https:\/\/www.seliggroup.com\/fr\/","name":"Selig Group","description":"Selig Group is a reliable and experienced partner in the global packaging industry, offering quality sealing, venting, flexible packaging, and protection.","publisher":{"@id":"https:\/\/www.seliggroup.com\/fr\/#organization"},"potentialAction":[{"@type":"SearchAction","target":{"@type":"EntryPoint","urlTemplate":"https:\/\/www.seliggroup.com\/fr\/?s={search_term_string}"},"query-input":{"@type":"PropertyValueSpecification","valueRequired":true,"valueName":"search_term_string"}}],"inLanguage":"fr-FR"},{"@type":"Organization","@id":"https:\/\/www.seliggroup.com\/fr\/#organization","name":"Selig Group","alternateName":"Selig","url":"https:\/\/www.seliggroup.com\/fr\/","logo":{"@type":"ImageObject","inLanguage":"fr-FR","@id":"https:\/\/www.seliggroup.com\/fr\/#\/schema\/logo\/image\/","url":"https:\/\/www.seliggroup.com\/wp-content\/uploads\/2022\/12\/SeligGroupLogo_CMYK.jpg","contentUrl":"https:\/\/www.seliggroup.com\/wp-content\/uploads\/2022\/12\/SeligGroupLogo_CMYK.jpg","width":720,"height":336,"caption":"Selig Group"},"image":{"@id":"https:\/\/www.seliggroup.com\/fr\/#\/schema\/logo\/image\/"}}]}},"_links":{"self":[{"href":"https:\/\/www.seliggroup.com\/fr\/wp-json\/wp\/v2\/pages\/57831","targetHints":{"allow":["GET"]}}],"collection":[{"href":"https:\/\/www.seliggroup.com\/fr\/wp-json\/wp\/v2\/pages"}],"about":[{"href":"https:\/\/www.seliggroup.com\/fr\/wp-json\/wp\/v2\/types\/page"}],"author":[{"embeddable":true,"href":"https:\/\/www.seliggroup.com\/fr\/wp-json\/wp\/v2\/users\/3"}],"replies":[{"embeddable":true,"href":"https:\/\/www.seliggroup.com\/fr\/wp-json\/wp\/v2\/comments?post=57831"}],"version-history":[{"count":3,"href":"https:\/\/www.seliggroup.com\/fr\/wp-json\/wp\/v2\/pages\/57831\/revisions"}],"predecessor-version":[{"id":63884,"href":"https:\/\/www.seliggroup.com\/fr\/wp-json\/wp\/v2\/pages\/57831\/revisions\/63884"}],"wp:attachment":[{"href":"https:\/\/www.seliggroup.com\/fr\/wp-json\/wp\/v2\/media?parent=57831"}],"curies":[{"name":"wp","href":"https:\/\/api.w.org\/{rel}","templated":true}]}}