{"id":58045,"date":"2022-09-13T02:01:05","date_gmt":"2022-09-13T02:01:05","guid":{"rendered":"https:\/\/selig-group.com\/accessibility-statement\/"},"modified":"2023-05-05T17:29:05","modified_gmt":"2023-05-05T17:29:05","slug":"accessibility-statement","status":"publish","type":"page","link":"https:\/\/www.seliggroup.com\/fr\/accessibility-statement\/","title":{"rendered":"\u00c9nonc\u00e9 d&#8217;accessibilit\u00e9"},"content":{"rendered":"\t\t<div data-elementor-type=\"wp-page\" data-elementor-id=\"58045\" class=\"elementor elementor-58045 elementor-678\" data-elementor-post-type=\"page\">\n\t\t\t\t<div class=\"elementor-element elementor-element-61e15677 e-con-full normal-padding e-flex e-con e-parent\" data-id=\"61e15677\" data-element_type=\"container\" data-settings=\"{&quot;background_background&quot;:&quot;classic&quot;}\">\n\t\t<div class=\"elementor-element elementor-element-262ff2e9 e-con-full e-flex e-con e-parent\" data-id=\"262ff2e9\" data-element_type=\"container\" data-settings=\"{&quot;background_background&quot;:&quot;slideshow&quot;,&quot;background_slideshow_gallery&quot;:[],&quot;background_slideshow_loop&quot;:&quot;yes&quot;,&quot;background_slideshow_slide_duration&quot;:5000,&quot;background_slideshow_slide_transition&quot;:&quot;fade&quot;,&quot;background_slideshow_transition_duration&quot;:500}\">\n\t\t\t\t<div class=\"elementor-element elementor-element-2d26d9bc elementor-widget__width-auto elementor-widget elementor-widget-heading\" data-id=\"2d26d9bc\" data-element_type=\"widget\" data-widget_type=\"heading.default\">\n\t\t\t\t<div class=\"elementor-widget-container\">\n\t\t\t<span class=\"elementor-heading-title elementor-size-default\"><a href=\"https:\/\/www.seliggroup.com\/fr\/\">PAGE D'ACCUEIL<\/a><\/span>\t\t<\/div>\n\t\t\t\t<\/div>\n\t\t\t\t<div class=\"elementor-element elementor-element-3be4c335 elementor-widget__width-auto elementor-widget elementor-widget-heading\" data-id=\"3be4c335\" data-element_type=\"widget\" data-widget_type=\"heading.default\">\n\t\t\t\t<div class=\"elementor-widget-container\">\n\t\t\t<span class=\"elementor-heading-title elementor-size-default\"><a href=\"https:\/\/www.seliggroup.com\/fr\/accessibility-statement\/\">\/ \u00c9nonc\u00e9 d'accessibilit\u00e9<\/a><\/span>\t\t<\/div>\n\t\t\t\t<\/div>\n\t\t\t\t<\/div>\n\t\t<div class=\"elementor-element elementor-element-15ea557e e-con-full e-flex e-con e-parent\" data-id=\"15ea557e\" data-element_type=\"container\">\n\t\t\t\t<div class=\"elementor-element elementor-element-478b39ec elementor-widget elementor-widget-heading\" data-id=\"478b39ec\" data-element_type=\"widget\" data-widget_type=\"heading.default\">\n\t\t\t\t<div class=\"elementor-widget-container\">\n\t\t\t<p class=\"elementor-heading-title elementor-size-default\">\u00c9nonc\u00e9 d'accessibilit\u00e9<\/p>\t\t<\/div>\n\t\t\t\t<\/div>\n\t\t\t\t<\/div>\n\t\t\t\t<\/div>\n\t\t\t\t<section class=\"elementor-section elementor-top-section elementor-element elementor-element-9e3beba elementor-section-boxed elementor-section-height-default elementor-section-height-default\" data-id=\"9e3beba\" data-element_type=\"section\">\n\t\t\t\t\t\t<div class=\"elementor-container elementor-column-gap-default\">\n\t\t\t\t\t<div class=\"elementor-column elementor-col-100 elementor-top-column elementor-element elementor-element-5eb80fba\" data-id=\"5eb80fba\" data-element_type=\"column\">\n\t\t\t<div class=\"elementor-widget-wrap elementor-element-populated\">\n\t\t\t\t\t\t<div class=\"elementor-element elementor-element-444898cf normal-padding elementor-widget elementor-widget-text-editor\" data-id=\"444898cf\" data-element_type=\"widget\" data-widget_type=\"text-editor.default\">\n\t\t\t\t<div class=\"elementor-widget-container\">\n\t\t\t\t\t\t\t<p><\/p>\n<h3><strong>Statut de conformit\u00e9<\/strong><\/h3>\n<p><\/p>\n<p><\/p>\n<p>Nous sommes fermement convaincus que l&#8217;Internet devrait \u00eatre disponible et accessible \u00e0 tous et nous nous engageons \u00e0 fournir un site web accessible au public le plus large possible, sans distinction d&#8217;aptitude.<\/p>\n<p><br><\/p>\n<p><\/p>\n<p><\/p>\n<p>Pour ce faire, nous nous effor\u00e7ons de respecter aussi strictement que possible les directives 2.1 (WCAG 2.1) du World Wide Web Consortium (W3C) sur l&#8217;accessibilit\u00e9 des contenus web au niveau AA. Ces directives d\u00e9crivent la mani\u00e8re dont le contenu des sites web doit \u00eatre accessible aux personnes pr\u00e9sentant de nombreux handicaps. Le respect de ces directives nous permet de nous assurer que le site web est accessible aux aveugles, aux personnes souffrant de d\u00e9ficiences motrices, de d\u00e9ficiences visuelles, de d\u00e9ficiences cognitives, etc.<\/p>\n<p><br><\/p>\n<p><\/p>\n<p><\/p>\n<p>Ce site web utilise diverses technologies destin\u00e9es \u00e0 faciliter au maximum son acc\u00e8s \u00e0 tout moment. Nous utilisons une interface d&#8217;accessibilit\u00e9 qui permet aux personnes souffrant de handicaps sp\u00e9cifiques d&#8217;ajuster l&#8217;interface utilisateur du site et de l&#8217;adapter \u00e0 leurs besoins personnels.<\/p>\n<p><br><\/p>\n<p><\/p>\n<p><\/p>\n<p>Le site web utilise \u00e9galement une application bas\u00e9e sur l&#8217;intelligence artificielle qui fonctionne en arri\u00e8re-plan et optimise en permanence son niveau d&#8217;accessibilit\u00e9. Cette application am\u00e9liore le code HTML du site web, adapte sa fonctionnalit\u00e9 et son comportement afin qu&#8217;il soit compatible avec les lecteurs d&#8217;\u00e9cran utilis\u00e9s par les utilisateurs aveugles et avec les fonctions du clavier utilis\u00e9es par les personnes souffrant de d\u00e9ficiences motrices.<\/p>\n<p><br><\/p>\n<p><\/p>\n<p><\/p>\n<p>Si vous souhaitez contacter le propri\u00e9taire du site web, veuillez utiliser l&#8217;adresse \u00e9lectronique suivante : &nbsp;lszkodzinski@seliggroup.com<\/p>\n<p><br><\/p>\n<p><\/p>\n<p><\/p>\n<h3><b>Lecteurs d&#8217;\u00e9cran et navigation au clavier<\/b><\/h3>\n<p><\/p>\n<p><\/p>\n<p>Notre site web utilise la technique des attributs ARIA (Accessible Rich Internet Applications), ainsi que divers changements de comportement, afin de garantir que les utilisateurs aveugles utilisant des lecteurs d&#8217;\u00e9cran peuvent lire, comprendre et jouir des fonctions du site web. Les utilisateurs de lecteurs d&#8217;\u00e9cran qui acc\u00e8dent \u00e0 votre site sont imm\u00e9diatement invit\u00e9s \u00e0 entrer le profil de lecteur d&#8217;\u00e9cran afin de pouvoir naviguer et utiliser votre site en toute s\u00e9curit\u00e9. Voici comment notre site web r\u00e9pond \u00e0 certaines des exigences les plus importantes en mati\u00e8re de lecture d&#8217;\u00e9cran :<br><br><\/p>\n<p><\/p>\n<p><\/p>\n<ol><p><\/p>\n<li><strong>Optimisation pour les lecteurs d&#8217;\u00e9cran:&nbsp;<\/strong>nous utilisons un processus qui permet de d\u00e9couvrir les composants du site web de fond en comble, afin de garantir une conformit\u00e9 permanente, m\u00eame lors de la mise \u00e0 jour du site web. Dans le cadre de ce processus, nous fournissons aux lecteurs d&#8217;\u00e9cran des donn\u00e9es importantes gr\u00e2ce \u00e0 la s\u00e9rie d&#8217;attributs ARIA. Nous fournissons, par exemple, des \u00e9tiquettes de formulaire pr\u00e9cises, des descriptions pour les ic\u00f4nes exploitables (ic\u00f4nes de m\u00e9dias sociaux, ic\u00f4nes de recherche, ic\u00f4nes de panier, etc.), des conseils de validation pour les saisies de formulaire, des r\u00f4les d&#8217;\u00e9l\u00e9ments tels que les boutons, les menus, les dialogues contextuels (popups), entre autres.&nbsp;<br><br>Le processus d&#8217;arri\u00e8re-plan analyse \u00e9galement toutes les images du site web. Il fournit une description pr\u00e9cise et utile bas\u00e9e sur la reconnaissance de l&#8217;objet de l&#8217;image sous la forme d&#8217;une balise ALT (texte alternatif) pour les images qui ne sont pas d\u00e9crites. Il extrait \u00e9galement les textes incorpor\u00e9s dans l&#8217;image \u00e0 l&#8217;aide d&#8217;une technologie OCR (reconnaissance optique de caract\u00e8res). Les utilisateurs n&#8217;ont qu&#8217;\u00e0 appuyer sur la combinaison de touches Alt+1 pour activer les r\u00e9glages du lecteur d&#8217;\u00e9cran \u00e0 n&#8217;importe quel moment. Les utilisateurs de lecteurs d&#8217;\u00e9cran re\u00e7oivent \u00e9galement des annonces automatiques pour activer le mode lecteur d&#8217;\u00e9cran d\u00e8s qu&#8217;ils entrent sur le site web.<br><br>Ces r\u00e9glages sont compatibles avec les lecteurs d&#8217;\u00e9cran les plus utilis\u00e9s, tels que JAWS, NVDA, VoiceOver et TalkBack.<br><br><\/li>\n<p><\/p>\n<p><\/p>\n<li><strong>Optimisation de la navigation au clavier:&nbsp;<\/strong>Le processus en arri\u00e8re-plan permet \u00e9galement de modifier le code HTML du site web et d&#8217;ajouter divers comportements en utilisant le code JavaScript pour faciliter l&#8217;utilisation du site web \u00e0 l&#8217;aide du clavier. Il est ainsi possible de naviguer sur le site web \u00e0 l&#8217;aide des touches Tab et Shift+Tab, d&#8217;utiliser les menus d\u00e9roulants avec les touches fl\u00e9ch\u00e9es, de les fermer avec \u00c9ch, de cliquer sur les boutons et les liens avec la touche Entr\u00e9e, de naviguer entre les \u00e9l\u00e9ments radio et les cases \u00e0 cocher avec les touches fl\u00e9ch\u00e9es, et de les remplir avec la barre d&#8217;espacement ou la touche Entr\u00e9e.<br><br>Les utilisateurs de clavier trouveront \u00e9galement des menus de navigation disponibles en permanence en cliquant sur Alt+2, ou en tant que premier \u00e9l\u00e9ment du site lorsqu&#8217;ils utilisent le clavier pour naviguer. Le processus d&#8217;arri\u00e8re-plan g\u00e8re \u00e9galement les fen\u00eatres contextuelles activ\u00e9es par le clavier en d\u00e9pla\u00e7ant le curseur vers elles d\u00e8s qu&#8217;elles apparaissent, sans permettre au curseur de d\u00e9river vers l&#8217;ext\u00e9rieur.<br><br>Les utilisateurs peuvent \u00e9galement utiliser des raccourcis tels que \u00ab M \u00bb (menus), \u00ab H \u00bb (titres), \u00ab F \u00bb (formulaires), \u00ab B \u00bb (boutons) et \u00ab G \u00bb (graphiques) pour acc\u00e9der \u00e0 des \u00e9l\u00e9ments sp\u00e9cifiques.<br><br><\/li>\n<p><\/p>\n<\/ol>\n<p><\/p>\n<p><\/p>\n<h3><b>Profils relatifs aux handicaps pris en charge sur notre site web<\/b><\/h3>\n<p><\/p>\n<p><\/p>\n<ul><p><\/p>\n<li><strong>Profil de s\u00e9curit\u00e9 pour les personnes \u00e9pileptiques:<\/strong>&nbsp;ce profil permet aux personnes \u00e9pileptiques d&#8217;utiliser le site web en toute s\u00e9curit\u00e9 en \u00e9liminant le risque de crises d&#8217;\u00e9pilepsie provoqu\u00e9 par des animations lumineuses ou clignotantes et des combinaisons de couleurs risqu\u00e9es.<\/li>\n<p><\/p>\n<p><\/p>\n<li><strong>Profil \u00ab d\u00e9ficience visuelle \u00bb:<\/strong>&nbsp;ce profil permet de modifier le site web afin qu&#8217;il soit accessible \u00e0 la majorit\u00e9 des personnes pr\u00e9sentant des d\u00e9ficiences visuelles, telles que la d\u00e9gradation de la vue, la vision en tunnel, la cataracte, le glaucome, etc.<\/li>\n<p><\/p>\n<p><\/p>\n<li><strong>Profil Handicap cognitif :<\/strong>&nbsp;ce profil permet aux utilisateurs souffrant de handicaps cognitifs tels que l&#8217;autisme, la dyslexie, l&#8217;AVC et d&#8217;autres de se concentrer plus facilement sur les \u00e9l\u00e9ments essentiels.<\/li>\n<p><\/p>\n<p><\/p>\n<li><strong>Profil adapt\u00e9 au TDAH<\/strong>: ce profil r\u00e9duit consid\u00e9rablement les distractions et le bruit pour aider les personnes souffrant de TDAH et de troubles neurod\u00e9veloppementaux \u00e0 naviguer, \u00e0 lire et \u00e0 se concentrer plus facilement sur les \u00e9l\u00e9ments essentiels.<\/li>\n<p><\/p>\n<p><\/p>\n<li><strong>Profil pour utilisateurs aveugles (lecteurs d&#8217;\u00e9cran):<\/strong>&nbsp;ce profil permet de rendre le site web compatible avec les lecteurs d&#8217;\u00e9cran tels que JAWS, NVDA, VoiceOver et TalkBack. Un lecteur d&#8217;\u00e9cran est install\u00e9 sur l&#8217;ordinateur de l&#8217;utilisateur aveugle et le site y est compatible.<\/li>\n<p><\/p>\n<p><\/p>\n<li><strong>Profil de navigation du clavier (handicap\u00e9s moteurs):<\/strong>&nbsp;ce profil permet aux handicap\u00e9s moteurs d&#8217;utiliser le site web en utilisant les touches Tab, Shift+Tab et Entr\u00e9e du clavier. Les utilisateurs peuvent \u00e9galement utiliser des raccourcis tels que \u00ab M \u00bb (menus), \u00ab H \u00bb (titres), \u00ab F \u00bb (formulaires), \u00ab B \u00bb (boutons) et \u00ab G \u00bb (graphiques) pour acc\u00e9der \u00e0 des \u00e9l\u00e9ments sp\u00e9cifiques.<\/li>\n<p><\/p>\n<\/ul>\n<p><\/p>\n<p><\/p>\n<h2><br><\/h2><p><\/p>\n<h3><b>R\u00e9glages suppl\u00e9mentaires de l&#8217;interface utilisateur, de la conception et de la lisibilit\u00e9<\/b><\/h3>\n\n<p><\/p>\n<p><\/p>\n<ol><p><\/p>\n<li><strong>R\u00e9glages&nbsp;de la police&nbsp;\u2013<\/strong>&nbsp;es utilisateurs peuvent augmenter et r\u00e9duire sa taille, changer sa famille (type), r\u00e9gler l&#8217;espacement, l&#8217;alignement,&nbsp; la hauteur de ligne, &nbsp;etc.<\/li>\n<p><\/p>\n<p><\/p>\n<li><strong>R\u00e9glages&nbsp;des couleurs \u2013<\/strong>&nbsp;les utilisateurs peuvent s\u00e9lectionner diff\u00e9rents profils de contraste de couleurs tels que clair, fonc\u00e9, invers\u00e9 et monochrome. Les utilisateurs peuvent \u00e9galement modifier les combinaisons de couleurs des titres, des textes et des arri\u00e8re-plans gr\u00e2ce \u00e0 plus de sept options de coloration diff\u00e9rentes.<\/li>\n<p><\/p>\n<p><\/p>\n<li><strong>Animations \u2013<\/strong>&nbsp;les utilisateurs \u00e9pileptiques peuvent interrompre toutes les animations en cours en cliquant sur un bouton. Les animations g\u00e9r\u00e9es par l&#8217;interface comprennent les vid\u00e9os, les GIF et les transitions CSS clignotantes.<\/li>\n<p><\/p>\n<p><\/p>\n<li><strong>Mise&nbsp;en \u00e9vidence du contenu \u2013<\/strong>&nbsp;les utilisateurs peuvent choisir de mettre en \u00e9vidence des \u00e9l\u00e9ments importants tels que les liens et les titres. Ils peuvent \u00e9galement choisir de ne mettre en \u00e9vidence que les \u00e9l\u00e9ments cibl\u00e9s ou survol\u00e9s.<\/li>\n<p><\/p>\n<p><\/p>\n<li><strong>Mise en sourdine de l&#8217;audio&nbsp;\u2013<\/strong>&nbsp;les utilisateurs de dispositifs auditifs peuvent souffrir de maux de t\u00eate ou d&#8217;autres probl\u00e8mes caus\u00e9s par la lecture automatique de l&#8217;audio. Cette option permet aux utilisateurs de mettre en sourdine l&#8217;ensemble du site web en un instant.<\/li>\n<p><\/p>\n<p><\/p>\n<li><strong>Troubles&nbsp;cognitifs \u2013<\/strong>&nbsp;nous utilisons un moteur de recherche li\u00e9 \u00e0 Wikipedia et Wiktionary, ce qui permet aux personnes souffrant de troubles cognitifs de d\u00e9chiffrer le sens des phrases, des initiales, de l&#8217;argot, etc.<\/li>\n<p><\/p>\n<p><\/p>\n<li><strong>Fonctions suppl\u00e9mentaires&nbsp;<\/strong><strong>\u2013<\/strong>&nbsp;nous permettons aux utilisateurs de modifier la couleur et la taille du curseur, d&#8217;utiliser un mode d&#8217;impression, d&#8217;activer un clavier virtuel et bien d&#8217;autres fonctions.<br><br><\/li>\n<p><\/p>\n<\/ol>\n<p><\/p>\n<p><\/p>\n<h3><b>Technologie d&#8217;assistance et compatibilit\u00e9 avec les navigateurs<\/b><\/h3>\n<p><\/p>\n<p><\/p>\n<p>Nous nous effor\u00e7ons de prendre en charge le plus grand nombre possible de navigateurs et de technologies d&#8217;assistance, afin que nos utilisateurs puissent choisir les outils qui leur conviennent le mieux, avec le minimum de limitations possible. Nous avons donc travaill\u00e9 tr\u00e8s dur pour \u00eatre en mesure de prendre en charge tous les principaux syst\u00e8mes qui repr\u00e9sentent plus de 95 % de la part de march\u00e9 des utilisateurs, notamment Google Chrome, Mozilla Firefox, Apple Safari, Opera et Microsoft Edge, JAWS et NVDA (lecteurs d&#8217;\u00e9cran), autant pour les utilisateurs de Windows que de MAC.<\/p>\n<p><\/p>\n<p><\/p>\n<h2><br><h3><b>Notes, commentaires et retours<\/b><\/h3><\/h2>\n<p><\/p>\n<p><\/p>\n<p>Dans le cadre de nos efforts pour permettre \u00e0 chacun de personnaliser le site web en fonction de ses besoins, il se peut que certaines pages ou sections ne soient pas totalement accessibles, qu&#8217;elles soient en cours d&#8217;accessibilit\u00e9 ou qu&#8217;elles ne disposent pas d&#8217;une solution technologique ad\u00e9quate pour les rendre accessibles. Nous continuons n\u00e9anmoins \u00e0 am\u00e9liorer notre accessibilit\u00e9, en ajoutant, en mettant \u00e0 jour et en am\u00e9liorant ses options et ses fonctionnalit\u00e9s, et en d\u00e9veloppant et en adoptant de nouvelles technologies. Tout cela dans la perspective du d\u00e9veloppement d&#8217;un niveau optimal d&#8217;accessibilit\u00e9 suite aux avanc\u00e9es technologiques. Si vous souhaitez contacter le propri\u00e9taire du site web, veuillez utiliser l&#8217;adresse \u00e9lectronique suivante : &nbsp; lszkodzinski@seliggroup.com.<\/p>\n<p><\/p>\t\t\t\t\t\t<\/div>\n\t\t\t\t<\/div>\n\t\t\t\t\t<\/div>\n\t\t<\/div>\n\t\t\t\t\t<\/div>\n\t\t<\/section>\n\t\t\t\t<\/div>\n\t\t","protected":false},"excerpt":{"rendered":"<p>PAGE D&#8217;ACCUEIL \/ \u00c9nonc\u00e9 d&#8217;accessibilit\u00e9 \u00c9nonc\u00e9 d&#8217;accessibilit\u00e9 Statut de conformit\u00e9 Nous sommes fermement convaincus que l&#8217;Internet devrait \u00eatre disponible et accessible \u00e0 tous et nous nous engageons \u00e0 fournir un site web accessible au public le plus large possible, sans distinction d&#8217;aptitude. Pour ce faire, nous nous effor\u00e7ons de respecter aussi strictement que possible les [&hellip;]<\/p>\n","protected":false},"author":4,"featured_media":0,"parent":0,"menu_order":0,"comment_status":"closed","ping_status":"closed","template":"","meta":{"_acf_changed":false,"inline_featured_image":false,"_monsterinsights_skip_tracking":false,"_monsterinsights_sitenote_active":false,"_monsterinsights_sitenote_note":"","_monsterinsights_sitenote_category":0,"footnotes":"","_links_to":"","_links_to_target":""},"class_list":["post-58045","page","type-page","status-publish","hentry"],"acf":[],"yoast_head":"<!-- This site is optimized with the Yoast SEO plugin v25.1 - https:\/\/yoast.com\/wordpress\/plugins\/seo\/ -->\n<title>\u00c9nonc\u00e9 d&#039;accessibilit\u00e9 - Selig Group<\/title>\n<meta name=\"robots\" content=\"index, follow, max-snippet:-1, max-image-preview:large, max-video-preview:-1\" \/>\n<link rel=\"canonical\" href=\"https:\/\/www.seliggroup.com\/fr\/accessibility-statement\/\" \/>\n<meta property=\"og:locale\" content=\"fr_FR\" \/>\n<meta property=\"og:type\" content=\"article\" \/>\n<meta property=\"og:title\" content=\"\u00c9nonc\u00e9 d&#039;accessibilit\u00e9 - Selig Group\" \/>\n<meta property=\"og:description\" content=\"PAGE D&#8217;ACCUEIL \/ \u00c9nonc\u00e9 d&#8217;accessibilit\u00e9 \u00c9nonc\u00e9 d&#8217;accessibilit\u00e9 Statut de conformit\u00e9 Nous sommes fermement convaincus que l&#8217;Internet devrait \u00eatre disponible et accessible \u00e0 tous et nous nous engageons \u00e0 fournir un site web accessible au public le plus large possible, sans distinction d&#8217;aptitude. Pour ce faire, nous nous effor\u00e7ons de respecter aussi strictement que possible les [&hellip;]\" \/>\n<meta property=\"og:url\" content=\"https:\/\/www.seliggroup.com\/fr\/accessibility-statement\/\" \/>\n<meta property=\"og:site_name\" content=\"Selig Group\" \/>\n<meta property=\"article:modified_time\" content=\"2023-05-05T17:29:05+00:00\" \/>\n<meta name=\"twitter:card\" content=\"summary_large_image\" \/>\n<meta name=\"twitter:label1\" content=\"Dur\u00e9e de lecture estim\u00e9e\" \/>\n\t<meta name=\"twitter:data1\" content=\"8 minutes\" \/>\n<script type=\"application\/ld+json\" class=\"yoast-schema-graph\">{\"@context\":\"https:\/\/schema.org\",\"@graph\":[{\"@type\":\"WebPage\",\"@id\":\"https:\/\/www.seliggroup.com\/fr\/accessibility-statement\/\",\"url\":\"https:\/\/www.seliggroup.com\/fr\/accessibility-statement\/\",\"name\":\"\u00c9nonc\u00e9 d'accessibilit\u00e9 - Selig Group\",\"isPartOf\":{\"@id\":\"https:\/\/www.seliggroup.com\/fr\/#website\"},\"datePublished\":\"2022-09-13T02:01:05+00:00\",\"dateModified\":\"2023-05-05T17:29:05+00:00\",\"breadcrumb\":{\"@id\":\"https:\/\/www.seliggroup.com\/fr\/accessibility-statement\/#breadcrumb\"},\"inLanguage\":\"fr-FR\",\"potentialAction\":[{\"@type\":\"ReadAction\",\"target\":[\"https:\/\/www.seliggroup.com\/fr\/accessibility-statement\/\"]}]},{\"@type\":\"BreadcrumbList\",\"@id\":\"https:\/\/www.seliggroup.com\/fr\/accessibility-statement\/#breadcrumb\",\"itemListElement\":[{\"@type\":\"ListItem\",\"position\":1,\"name\":\"Home\",\"item\":\"https:\/\/www.seliggroup.com\/fr\/\"},{\"@type\":\"ListItem\",\"position\":2,\"name\":\"\u00c9nonc\u00e9 d&#8217;accessibilit\u00e9\"}]},{\"@type\":\"WebSite\",\"@id\":\"https:\/\/www.seliggroup.com\/fr\/#website\",\"url\":\"https:\/\/www.seliggroup.com\/fr\/\",\"name\":\"Selig Group\",\"description\":\"Selig Group is a reliable and experienced partner in the global packaging industry, offering quality sealing, venting, flexible packaging, and protection.\",\"publisher\":{\"@id\":\"https:\/\/www.seliggroup.com\/fr\/#organization\"},\"potentialAction\":[{\"@type\":\"SearchAction\",\"target\":{\"@type\":\"EntryPoint\",\"urlTemplate\":\"https:\/\/www.seliggroup.com\/fr\/?s={search_term_string}\"},\"query-input\":{\"@type\":\"PropertyValueSpecification\",\"valueRequired\":true,\"valueName\":\"search_term_string\"}}],\"inLanguage\":\"fr-FR\"},{\"@type\":\"Organization\",\"@id\":\"https:\/\/www.seliggroup.com\/fr\/#organization\",\"name\":\"Selig Group\",\"alternateName\":\"Selig\",\"url\":\"https:\/\/www.seliggroup.com\/fr\/\",\"logo\":{\"@type\":\"ImageObject\",\"inLanguage\":\"fr-FR\",\"@id\":\"https:\/\/www.seliggroup.com\/fr\/#\/schema\/logo\/image\/\",\"url\":\"https:\/\/www.seliggroup.com\/wp-content\/uploads\/2022\/12\/SeligGroupLogo_CMYK.jpg\",\"contentUrl\":\"https:\/\/www.seliggroup.com\/wp-content\/uploads\/2022\/12\/SeligGroupLogo_CMYK.jpg\",\"width\":720,\"height\":336,\"caption\":\"Selig Group\"},\"image\":{\"@id\":\"https:\/\/www.seliggroup.com\/fr\/#\/schema\/logo\/image\/\"}}]}<\/script>\n<!-- \/ Yoast SEO plugin. -->","yoast_head_json":{"title":"\u00c9nonc\u00e9 d'accessibilit\u00e9 - Selig Group","robots":{"index":"index","follow":"follow","max-snippet":"max-snippet:-1","max-image-preview":"max-image-preview:large","max-video-preview":"max-video-preview:-1"},"canonical":"https:\/\/www.seliggroup.com\/fr\/accessibility-statement\/","og_locale":"fr_FR","og_type":"article","og_title":"\u00c9nonc\u00e9 d'accessibilit\u00e9 - Selig Group","og_description":"PAGE D&#8217;ACCUEIL \/ \u00c9nonc\u00e9 d&#8217;accessibilit\u00e9 \u00c9nonc\u00e9 d&#8217;accessibilit\u00e9 Statut de conformit\u00e9 Nous sommes fermement convaincus que l&#8217;Internet devrait \u00eatre disponible et accessible \u00e0 tous et nous nous engageons \u00e0 fournir un site web accessible au public le plus large possible, sans distinction d&#8217;aptitude. Pour ce faire, nous nous effor\u00e7ons de respecter aussi strictement que possible les [&hellip;]","og_url":"https:\/\/www.seliggroup.com\/fr\/accessibility-statement\/","og_site_name":"Selig Group","article_modified_time":"2023-05-05T17:29:05+00:00","twitter_card":"summary_large_image","twitter_misc":{"Dur\u00e9e de lecture estim\u00e9e":"8 minutes"},"schema":{"@context":"https:\/\/schema.org","@graph":[{"@type":"WebPage","@id":"https:\/\/www.seliggroup.com\/fr\/accessibility-statement\/","url":"https:\/\/www.seliggroup.com\/fr\/accessibility-statement\/","name":"\u00c9nonc\u00e9 d'accessibilit\u00e9 - Selig Group","isPartOf":{"@id":"https:\/\/www.seliggroup.com\/fr\/#website"},"datePublished":"2022-09-13T02:01:05+00:00","dateModified":"2023-05-05T17:29:05+00:00","breadcrumb":{"@id":"https:\/\/www.seliggroup.com\/fr\/accessibility-statement\/#breadcrumb"},"inLanguage":"fr-FR","potentialAction":[{"@type":"ReadAction","target":["https:\/\/www.seliggroup.com\/fr\/accessibility-statement\/"]}]},{"@type":"BreadcrumbList","@id":"https:\/\/www.seliggroup.com\/fr\/accessibility-statement\/#breadcrumb","itemListElement":[{"@type":"ListItem","position":1,"name":"Home","item":"https:\/\/www.seliggroup.com\/fr\/"},{"@type":"ListItem","position":2,"name":"\u00c9nonc\u00e9 d&#8217;accessibilit\u00e9"}]},{"@type":"WebSite","@id":"https:\/\/www.seliggroup.com\/fr\/#website","url":"https:\/\/www.seliggroup.com\/fr\/","name":"Selig Group","description":"Selig Group is a reliable and experienced partner in the global packaging industry, offering quality sealing, venting, flexible packaging, and protection.","publisher":{"@id":"https:\/\/www.seliggroup.com\/fr\/#organization"},"potentialAction":[{"@type":"SearchAction","target":{"@type":"EntryPoint","urlTemplate":"https:\/\/www.seliggroup.com\/fr\/?s={search_term_string}"},"query-input":{"@type":"PropertyValueSpecification","valueRequired":true,"valueName":"search_term_string"}}],"inLanguage":"fr-FR"},{"@type":"Organization","@id":"https:\/\/www.seliggroup.com\/fr\/#organization","name":"Selig Group","alternateName":"Selig","url":"https:\/\/www.seliggroup.com\/fr\/","logo":{"@type":"ImageObject","inLanguage":"fr-FR","@id":"https:\/\/www.seliggroup.com\/fr\/#\/schema\/logo\/image\/","url":"https:\/\/www.seliggroup.com\/wp-content\/uploads\/2022\/12\/SeligGroupLogo_CMYK.jpg","contentUrl":"https:\/\/www.seliggroup.com\/wp-content\/uploads\/2022\/12\/SeligGroupLogo_CMYK.jpg","width":720,"height":336,"caption":"Selig Group"},"image":{"@id":"https:\/\/www.seliggroup.com\/fr\/#\/schema\/logo\/image\/"}}]}},"_links":{"self":[{"href":"https:\/\/www.seliggroup.com\/fr\/wp-json\/wp\/v2\/pages\/58045","targetHints":{"allow":["GET"]}}],"collection":[{"href":"https:\/\/www.seliggroup.com\/fr\/wp-json\/wp\/v2\/pages"}],"about":[{"href":"https:\/\/www.seliggroup.com\/fr\/wp-json\/wp\/v2\/types\/page"}],"author":[{"embeddable":true,"href":"https:\/\/www.seliggroup.com\/fr\/wp-json\/wp\/v2\/users\/4"}],"replies":[{"embeddable":true,"href":"https:\/\/www.seliggroup.com\/fr\/wp-json\/wp\/v2\/comments?post=58045"}],"version-history":[{"count":0,"href":"https:\/\/www.seliggroup.com\/fr\/wp-json\/wp\/v2\/pages\/58045\/revisions"}],"wp:attachment":[{"href":"https:\/\/www.seliggroup.com\/fr\/wp-json\/wp\/v2\/media?parent=58045"}],"curies":[{"name":"wp","href":"https:\/\/api.w.org\/{rel}","templated":true}]}}